{"id":914,"date":"2018-08-23T11:04:42","date_gmt":"2018-08-23T11:04:42","guid":{"rendered":"https:\/\/manufacturer.stylemixthemes.com\/?post_type=product&#038;p=914"},"modified":"2020-06-14T16:34:33","modified_gmt":"2020-06-14T13:34:33","slug":"tekstylia-dla-dzieci","status":"publish","type":"product","link":"https:\/\/afztekstil.com.tr\/pl\/produkt\/tekstylia-dla-dzieci\/","title":{"rendered":"Tekstylia dla Dzieci"},"content":{"rendered":"","protected":false},"excerpt":{"rendered":"<p>W naszej grupie curl produkujemy czapk\u0119, ponczo, pokrowiec i fartuch. W naszej grupie pieluszek produkujemy narzuty dla dzieci, gumowane prze\u015bcierad\u0142a i po\u015bciel. Szczeg\u00f3\u0142y s\u0105 nast\u0119puj\u0105ce.<\/p>\n<ul>\n<li>Produkcja mi\u0119dzy 320 &#8211; 800 gr \/ m2<\/li>\n<li>Zwijane, aksamitne lub waflowe tkaniny<\/li>\n<li>Regulowane rozmiary produkt\u00f3w<\/li>\n<li>konfekcja<\/li>\n<li>Us\u0142uga haftu<\/li>\n<li>Us\u0142uga druku cyfrowego<\/li>\n<li>Wsparcie projektowe<\/li>\n<li>Prywatne oznakowanie<\/li>\n<li>Specjalne wsparcie pakowania<\/li>\n<li>Us\u0142uga przewozowa<\/li>\n<li>Zestawy poszewek na ko\u0142dry<\/li>\n<\/ul>\n","protected":false},"featured_media":1524,"comment_status":"closed","ping_status":"closed","template":"","meta":[],"product_cat":[47],"product_tag":[],"_links":{"self":[{"href":"https:\/\/afztekstil.com.tr\/pl\/wp-json\/wp\/v2\/product\/914"}],"collection":[{"href":"https:\/\/afztekstil.com.tr\/pl\/wp-json\/wp\/v2\/product"}],"about":[{"href":"https:\/\/afztekstil.com.tr\/pl\/wp-json\/wp\/v2\/types\/product"}],"replies":[{"embeddable":true,"href":"https:\/\/afztekstil.com.tr\/pl\/wp-json\/wp\/v2\/comments?post=914"}],"version-history":[{"count":1,"href":"https:\/\/afztekstil.com.tr\/pl\/wp-json\/wp\/v2\/product\/914\/revisions"}],"predecessor-version":[{"id":1850,"href":"https:\/\/afztekstil.com.tr\/pl\/wp-json\/wp\/v2\/product\/914\/revisions\/1850"}],"wp:featuredmedia":[{"embeddable":true,"href":"https:\/\/afztekstil.com.tr\/pl\/wp-json\/wp\/v2\/media\/1524"}],"wp:attachment":[{"href":"https:\/\/afztekstil.com.tr\/pl\/wp-json\/wp\/v2\/media?parent=914"}],"wp:term":[{"taxonomy":"product_cat","embeddable":true,"href":"https:\/\/afztekstil.com.tr\/pl\/wp-json\/wp\/v2\/product_cat?post=914"},{"taxonomy":"product_tag","embeddable":true,"href":"https:\/\/afztekstil.com.tr\/pl\/wp-json\/wp\/v2\/product_tag?post=914"}],"curies":[{"name":"wp","href":"https:\/\/api.w.org\/{rel}","templated":true}]}}