{"id":913,"date":"2018-08-23T11:03:45","date_gmt":"2018-08-23T11:03:45","guid":{"rendered":"https:\/\/manufacturer.stylemixthemes.com\/?post_type=product&#038;p=913"},"modified":"2020-06-14T16:35:48","modified_gmt":"2020-06-14T13:35:48","slug":"tekstylia-domowe","status":"publish","type":"product","link":"https:\/\/afztekstil.com.tr\/pl\/produkt\/tekstylia-domowe\/","title":{"rendered":"Tekstylia Domowe"},"content":{"rendered":"","protected":false},"excerpt":{"rendered":"<p>Produkujemy w grupach r\u0119cznik\u00f3w, maty, szlafroka, po\u015bcieli i po\u015bcieli, a szczeg\u00f3\u0142y s\u0105 nast\u0119puj\u0105ce.<\/p>\n<ul>\n<li>Produkcja od 100 g \/ m2 do 160 g \/ m2 podczas dziania<\/li>\n<li>Produkcja od 320 g \/ m2 do 800 g \/ m2 we tkaniu<\/li>\n<li>Regulowany rozmiar<\/li>\n<li>Skr\u0119cone, aksamitne i waflowe tkaniny<\/li>\n<li>R\u00f3\u017cne opcje kolor\u00f3w<\/li>\n<li>Tkactwo \u017cakardowe lub dobby<\/li>\n<li>Us\u0142uga haftu z logo<\/li>\n<\/ul>\n","protected":false},"featured_media":1409,"comment_status":"closed","ping_status":"closed","template":"","meta":[],"product_cat":[47],"product_tag":[],"_links":{"self":[{"href":"https:\/\/afztekstil.com.tr\/pl\/wp-json\/wp\/v2\/product\/913"}],"collection":[{"href":"https:\/\/afztekstil.com.tr\/pl\/wp-json\/wp\/v2\/product"}],"about":[{"href":"https:\/\/afztekstil.com.tr\/pl\/wp-json\/wp\/v2\/types\/product"}],"replies":[{"embeddable":true,"href":"https:\/\/afztekstil.com.tr\/pl\/wp-json\/wp\/v2\/comments?post=913"}],"version-history":[{"count":2,"href":"https:\/\/afztekstil.com.tr\/pl\/wp-json\/wp\/v2\/product\/913\/revisions"}],"predecessor-version":[{"id":1851,"href":"https:\/\/afztekstil.com.tr\/pl\/wp-json\/wp\/v2\/product\/913\/revisions\/1851"}],"wp:featuredmedia":[{"embeddable":true,"href":"https:\/\/afztekstil.com.tr\/pl\/wp-json\/wp\/v2\/media\/1409"}],"wp:attachment":[{"href":"https:\/\/afztekstil.com.tr\/pl\/wp-json\/wp\/v2\/media?parent=913"}],"wp:term":[{"taxonomy":"product_cat","embeddable":true,"href":"https:\/\/afztekstil.com.tr\/pl\/wp-json\/wp\/v2\/product_cat?post=913"},{"taxonomy":"product_tag","embeddable":true,"href":"https:\/\/afztekstil.com.tr\/pl\/wp-json\/wp\/v2\/product_tag?post=913"}],"curies":[{"name":"wp","href":"https:\/\/api.w.org\/{rel}","templated":true}]}}