{"id":912,"date":"2018-08-23T11:03:08","date_gmt":"2018-08-23T11:03:08","guid":{"rendered":"https:\/\/manufacturer.stylemixthemes.com\/?post_type=product&#038;p=912"},"modified":"2020-06-14T16:36:50","modified_gmt":"2020-06-14T13:36:50","slug":"tekstylia-hotelowe","status":"publish","type":"product","link":"https:\/\/afztekstil.com.tr\/pl\/produkt\/tekstylia-hotelowe\/","title":{"rendered":"Tekstylia Hotelowe"},"content":{"rendered":"","protected":false},"excerpt":{"rendered":"<p>R\u0119czniki z logo, szlafroki, maty, prze\u015bcierad\u0142a i produkty po\u015bcielowe nale\u017c\u0105 do specjalnie produkowanych produkt\u00f3w dla hoteli. Szczeg\u00f3\u0142y s\u0105 nast\u0119puj\u0105ce.<\/p>\n<ul>\n<li>Produkcja tkanin od 145 TC &#8211; 400 TC<\/li>\n<li>Tkaniny w paski \/ g\u0142adkie<\/li>\n<li>Produkcja zwijaj\u0105ca si\u0119 mi\u0119dzy 320 Gsm &#8211; 800 Gsm<\/li>\n<li>Produkcja \u017cakardowa (z logo) lub proste loki<\/li>\n<li>Opcje prz\u0119dzy bawe\u0142nianej, bawe\u0142niano-poliestrowej itp<\/li>\n<li>Optyczne bia\u0142e malowanie<\/li>\n<\/ul>\n","protected":false},"featured_media":1366,"comment_status":"closed","ping_status":"closed","template":"","meta":[],"product_cat":[47],"product_tag":[],"_links":{"self":[{"href":"https:\/\/afztekstil.com.tr\/pl\/wp-json\/wp\/v2\/product\/912"}],"collection":[{"href":"https:\/\/afztekstil.com.tr\/pl\/wp-json\/wp\/v2\/product"}],"about":[{"href":"https:\/\/afztekstil.com.tr\/pl\/wp-json\/wp\/v2\/types\/product"}],"replies":[{"embeddable":true,"href":"https:\/\/afztekstil.com.tr\/pl\/wp-json\/wp\/v2\/comments?post=912"}],"version-history":[{"count":1,"href":"https:\/\/afztekstil.com.tr\/pl\/wp-json\/wp\/v2\/product\/912\/revisions"}],"predecessor-version":[{"id":1852,"href":"https:\/\/afztekstil.com.tr\/pl\/wp-json\/wp\/v2\/product\/912\/revisions\/1852"}],"wp:featuredmedia":[{"embeddable":true,"href":"https:\/\/afztekstil.com.tr\/pl\/wp-json\/wp\/v2\/media\/1366"}],"wp:attachment":[{"href":"https:\/\/afztekstil.com.tr\/pl\/wp-json\/wp\/v2\/media?parent=912"}],"wp:term":[{"taxonomy":"product_cat","embeddable":true,"href":"https:\/\/afztekstil.com.tr\/pl\/wp-json\/wp\/v2\/product_cat?post=912"},{"taxonomy":"product_tag","embeddable":true,"href":"https:\/\/afztekstil.com.tr\/pl\/wp-json\/wp\/v2\/product_tag?post=912"}],"curies":[{"name":"wp","href":"https:\/\/api.w.org\/{rel}","templated":true}]}}