{"id":911,"date":"2018-08-23T11:02:42","date_gmt":"2018-08-23T11:02:42","guid":{"rendered":"https:\/\/manufacturer.stylemixthemes.com\/?post_type=product&#038;p=911"},"modified":"2020-06-14T16:37:33","modified_gmt":"2020-06-14T13:37:33","slug":"plaza-i-spa","status":"publish","type":"product","link":"https:\/\/afztekstil.com.tr\/pl\/produkt\/plaza-i-spa\/","title":{"rendered":"Pla\u017ca i Spa"},"content":{"rendered":"","protected":false},"excerpt":{"rendered":"<p>Nasze produkty o wysokiej ch\u0142onno\u015bci i kr\u00f3tkim czasie schni\u0119cia s\u0105 produkowane specjalnie na pla\u017ce i spa. Szczeg\u00f3\u0142y s\u0105 nast\u0119puj\u0105ce.<\/p>\n<ul>\n<li>Regulowane rozmiary<\/li>\n<li>Produkcja \u017cakardowa<\/li>\n<li>Cyfrowa produkcja drukowana<\/li>\n<li>Produkcja przepask\u00f3w biodrowych<\/li>\n<li>Drukowanie logo dla konkretnej firmy<\/li>\n<\/ul>\n","protected":false},"featured_media":1374,"comment_status":"closed","ping_status":"closed","template":"","meta":[],"product_cat":[47],"product_tag":[],"_links":{"self":[{"href":"https:\/\/afztekstil.com.tr\/pl\/wp-json\/wp\/v2\/product\/911"}],"collection":[{"href":"https:\/\/afztekstil.com.tr\/pl\/wp-json\/wp\/v2\/product"}],"about":[{"href":"https:\/\/afztekstil.com.tr\/pl\/wp-json\/wp\/v2\/types\/product"}],"replies":[{"embeddable":true,"href":"https:\/\/afztekstil.com.tr\/pl\/wp-json\/wp\/v2\/comments?post=911"}],"version-history":[{"count":1,"href":"https:\/\/afztekstil.com.tr\/pl\/wp-json\/wp\/v2\/product\/911\/revisions"}],"predecessor-version":[{"id":1853,"href":"https:\/\/afztekstil.com.tr\/pl\/wp-json\/wp\/v2\/product\/911\/revisions\/1853"}],"wp:featuredmedia":[{"embeddable":true,"href":"https:\/\/afztekstil.com.tr\/pl\/wp-json\/wp\/v2\/media\/1374"}],"wp:attachment":[{"href":"https:\/\/afztekstil.com.tr\/pl\/wp-json\/wp\/v2\/media?parent=911"}],"wp:term":[{"taxonomy":"product_cat","embeddable":true,"href":"https:\/\/afztekstil.com.tr\/pl\/wp-json\/wp\/v2\/product_cat?post=911"},{"taxonomy":"product_tag","embeddable":true,"href":"https:\/\/afztekstil.com.tr\/pl\/wp-json\/wp\/v2\/product_tag?post=911"}],"curies":[{"name":"wp","href":"https:\/\/api.w.org\/{rel}","templated":true}]}}