{"id":1498,"date":"2020-06-02T12:45:05","date_gmt":"2020-06-02T09:45:05","guid":{"rendered":"https:\/\/afztekstil.com.tr\/new2\/?page_id=1498"},"modified":"2020-06-14T16:45:08","modified_gmt":"2020-06-14T13:45:08","slug":"druk-cyfrowy","status":"publish","type":"page","link":"https:\/\/afztekstil.com.tr\/pl\/druk-cyfrowy\/","title":{"rendered":"Druk cyfrowy"},"content":{"rendered":"\t\t<div data-elementor-type=\"wp-page\" data-elementor-id=\"1498\" class=\"elementor elementor-1498\">\n\t\t\t\t\t\t\t\t\t<section class=\"elementor-section elementor-top-section elementor-element elementor-element-f5e8f02 elementor-section-boxed elementor-section-height-default elementor-section-height-default\" data-id=\"f5e8f02\" data-element_type=\"section\">\n\t\t\t\t\t\t<div class=\"elementor-container elementor-column-gap-default\">\n\t\t\t\t\t<div class=\"elementor-column elementor-col-50 elementor-top-column elementor-element elementor-element-0c002ef\" data-id=\"0c002ef\" data-element_type=\"column\">\n\t\t\t<div class=\"elementor-widget-wrap elementor-element-populated\">\n\t\t\t\t\t\t\t\t<div class=\"elementor-element elementor-element-d5da0f5 elementor-widget elementor-widget-image\" data-id=\"d5da0f5\" data-element_type=\"widget\" data-widget_type=\"image.default\">\n\t\t\t\t<div class=\"elementor-widget-container\">\n\t\t\t\t\t\t\t\t\t\t\t\t\t\t\t<img loading=\"lazy\" decoding=\"async\" width=\"543\" height=\"543\" src=\"https:\/\/www.afztekstil.com.tr\/pl\/wp-content\/uploads\/2020\/05\/digital_baski.jpg\" class=\"attachment-woocommerce_single size-woocommerce_single wp-image-1253\" alt=\"\" srcset=\"https:\/\/www.afztekstil.com.tr\/pl\/wp-content\/uploads\/2020\/05\/digital_baski.jpg 543w, https:\/\/www.afztekstil.com.tr\/pl\/wp-content\/uploads\/2020\/05\/digital_baski-300x300.jpg 300w, https:\/\/www.afztekstil.com.tr\/pl\/wp-content\/uploads\/2020\/05\/digital_baski-150x150.jpg 150w, https:\/\/www.afztekstil.com.tr\/pl\/wp-content\/uploads\/2020\/05\/digital_baski-285x285.jpg 285w\" sizes=\"(max-width: 543px) 100vw, 543px\" \/>\t\t\t\t\t\t\t\t\t\t\t\t\t\t\t<\/div>\n\t\t\t\t<\/div>\n\t\t\t\t\t<\/div>\n\t\t<\/div>\n\t\t\t\t<div class=\"elementor-column elementor-col-50 elementor-top-column elementor-element elementor-element-7023051\" data-id=\"7023051\" data-element_type=\"column\">\n\t\t\t<div class=\"elementor-widget-wrap elementor-element-populated\">\n\t\t\t\t\t\t\t\t<div class=\"elementor-element elementor-element-bd39008 elementor-widget elementor-widget-heading\" data-id=\"bd39008\" data-element_type=\"widget\" data-widget_type=\"heading.default\">\n\t\t\t\t<div class=\"elementor-widget-container\">\n\t\t\t<h2 class=\"elementor-heading-title elementor-size-default elementor-heading-title elementor-size-default elementor-align-after-center\">Druk Cyfrowy<\/h2>\t\t<\/div>\n\t\t\t\t<\/div>\n\t\t\t\t<div class=\"elementor-element elementor-element-eb23fc2 elementor-widget elementor-widget-text-editor\" data-id=\"eb23fc2\" data-element_type=\"widget\" data-widget_type=\"text-editor.default\">\n\t\t\t\t<div class=\"elementor-widget-container\">\n\t\t\t\t\t\t\t<p>Nasza cyfrowa maszyna drukarska w naszej firmie ma szeroko\u015b\u0107 drukowania 320 cm. Dzi\u0119ki drobnym detalom naszych nadruk\u00f3w kierujemy przemys\u0142em odzie\u017cy wierzchniej. Dzi\u0119ki szerokiej szeroko\u015bci druku obs\u0142ugujemy tekstylia domowe.<\/p>\t\t\t\t\t\t<\/div>\n\t\t\t\t<\/div>\n\t\t\t\t\t<\/div>\n\t\t<\/div>\n\t\t\t\t\t\t\t<\/div>\n\t\t<\/section>\n\t\t\t\t\t\t\t<\/div>\n\t\t","protected":false},"excerpt":{"rendered":"<p>Druk Cyfrowy Nasza cyfrowa maszyna drukarska w naszej firmie ma szeroko\u015b\u0107 drukowania 320 cm. Dzi\u0119ki drobnym detalom naszych&#8230;<\/p>\n","protected":false},"author":1,"featured_media":0,"parent":0,"menu_order":0,"comment_status":"closed","ping_status":"closed","template":"elementor_header_footer","meta":{"footnotes":""},"_links":{"self":[{"href":"https:\/\/afztekstil.com.tr\/pl\/wp-json\/wp\/v2\/pages\/1498"}],"collection":[{"href":"https:\/\/afztekstil.com.tr\/pl\/wp-json\/wp\/v2\/pages"}],"about":[{"href":"https:\/\/afztekstil.com.tr\/pl\/wp-json\/wp\/v2\/types\/page"}],"author":[{"embeddable":true,"href":"https:\/\/afztekstil.com.tr\/pl\/wp-json\/wp\/v2\/users\/1"}],"replies":[{"embeddable":true,"href":"https:\/\/afztekstil.com.tr\/pl\/wp-json\/wp\/v2\/comments?post=1498"}],"version-history":[{"count":7,"href":"https:\/\/afztekstil.com.tr\/pl\/wp-json\/wp\/v2\/pages\/1498\/revisions"}],"predecessor-version":[{"id":1864,"href":"https:\/\/afztekstil.com.tr\/pl\/wp-json\/wp\/v2\/pages\/1498\/revisions\/1864"}],"wp:attachment":[{"href":"https:\/\/afztekstil.com.tr\/pl\/wp-json\/wp\/v2\/media?parent=1498"}],"curies":[{"name":"wp","href":"https:\/\/api.w.org\/{rel}","templated":true}]}}