{"id":1490,"date":"2020-06-02T12:40:20","date_gmt":"2020-06-02T09:40:20","guid":{"rendered":"https:\/\/afztekstil.com.tr\/new2\/?page_id=1490"},"modified":"2020-06-14T16:38:49","modified_gmt":"2020-06-14T13:38:49","slug":"tkactwo","status":"publish","type":"page","link":"https:\/\/afztekstil.com.tr\/pl\/tkactwo\/","title":{"rendered":"Tkactwo"},"content":{"rendered":"\t\t<div data-elementor-type=\"wp-page\" data-elementor-id=\"1490\" class=\"elementor elementor-1490\">\n\t\t\t\t\t\t\t\t\t<section class=\"elementor-section elementor-top-section elementor-element elementor-element-bd05c22 elementor-section-boxed elementor-section-height-default elementor-section-height-default\" data-id=\"bd05c22\" data-element_type=\"section\">\n\t\t\t\t\t\t<div class=\"elementor-container elementor-column-gap-default\">\n\t\t\t\t\t<div class=\"elementor-column elementor-col-50 elementor-top-column elementor-element elementor-element-865f9f5\" data-id=\"865f9f5\" data-element_type=\"column\">\n\t\t\t<div class=\"elementor-widget-wrap elementor-element-populated\">\n\t\t\t\t\t\t\t\t<div class=\"elementor-element elementor-element-8e6f155 elementor-widget elementor-widget-image\" data-id=\"8e6f155\" data-element_type=\"widget\" data-widget_type=\"image.default\">\n\t\t\t\t<div class=\"elementor-widget-container\">\n\t\t\t\t\t\t\t\t\t\t\t\t\t\t\t<img loading=\"lazy\" decoding=\"async\" width=\"660\" height=\"660\" src=\"https:\/\/www.afztekstil.com.tr\/pl\/wp-content\/uploads\/dokuma-660x660.jpg\" class=\"attachment-woocommerce_single size-woocommerce_single wp-image-1674\" alt=\"\" srcset=\"https:\/\/www.afztekstil.com.tr\/pl\/wp-content\/uploads\/dokuma-660x660.jpg 660w, https:\/\/www.afztekstil.com.tr\/pl\/wp-content\/uploads\/dokuma-300x300.jpg 300w, https:\/\/www.afztekstil.com.tr\/pl\/wp-content\/uploads\/dokuma-150x150.jpg 150w, https:\/\/www.afztekstil.com.tr\/pl\/wp-content\/uploads\/dokuma-285x285.jpg 285w, https:\/\/www.afztekstil.com.tr\/pl\/wp-content\/uploads\/dokuma.jpg 750w\" sizes=\"(max-width: 660px) 100vw, 660px\" \/>\t\t\t\t\t\t\t\t\t\t\t\t\t\t\t<\/div>\n\t\t\t\t<\/div>\n\t\t\t\t\t<\/div>\n\t\t<\/div>\n\t\t\t\t<div class=\"elementor-column elementor-col-50 elementor-top-column elementor-element elementor-element-a43da93\" data-id=\"a43da93\" data-element_type=\"column\">\n\t\t\t<div class=\"elementor-widget-wrap elementor-element-populated\">\n\t\t\t\t\t\t\t\t<div class=\"elementor-element elementor-element-2d38d24 elementor-widget elementor-widget-heading\" data-id=\"2d38d24\" data-element_type=\"widget\" data-widget_type=\"heading.default\">\n\t\t\t\t<div class=\"elementor-widget-container\">\n\t\t\t<h2 class=\"elementor-heading-title elementor-size-default elementor-heading-title elementor-size-default elementor-align-after-center\">Tkactwo <\/h2>\t\t<\/div>\n\t\t\t\t<\/div>\n\t\t\t\t<div class=\"elementor-element elementor-element-fc2ef50 elementor-widget elementor-widget-text-editor\" data-id=\"fc2ef50\" data-element_type=\"widget\" data-widget_type=\"text-editor.default\">\n\t\t\t\t<div class=\"elementor-widget-container\">\n\t\t\t\t\t\t\t<p>W naszej firmie znajduj\u0105 si\u0119 maszyny do r\u0119cznik\u00f3w dobby i \u017cakardowych oraz maszyny do tkania tkanin. Nasze maszyny mog\u0105 produkowa\u0107 od 320 do 800 gr \/ m<sup>2<\/sup>. Nasze oferty produkt\u00f3w do tkania r\u0119cznik\u00f3w to mop szlafrok na r\u0119czniki i grupy lok\u00f3w dla dzieci. Nasze maszyny do tkania tkanin mog\u0105 wytwarza\u0107 od 145 TC do 400 TC. Nasze tkanie tkanin jest na og\u00f3\u0142 na tekstyliach hotelowych i domowych.<\/p>\t\t\t\t\t\t<\/div>\n\t\t\t\t<\/div>\n\t\t\t\t\t<\/div>\n\t\t<\/div>\n\t\t\t\t\t\t\t<\/div>\n\t\t<\/section>\n\t\t\t\t\t\t\t<\/div>\n\t\t","protected":false},"excerpt":{"rendered":"<p>Tkactwo W naszej firmie znajduj\u0105 si\u0119 maszyny do r\u0119cznik\u00f3w dobby i \u017cakardowych oraz maszyny do tkania tkanin. Nasze&#8230;<\/p>\n","protected":false},"author":1,"featured_media":0,"parent":0,"menu_order":0,"comment_status":"closed","ping_status":"closed","template":"elementor_header_footer","meta":{"footnotes":""},"_links":{"self":[{"href":"https:\/\/afztekstil.com.tr\/pl\/wp-json\/wp\/v2\/pages\/1490"}],"collection":[{"href":"https:\/\/afztekstil.com.tr\/pl\/wp-json\/wp\/v2\/pages"}],"about":[{"href":"https:\/\/afztekstil.com.tr\/pl\/wp-json\/wp\/v2\/types\/page"}],"author":[{"embeddable":true,"href":"https:\/\/afztekstil.com.tr\/pl\/wp-json\/wp\/v2\/users\/1"}],"replies":[{"embeddable":true,"href":"https:\/\/afztekstil.com.tr\/pl\/wp-json\/wp\/v2\/comments?post=1490"}],"version-history":[{"count":8,"href":"https:\/\/afztekstil.com.tr\/pl\/wp-json\/wp\/v2\/pages\/1490\/revisions"}],"predecessor-version":[{"id":1856,"href":"https:\/\/afztekstil.com.tr\/pl\/wp-json\/wp\/v2\/pages\/1490\/revisions\/1856"}],"wp:attachment":[{"href":"https:\/\/afztekstil.com.tr\/pl\/wp-json\/wp\/v2\/media?parent=1490"}],"curies":[{"name":"wp","href":"https:\/\/api.w.org\/{rel}","templated":true}]}}