{"id":1441,"date":"2020-06-01T16:43:06","date_gmt":"2020-06-01T13:43:06","guid":{"rendered":"https:\/\/afztekstil.com.tr\/new2\/?page_id=1441"},"modified":"2020-06-14T16:29:36","modified_gmt":"2020-06-14T13:29:36","slug":"nasza-polityka-jakosci-i-energii","status":"publish","type":"page","link":"https:\/\/afztekstil.com.tr\/pl\/nasza-polityka-jakosci-i-energii\/","title":{"rendered":"Nasza Polityka Jako\u015bci I Energii"},"content":{"rendered":"\t\t<div data-elementor-type=\"wp-page\" data-elementor-id=\"1441\" class=\"elementor elementor-1441\">\n\t\t\t\t\t\t\t\t\t<section class=\"elementor-section elementor-top-section elementor-element elementor-element-88898b2 elementor-section-boxed elementor-section-height-default elementor-section-height-default\" data-id=\"88898b2\" data-element_type=\"section\">\n\t\t\t\t\t\t<div class=\"elementor-container elementor-column-gap-default\">\n\t\t\t\t\t<div class=\"elementor-column elementor-col-33 elementor-top-column elementor-element elementor-element-6cc095c\" data-id=\"6cc095c\" data-element_type=\"column\">\n\t\t\t<div class=\"elementor-widget-wrap\">\n\t\t\t\t\t\t\t\t\t<\/div>\n\t\t<\/div>\n\t\t\t\t<div class=\"elementor-column elementor-col-33 elementor-top-column elementor-element elementor-element-fbdcf03\" data-id=\"fbdcf03\" data-element_type=\"column\" data-settings=\"{&quot;background_background&quot;:&quot;classic&quot;}\">\n\t\t\t<div class=\"elementor-widget-wrap elementor-element-populated\">\n\t\t\t\t\t\t\t\t<div class=\"elementor-element elementor-element-1ddb275 elementor-widget elementor-widget-image\" data-id=\"1ddb275\" data-element_type=\"widget\" data-widget_type=\"image.default\">\n\t\t\t\t<div class=\"elementor-widget-container\">\n\t\t\t\t\t\t\t\t\t\t\t\t\t\t\t<img loading=\"lazy\" decoding=\"async\" width=\"100\" height=\"97\" src=\"https:\/\/www.afztekstil.com.tr\/pl\/wp-content\/uploads\/2018\/07\/logo2.png\" class=\"elementor-animation-pop attachment-large size-large wp-image-1185\" alt=\"\" \/>\t\t\t\t\t\t\t\t\t\t\t\t\t\t\t<\/div>\n\t\t\t\t<\/div>\n\t\t\t\t\t<\/div>\n\t\t<\/div>\n\t\t\t\t<div class=\"elementor-column elementor-col-33 elementor-top-column elementor-element elementor-element-9e10781\" data-id=\"9e10781\" data-element_type=\"column\">\n\t\t\t<div class=\"elementor-widget-wrap\">\n\t\t\t\t\t\t\t\t\t<\/div>\n\t\t<\/div>\n\t\t\t\t\t\t\t<\/div>\n\t\t<\/section>\n\t\t\t\t<section class=\"elementor-section elementor-top-section elementor-element elementor-element-89cd081 elementor-section-boxed elementor-section-height-default elementor-section-height-default\" data-id=\"89cd081\" data-element_type=\"section\">\n\t\t\t\t\t\t<div class=\"elementor-container elementor-column-gap-default\">\n\t\t\t\t\t<div class=\"elementor-column elementor-col-100 elementor-top-column elementor-element elementor-element-0bb7186\" data-id=\"0bb7186\" data-element_type=\"column\">\n\t\t\t<div class=\"elementor-widget-wrap elementor-element-populated\">\n\t\t\t\t\t\t\t\t<div class=\"elementor-element elementor-element-0ffc783 elementor-widget elementor-widget-heading\" data-id=\"0ffc783\" data-element_type=\"widget\" data-widget_type=\"heading.default\">\n\t\t\t\t<div class=\"elementor-widget-container\">\n\t\t\t<div class=\"elementor-heading-title elementor-size-xl elementor-heading-title elementor-size-xl elementor-align-after-center\">NASZA POLITYKA JAKO\u015aC\u0130 I ENERGII<\/div>\t\t<\/div>\n\t\t\t\t<\/div>\n\t\t\t\t\t<\/div>\n\t\t<\/div>\n\t\t\t\t\t\t\t<\/div>\n\t\t<\/section>\n\t\t\t\t<section class=\"elementor-section elementor-top-section elementor-element elementor-element-f35f847 elementor-section-boxed elementor-section-height-default elementor-section-height-default\" data-id=\"f35f847\" data-element_type=\"section\">\n\t\t\t\t\t\t<div class=\"elementor-container elementor-column-gap-default\">\n\t\t\t\t\t<div class=\"elementor-column elementor-col-100 elementor-top-column elementor-element elementor-element-338a19d\" data-id=\"338a19d\" data-element_type=\"column\">\n\t\t\t<div class=\"elementor-widget-wrap elementor-element-populated\">\n\t\t\t\t\t\t\t\t<div class=\"elementor-element elementor-element-b35626e elementor-widget elementor-widget-text-editor\" data-id=\"b35626e\" data-element_type=\"widget\" data-widget_type=\"text-editor.default\">\n\t\t\t\t<div class=\"elementor-widget-container\">\n\t\t\t\t\t\t\t<ul><li>Gwarantujemy spe\u0142nienie oczekiwa\u0144 i potrzeb naszych klient\u00f3w w bran\u017cy farbiarskiej i wyko\u0144czeniowej jako firma szanuj\u0105ca \u015brodowisko.<\/li><li>Gwarantujemy przywi\u0105zywanie wagi do wydajno\u015bci i wydajno\u015bci naszych prac oraz do podnoszenia naszej jako\u015bci i wydajno\u015bci energetycznej poprzez ci\u0105g\u0142e doskonalenie.<\/li><li>Gwarantujemy ostro\u017cno\u015b\u0107 w stosowaniu surowc\u00f3w i ograniczaniu zu\u017cycia zasob\u00f3w naturalnych.<\/li><li>Gwarantujemy kontrol\u0119 i zmniejszenie zu\u017cycia energii poprzez wykorzystanie wszystkich niezb\u0119dnych zasob\u00f3w i informacji zgodnie z naszymi celami i zadaniami,<\/li><li>Gwarantujemy uwzgl\u0119dnienie wydajno\u015bci energetycznej przy projektowaniu i modyfikacjach naszych obiekt\u00f3w, urz\u0105dze\u0144, proces\u00f3w,<\/li><li>Gwarantujemy zakup i korzystanie z energooszcz\u0119dnych produkt\u00f3w i us\u0142ug,<\/li><li>Gwarantujemy udzia\u0142 naszych pracownik\u00f3w w dzia\u0142aniach systemu zarz\u0105dzania,<\/li><li>Gwarantujemy zgodno\u015b\u0107 naszych dostawc\u00f3w z ustalon\u0105 polityk\u0105,<\/li><li>Gwarantujemy, zwi\u0119kszaj\u0105c \u015bwiadomo\u015b\u0107 naszych pracownik\u00f3w,<\/li><li>Gwarantujemy, zwi\u0119kszaj\u0105c \u015bwiadomo\u015b\u0107 naszych pracownik\u00f3w, wdra\u017caj\u0105c wymagania norm ISO 9001, ISO 50001 przy udziale wszystkich naszych pracownik\u00f3w i stale je doskonal\u0105c.<\/li><li>Gwarantujemy podj\u0119cie niezb\u0119dnych dzia\u0142a\u0144 w celu poprawy jako\u015bci i ci\u0105g\u0142ego doskonalenia.<\/li><li>\u00a0<\/li><\/ul>\t\t\t\t\t\t<\/div>\n\t\t\t\t<\/div>\n\t\t\t\t\t<\/div>\n\t\t<\/div>\n\t\t\t\t\t\t\t<\/div>\n\t\t<\/section>\n\t\t\t\t<section class=\"elementor-section elementor-top-section elementor-element elementor-element-90aafe3 elementor-section-boxed elementor-section-height-default elementor-section-height-default\" data-id=\"90aafe3\" data-element_type=\"section\">\n\t\t\t\t\t\t<div class=\"elementor-container elementor-column-gap-default\">\n\t\t\t\t\t<div class=\"elementor-column elementor-col-25 elementor-top-column elementor-element elementor-element-e1b261b\" data-id=\"e1b261b\" data-element_type=\"column\">\n\t\t\t<div class=\"elementor-widget-wrap\">\n\t\t\t\t\t\t\t\t\t<\/div>\n\t\t<\/div>\n\t\t\t\t<div class=\"elementor-column elementor-col-25 elementor-top-column elementor-element elementor-element-85d75fe\" data-id=\"85d75fe\" data-element_type=\"column\">\n\t\t\t<div class=\"elementor-widget-wrap\">\n\t\t\t\t\t\t\t\t\t<\/div>\n\t\t<\/div>\n\t\t\t\t<div class=\"elementor-column elementor-col-25 elementor-top-column elementor-element elementor-element-831ed7c\" data-id=\"831ed7c\" data-element_type=\"column\">\n\t\t\t<div class=\"elementor-widget-wrap elementor-element-populated\">\n\t\t\t\t\t\t\t\t<div class=\"elementor-element elementor-element-edca267 elementor-widget elementor-widget-text-editor\" data-id=\"edca267\" data-element_type=\"widget\" data-widget_type=\"text-editor.default\">\n\t\t\t\t<div class=\"elementor-widget-container\">\n\t\t\t\t\t\t\t<p>Fatih ZORA<\/p>\n<p><strong>CEO&nbsp; &nbsp; &nbsp;&nbsp;<\/strong><\/p>\t\t\t\t\t\t<\/div>\n\t\t\t\t<\/div>\n\t\t\t\t\t<\/div>\n\t\t<\/div>\n\t\t\t\t<div class=\"elementor-column elementor-col-25 elementor-top-column elementor-element elementor-element-0d77ea1\" data-id=\"0d77ea1\" data-element_type=\"column\">\n\t\t\t<div class=\"elementor-widget-wrap elementor-element-populated\">\n\t\t\t\t\t\t\t\t<div class=\"elementor-element elementor-element-bd4f8b8 elementor-widget elementor-widget-text-editor\" data-id=\"bd4f8b8\" data-element_type=\"widget\" data-widget_type=\"text-editor.default\">\n\t\t\t\t<div class=\"elementor-widget-container\">\n\t\t\t\t\t\t\t<p>01.08.2018<\/p>\t\t\t\t\t\t<\/div>\n\t\t\t\t<\/div>\n\t\t\t\t\t<\/div>\n\t\t<\/div>\n\t\t\t\t\t\t\t<\/div>\n\t\t<\/section>\n\t\t\t\t\t\t\t<\/div>\n\t\t","protected":false},"excerpt":{"rendered":"<p>NASZA POLITYKA JAKO\u015aC\u0130 I ENERGII Gwarantujemy spe\u0142nienie oczekiwa\u0144 i potrzeb naszych klient\u00f3w w bran\u017cy farbiarskiej i wyko\u0144czeniowej jako&#8230;<\/p>\n","protected":false},"author":1,"featured_media":0,"parent":0,"menu_order":0,"comment_status":"closed","ping_status":"closed","template":"elementor_header_footer","meta":{"footnotes":""},"_links":{"self":[{"href":"https:\/\/afztekstil.com.tr\/pl\/wp-json\/wp\/v2\/pages\/1441"}],"collection":[{"href":"https:\/\/afztekstil.com.tr\/pl\/wp-json\/wp\/v2\/pages"}],"about":[{"href":"https:\/\/afztekstil.com.tr\/pl\/wp-json\/wp\/v2\/types\/page"}],"author":[{"embeddable":true,"href":"https:\/\/afztekstil.com.tr\/pl\/wp-json\/wp\/v2\/users\/1"}],"replies":[{"embeddable":true,"href":"https:\/\/afztekstil.com.tr\/pl\/wp-json\/wp\/v2\/comments?post=1441"}],"version-history":[{"count":27,"href":"https:\/\/afztekstil.com.tr\/pl\/wp-json\/wp\/v2\/pages\/1441\/revisions"}],"predecessor-version":[{"id":1847,"href":"https:\/\/afztekstil.com.tr\/pl\/wp-json\/wp\/v2\/pages\/1441\/revisions\/1847"}],"wp:attachment":[{"href":"https:\/\/afztekstil.com.tr\/pl\/wp-json\/wp\/v2\/media?parent=1441"}],"curies":[{"name":"wp","href":"https:\/\/api.w.org\/{rel}","templated":true}]}}