{"id":1417,"date":"2020-05-27T15:05:59","date_gmt":"2020-05-27T12:05:59","guid":{"rendered":"https:\/\/afztekstil.com.tr\/new2\/?page_id=1417"},"modified":"2020-06-14T16:47:06","modified_gmt":"2020-06-14T13:47:06","slug":"barwniki-tekstylne","status":"publish","type":"page","link":"https:\/\/afztekstil.com.tr\/pl\/barwniki-tekstylne\/","title":{"rendered":"Barwniki tekstylne"},"content":{"rendered":"\t\t<div data-elementor-type=\"wp-page\" data-elementor-id=\"1417\" class=\"elementor elementor-1417\">\n\t\t\t\t\t\t\t\t\t<section class=\"elementor-section elementor-top-section elementor-element elementor-element-583374c elementor-section-boxed elementor-section-height-default elementor-section-height-default\" data-id=\"583374c\" data-element_type=\"section\">\n\t\t\t\t\t\t<div class=\"elementor-container elementor-column-gap-default\">\n\t\t\t\t\t<div class=\"elementor-column elementor-col-100 elementor-top-column elementor-element elementor-element-c1d2d7f\" data-id=\"c1d2d7f\" data-element_type=\"column\">\n\t\t\t<div class=\"elementor-widget-wrap elementor-element-populated\">\n\t\t\t\t\t\t\t\t<div class=\"elementor-element elementor-element-86c3245 elementor-widget elementor-widget-heading\" data-id=\"86c3245\" data-element_type=\"widget\" data-widget_type=\"heading.default\">\n\t\t\t\t<div class=\"elementor-widget-container\">\n\t\t\t<h2 class=\"elementor-heading-title elementor-size-default elementor-heading-title elementor-size-default elementor-align-after-center\">Barwniki tekstylne<\/h2>\t\t<\/div>\n\t\t\t\t<\/div>\n\t\t\t\t<div class=\"elementor-element elementor-element-93c3561 elementor-widget elementor-widget-text-editor\" data-id=\"93c3561\" data-element_type=\"widget\" data-widget_type=\"text-editor.default\">\n\t\t\t\t<div class=\"elementor-widget-container\">\n\t\t\t\t\t\t\t<p>W HT Haspel barwienie tkanin; dzianie (blokada, pr\u0105\u017ckowany \u015bci\u0105gacz, single jersey, koszulka, dwie nitki, trzy nitki, Welsoft) i tkanie (r\u0119cznik, szlafrok, aksamit, tkanina, dzianina osnowowa) bawe\u0142ny, poliestru, poliamidu, wiskozy, tkaniny modalnej, bambusa i ich mieszanek bawe\u0142ny.<\/p><p>W procesie impregnacji; pikowana, domowa tkanina tekstylna (od 100 cm do 320 cm), odzie\u017c wierzchnia (od 160 cm do 240 cm);<\/p><p>Stosujemy malowanie kontraktowe i wyko\u0144czeniowe.<\/p><p>Maszyny HT o wydajno\u015bci od 5 kg do 1600 kg maj\u0105 automatyczny system dozowania i mo\u017cemy farbowa\u0107 25 ton dziennie.<\/p><p>Od 100 cm do 320 cm, nasza otwarta produkcja ma r\u00f3wnie\u017c dzienn\u0105 wydajno\u015b\u0107 10 ton.<\/p><p>Przeprowadzane s\u0105 r\u00f3wnie\u017c merceryzowane i dziane i tkane operacje sanforuj\u0105ce.<\/p><p>Ma szczotk\u0119 w\u0119glow\u0105, podnoszenie i tkanie (rama teaselowa) i mo\u017cna wykona\u0107 skuteczne procesy wyko\u0144czeniowe.<\/p>\t\t\t\t\t\t<\/div>\n\t\t\t\t<\/div>\n\t\t\t\t\t<\/div>\n\t\t<\/div>\n\t\t\t\t\t\t\t<\/div>\n\t\t<\/section>\n\t\t\t\t<section class=\"elementor-section elementor-top-section elementor-element elementor-element-2027360 elementor-section-boxed elementor-section-height-default elementor-section-height-default\" data-id=\"2027360\" data-element_type=\"section\">\n\t\t\t\t\t\t<div class=\"elementor-container elementor-column-gap-default\">\n\t\t\t\t\t<div class=\"elementor-column elementor-col-50 elementor-top-column elementor-element elementor-element-ee98bed\" data-id=\"ee98bed\" data-element_type=\"column\">\n\t\t\t<div class=\"elementor-widget-wrap elementor-element-populated\">\n\t\t\t\t\t\t\t\t<div class=\"elementor-element elementor-element-a035d2d elementor-invisible elementor-widget elementor-widget-heading\" data-id=\"a035d2d\" data-element_type=\"widget\" data-settings=\"{&quot;_animation&quot;:&quot;fadeIn&quot;}\" data-widget_type=\"heading.default\">\n\t\t\t\t<div class=\"elementor-widget-container\">\n\t\t\t<h3 class=\"elementor-heading-title elementor-size-default elementor-heading-title elementor-size-default\">Nasz tor maszyny do farbowania lin;<\/h3>\t\t<\/div>\n\t\t\t\t<\/div>\n\t\t\t\t<div class=\"elementor-element elementor-element-0110890 elementor-invisible elementor-widget elementor-widget-text-editor\" data-id=\"0110890\" data-element_type=\"widget\" data-settings=\"{&quot;_animation&quot;:&quot;fadeIn&quot;}\" data-widget_type=\"text-editor.default\">\n\t\t\t\t<div class=\"elementor-widget-container\">\n\t\t\t\t\t\t\t<ul><li>1 kawa\u0142ek maszyna do farbowania 1600 kg<\/li><li>1 kawa\u0142ek maszyna do farbowania 1000 kg (model 2015)<\/li><li>2-cz\u0119\u015bciowa maszyna do farbowania 800 kg (model 2015)<\/li><li>2-cz\u0119\u015bciowa maszyna do farbowania 600 kg (model 2015)<\/li><li>2-cz\u0119\u015bciowa maszyna do farbowania 400 kg (model 2015)<\/li><li>1 kawa\u0142ek maszyna do farbowania 300 kg (model 2015)<\/li><li>2-cz\u0119\u015bciowa maszyna do farbowania 200 kg (model 2015)<\/li><li>2 szt Maszyna do farbowania 1100 kg (model 2015)<\/li><li>2 szt Maszyna do farbowania 50 kg (model 2015)<\/li><li>2 szt Maszyna do farbowania 25 kg (model 2015)<\/li><li>1 sztuka maszyn\u0119 do farbowania 10 kg<\/li><li>1 od\u015brodkowa zagniatarka<\/li><li>2 wyciskarki do balon\u00f3w<\/li><li>2 urz\u0105dzenie do otwierania liny zgarniaj\u0105cej<\/li><\/ul>\t\t\t\t\t\t<\/div>\n\t\t\t\t<\/div>\n\t\t\t\t\t<\/div>\n\t\t<\/div>\n\t\t\t\t<div class=\"elementor-column elementor-col-50 elementor-top-column elementor-element elementor-element-264141d\" data-id=\"264141d\" data-element_type=\"column\">\n\t\t\t<div class=\"elementor-widget-wrap elementor-element-populated\">\n\t\t\t\t\t\t\t\t<div class=\"elementor-element elementor-element-7bb159b elementor-invisible elementor-widget elementor-widget-heading\" data-id=\"7bb159b\" data-element_type=\"widget\" data-settings=\"{&quot;_animation&quot;:&quot;fadeInDown&quot;}\" data-widget_type=\"heading.default\">\n\t\t\t\t<div class=\"elementor-widget-container\">\n\t\t\t<h3 class=\"elementor-heading-title elementor-size-default elementor-heading-title elementor-size-default elementor-align-after-center\">Nasz tor maszyny do farbowania o otwartej szeroko\u015bci<\/h3>\t\t<\/div>\n\t\t\t\t<\/div>\n\t\t\t\t<div class=\"elementor-element elementor-element-5661f05 elementor-invisible elementor-widget elementor-widget-text-editor\" data-id=\"5661f05\" data-element_type=\"widget\" data-settings=\"{&quot;_animation&quot;:&quot;fadeInUp&quot;}\" data-widget_type=\"text-editor.default\">\n\t\t\t\t<div class=\"elementor-widget-container\">\n\t\t\t\t\t\t\t<ul><li>1 palenie bielenia na zimno (szeroko\u015b\u0107 320 cm)<\/li><li>1 partia pad\u00f3w (szeroko\u015b\u0107 340 cm)<\/li><li>1 partia pad\u00f3w (szeroko\u015b\u0107 220 cm)<\/li><li>1 trybuna (szeroko\u015b\u0107 340 cm)<\/li><li>1 pralka<\/li><\/ul>\t\t\t\t\t\t<\/div>\n\t\t\t\t<\/div>\n\t\t\t\t\t<\/div>\n\t\t<\/div>\n\t\t\t\t\t\t\t<\/div>\n\t\t<\/section>\n\t\t\t\t<section class=\"elementor-section elementor-top-section elementor-element elementor-element-7ebb679 elementor-section-boxed elementor-section-height-default elementor-section-height-default\" data-id=\"7ebb679\" data-element_type=\"section\">\n\t\t\t\t\t\t<div class=\"elementor-container elementor-column-gap-default\">\n\t\t\t\t\t<div class=\"elementor-column elementor-col-50 elementor-top-column elementor-element elementor-element-0d61334\" data-id=\"0d61334\" data-element_type=\"column\">\n\t\t\t<div class=\"elementor-widget-wrap elementor-element-populated\">\n\t\t\t\t\t\t\t\t<div class=\"elementor-element elementor-element-7c8e346 elementor-widget elementor-widget-heading\" data-id=\"7c8e346\" data-element_type=\"widget\" data-widget_type=\"heading.default\">\n\t\t\t\t<div class=\"elementor-widget-container\">\n\t\t\t<h3 class=\"elementor-heading-title elementor-size-xxl elementor-heading-title elementor-size-xxl\">Nasz tor maszyny susz\u0105cej<\/h3>\t\t<\/div>\n\t\t\t\t<\/div>\n\t\t\t\t<div class=\"elementor-element elementor-element-ec3a1ba elementor-widget elementor-widget-text-editor\" data-id=\"ec3a1ba\" data-element_type=\"widget\" data-widget_type=\"text-editor.default\">\n\t\t\t\t<div class=\"elementor-widget-container\">\n\t\t\t\t\t\t\t<ul><li>2 drony<\/li><li>1 poduszka powietrzna<\/li><li>1 maszyna dotykowa biancalani airo 24<\/li><li>Z 1 szalikiem wyko\u0144czeniowym<\/li><li>2-rurowe odka\u017canie<\/li><li>1 otwarta szeroko\u015b\u0107 sanfor<\/li><li>1 bruckner stent 240 cm<\/li><li>1 odcinek brucknera 320 cm<\/li><li>1 maszyna poziomuj\u0105ca<\/li><li>1 maszyna do podnoszenia Welsoft<\/li><li>1 podw\u00f3jna maszyna do podnoszenia b\u0119bna<\/li><li>1 maszyna Liza<\/li><li>\u00a0<\/li><\/ul>\t\t\t\t\t\t<\/div>\n\t\t\t\t<\/div>\n\t\t\t\t\t<\/div>\n\t\t<\/div>\n\t\t\t\t<div class=\"elementor-column elementor-col-50 elementor-top-column elementor-element elementor-element-43d6d66\" data-id=\"43d6d66\" data-element_type=\"column\">\n\t\t\t<div class=\"elementor-widget-wrap elementor-element-populated\">\n\t\t\t\t\t\t\t\t<div class=\"elementor-element elementor-element-84be9c2 elementor-widget elementor-widget-heading\" data-id=\"84be9c2\" data-element_type=\"widget\" data-widget_type=\"heading.default\">\n\t\t\t\t<div class=\"elementor-widget-container\">\n\t\t\t<h3 class=\"elementor-heading-title elementor-size-default elementor-heading-title elementor-size-default\">Surowy Magazyn \u0130 Kontrola Jako\u015bci<\/h3>\t\t<\/div>\n\t\t\t\t<\/div>\n\t\t\t\t<div class=\"elementor-element elementor-element-252dc69 elementor-widget elementor-widget-text-editor\" data-id=\"252dc69\" data-element_type=\"widget\" data-widget_type=\"text-editor.default\">\n\t\t\t\t<div class=\"elementor-widget-container\">\n\t\t\t\t\t\t\t<ul><li>3 Rozpakowanie \u0130 Dok Sarmar<\/li><li>1 Tokarka Do Rur<\/li><li>2-Cz\u0119\u015bciowa Maszyna Do Przygotowywania Przyj\u0119\u0107<\/li><li>2 Sztuki Sk\u0142adanej 4 \u0130 2 Warstwowej Maszyny<\/li><li>2 Maszyny Kalendarzowe<\/li><li>3 Cylindrowe Maszyny Do Nawijania<\/li><\/ul>\t\t\t\t\t\t<\/div>\n\t\t\t\t<\/div>\n\t\t\t\t\t<\/div>\n\t\t<\/div>\n\t\t\t\t\t\t\t<\/div>\n\t\t<\/section>\n\t\t\t\t\t\t\t<\/div>\n\t\t","protected":false},"excerpt":{"rendered":"<p>Barwniki tekstylne W HT Haspel barwienie tkanin; dzianie (blokada, pr\u0105\u017ckowany \u015bci\u0105gacz, single jersey, koszulka, dwie nitki, trzy nitki,&#8230;<\/p>\n","protected":false},"author":1,"featured_media":0,"parent":0,"menu_order":0,"comment_status":"closed","ping_status":"closed","template":"elementor_header_footer","meta":{"footnotes":""},"_links":{"self":[{"href":"https:\/\/afztekstil.com.tr\/pl\/wp-json\/wp\/v2\/pages\/1417"}],"collection":[{"href":"https:\/\/afztekstil.com.tr\/pl\/wp-json\/wp\/v2\/pages"}],"about":[{"href":"https:\/\/afztekstil.com.tr\/pl\/wp-json\/wp\/v2\/types\/page"}],"author":[{"embeddable":true,"href":"https:\/\/afztekstil.com.tr\/pl\/wp-json\/wp\/v2\/users\/1"}],"replies":[{"embeddable":true,"href":"https:\/\/afztekstil.com.tr\/pl\/wp-json\/wp\/v2\/comments?post=1417"}],"version-history":[{"count":10,"href":"https:\/\/afztekstil.com.tr\/pl\/wp-json\/wp\/v2\/pages\/1417\/revisions"}],"predecessor-version":[{"id":1866,"href":"https:\/\/afztekstil.com.tr\/pl\/wp-json\/wp\/v2\/pages\/1417\/revisions\/1866"}],"wp:attachment":[{"href":"https:\/\/afztekstil.com.tr\/pl\/wp-json\/wp\/v2\/media?parent=1417"}],"curies":[{"name":"wp","href":"https:\/\/api.w.org\/{rel}","templated":true}]}}