{"id":913,"date":"2018-08-23T11:03:45","date_gmt":"2018-08-23T11:03:45","guid":{"rendered":"https:\/\/manufacturer.stylemixthemes.com\/?post_type=product&#038;p=913"},"modified":"2021-09-09T16:48:03","modified_gmt":"2021-09-09T13:48:03","slug":"home-textiles","status":"publish","type":"product","link":"https:\/\/afztekstil.com.tr\/en\/product\/home-textiles\/","title":{"rendered":"Home Textiles"},"content":{"rendered":"","protected":false},"excerpt":{"rendered":"<p style=\"margin: 0cm; margin-bottom: .0001pt;\"><span style=\"color: #0e101a;\">We have production in towels, bath mats, bathrobe and bed linen groups&#8217; details are as follows.<\/span><\/p>\n<ul>\n<li>Production between 100 gsm and 160 gsm in knitting<\/li>\n<li>Production between 320 gsm and 900 gsm in weaving<\/li>\n<li>Adjustable size<\/li>\n<li>Terry, velour or waffle fabrics<\/li>\n<li>Various color options<\/li>\n<li>Jacquard or dobby weaving<\/li>\n<li>Logo embroidery service<\/li>\n<\/ul>\n","protected":false},"featured_media":1409,"comment_status":"closed","ping_status":"closed","template":"","meta":[],"product_brand":[],"product_cat":[87,89],"product_tag":[],"class_list":{"0":"post-913","1":"product","2":"type-product","3":"status-publish","4":"has-post-thumbnail","6":"product_cat-baby-textile","7":"product_cat-hotel-textile","9":"first","10":"instock","11":"shipping-taxable","12":"product-type-simple"},"yoast_head":"<!-- This site is optimized with the Yoast SEO plugin v24.5 - https:\/\/yoast.com\/wordpress\/plugins\/seo\/ -->\n<title>Home Textiles - Afz Tekstil Tar\u0131m \u00dcr\u00fcnleri Madencilik San.ve Tic. A.\u015e<\/title>\n<meta name=\"robots\" content=\"index, follow, max-snippet:-1, max-image-preview:large, max-video-preview:-1\" \/>\n<link rel=\"canonical\" href=\"https:\/\/afztekstil.com.tr\/en\/product\/home-textiles\/\" \/>\n<meta property=\"og:locale\" content=\"en_US\" \/>\n<meta property=\"og:type\" content=\"article\" \/>\n<meta property=\"og:title\" content=\"Home Textiles - Afz Tekstil Tar\u0131m \u00dcr\u00fcnleri Madencilik San.ve Tic. A.\u015e\" \/>\n<meta property=\"og:description\" content=\"We have production in towels, bath mats, bathrobe and bed linen groups&#039; details are as follows.    Production between 100 gsm and 160 gsm in knitting  Production between 320 gsm and 900 gsm in weaving  Adjustable size  Terry, velour or waffle fabrics  Various color options  Jacquard or dobby weaving  Logo embroidery service\" \/>\n<meta property=\"og:url\" content=\"https:\/\/afztekstil.com.tr\/en\/product\/home-textiles\/\" \/>\n<meta property=\"og:site_name\" content=\"Afz Tekstil Tar\u0131m \u00dcr\u00fcnleri Madencilik San.ve Tic. A.\u015e\" \/>\n<meta property=\"article:modified_time\" content=\"2021-09-09T13:48:03+00:00\" \/>\n<meta property=\"og:image\" content=\"https:\/\/www.afztekstil.com.tr\/en\/wp-content\/uploads\/2018\/08\/hometextile03.jpg\" \/>\n\t<meta property=\"og:image:width\" content=\"1600\" \/>\n\t<meta property=\"og:image:height\" content=\"1280\" \/>\n\t<meta property=\"og:image:type\" content=\"image\/jpeg\" \/>\n<meta name=\"twitter:card\" content=\"summary_large_image\" \/>\n<script type=\"application\/ld+json\" class=\"yoast-schema-graph\">{\"@context\":\"https:\/\/schema.org\",\"@graph\":[{\"@type\":\"WebPage\",\"@id\":\"https:\/\/afztekstil.com.tr\/en\/product\/home-textiles\/\",\"url\":\"https:\/\/afztekstil.com.tr\/en\/product\/home-textiles\/\",\"name\":\"Home Textiles - Afz Tekstil Tar\u0131m \u00dcr\u00fcnleri Madencilik San.ve Tic. A.\u015e\",\"isPartOf\":{\"@id\":\"https:\/\/afztekstil.com.tr\/en\/#website\"},\"primaryImageOfPage\":{\"@id\":\"https:\/\/afztekstil.com.tr\/en\/product\/home-textiles\/#primaryimage\"},\"image\":{\"@id\":\"https:\/\/afztekstil.com.tr\/en\/product\/home-textiles\/#primaryimage\"},\"thumbnailUrl\":\"https:\/\/www.afztekstil.com.tr\/en\/wp-content\/uploads\/2018\/08\/hometextile03.jpg\",\"datePublished\":\"2018-08-23T11:03:45+00:00\",\"dateModified\":\"2021-09-09T13:48:03+00:00\",\"breadcrumb\":{\"@id\":\"https:\/\/afztekstil.com.tr\/en\/product\/home-textiles\/#breadcrumb\"},\"inLanguage\":\"en-US\",\"potentialAction\":[{\"@type\":\"ReadAction\",\"target\":[\"https:\/\/afztekstil.com.tr\/en\/product\/home-textiles\/\"]}]},{\"@type\":\"ImageObject\",\"inLanguage\":\"en-US\",\"@id\":\"https:\/\/afztekstil.com.tr\/en\/product\/home-textiles\/#primaryimage\",\"url\":\"https:\/\/www.afztekstil.com.tr\/en\/wp-content\/uploads\/2018\/08\/hometextile03.jpg\",\"contentUrl\":\"https:\/\/www.afztekstil.com.tr\/en\/wp-content\/uploads\/2018\/08\/hometextile03.jpg\",\"width\":1600,\"height\":1280},{\"@type\":\"BreadcrumbList\",\"@id\":\"https:\/\/afztekstil.com.tr\/en\/product\/home-textiles\/#breadcrumb\",\"itemListElement\":[{\"@type\":\"ListItem\",\"position\":1,\"name\":\"Home\",\"item\":\"https:\/\/afztekstil.com.tr\/en\/\"},{\"@type\":\"ListItem\",\"position\":2,\"name\":\"Products\",\"item\":\"https:\/\/afztekstil.com.tr\/en\/shop\/\"},{\"@type\":\"ListItem\",\"position\":3,\"name\":\"Home Textiles\"}]},{\"@type\":\"WebSite\",\"@id\":\"https:\/\/afztekstil.com.tr\/en\/#website\",\"url\":\"https:\/\/afztekstil.com.tr\/en\/\",\"name\":\"Afz Tekstil Tar\u0131m \u00dcr\u00fcnleri Madencilik San.ve Tic. A.\u015e\",\"description\":\"Boya | Apre | Ev Tekstili | Otel Tekstili\",\"potentialAction\":[{\"@type\":\"SearchAction\",\"target\":{\"@type\":\"EntryPoint\",\"urlTemplate\":\"https:\/\/afztekstil.com.tr\/en\/?s={search_term_string}\"},\"query-input\":{\"@type\":\"PropertyValueSpecification\",\"valueRequired\":true,\"valueName\":\"search_term_string\"}}],\"inLanguage\":\"en-US\"}]}<\/script>\n<!-- \/ Yoast SEO plugin. -->","yoast_head_json":{"title":"Home Textiles - Afz Tekstil Tar\u0131m \u00dcr\u00fcnleri Madencilik San.ve Tic. A.\u015e","robots":{"index":"index","follow":"follow","max-snippet":"max-snippet:-1","max-image-preview":"max-image-preview:large","max-video-preview":"max-video-preview:-1"},"canonical":"https:\/\/afztekstil.com.tr\/en\/product\/home-textiles\/","og_locale":"en_US","og_type":"article","og_title":"Home Textiles - Afz Tekstil Tar\u0131m \u00dcr\u00fcnleri Madencilik San.ve Tic. A.\u015e","og_description":"We have production in towels, bath mats, bathrobe and bed linen groups' details are as follows.    Production between 100 gsm and 160 gsm in knitting  Production between 320 gsm and 900 gsm in weaving  Adjustable size  Terry, velour or waffle fabrics  Various color options  Jacquard or dobby weaving  Logo embroidery service","og_url":"https:\/\/afztekstil.com.tr\/en\/product\/home-textiles\/","og_site_name":"Afz Tekstil Tar\u0131m \u00dcr\u00fcnleri Madencilik San.ve Tic. A.\u015e","article_modified_time":"2021-09-09T13:48:03+00:00","og_image":[{"width":1600,"height":1280,"url":"https:\/\/www.afztekstil.com.tr\/en\/wp-content\/uploads\/2018\/08\/hometextile03.jpg","type":"image\/jpeg"}],"twitter_card":"summary_large_image","schema":{"@context":"https:\/\/schema.org","@graph":[{"@type":"WebPage","@id":"https:\/\/afztekstil.com.tr\/en\/product\/home-textiles\/","url":"https:\/\/afztekstil.com.tr\/en\/product\/home-textiles\/","name":"Home Textiles - Afz Tekstil Tar\u0131m \u00dcr\u00fcnleri Madencilik San.ve Tic. A.\u015e","isPartOf":{"@id":"https:\/\/afztekstil.com.tr\/en\/#website"},"primaryImageOfPage":{"@id":"https:\/\/afztekstil.com.tr\/en\/product\/home-textiles\/#primaryimage"},"image":{"@id":"https:\/\/afztekstil.com.tr\/en\/product\/home-textiles\/#primaryimage"},"thumbnailUrl":"https:\/\/www.afztekstil.com.tr\/en\/wp-content\/uploads\/2018\/08\/hometextile03.jpg","datePublished":"2018-08-23T11:03:45+00:00","dateModified":"2021-09-09T13:48:03+00:00","breadcrumb":{"@id":"https:\/\/afztekstil.com.tr\/en\/product\/home-textiles\/#breadcrumb"},"inLanguage":"en-US","potentialAction":[{"@type":"ReadAction","target":["https:\/\/afztekstil.com.tr\/en\/product\/home-textiles\/"]}]},{"@type":"ImageObject","inLanguage":"en-US","@id":"https:\/\/afztekstil.com.tr\/en\/product\/home-textiles\/#primaryimage","url":"https:\/\/www.afztekstil.com.tr\/en\/wp-content\/uploads\/2018\/08\/hometextile03.jpg","contentUrl":"https:\/\/www.afztekstil.com.tr\/en\/wp-content\/uploads\/2018\/08\/hometextile03.jpg","width":1600,"height":1280},{"@type":"BreadcrumbList","@id":"https:\/\/afztekstil.com.tr\/en\/product\/home-textiles\/#breadcrumb","itemListElement":[{"@type":"ListItem","position":1,"name":"Home","item":"https:\/\/afztekstil.com.tr\/en\/"},{"@type":"ListItem","position":2,"name":"Products","item":"https:\/\/afztekstil.com.tr\/en\/shop\/"},{"@type":"ListItem","position":3,"name":"Home Textiles"}]},{"@type":"WebSite","@id":"https:\/\/afztekstil.com.tr\/en\/#website","url":"https:\/\/afztekstil.com.tr\/en\/","name":"Afz Tekstil Tar\u0131m \u00dcr\u00fcnleri Madencilik San.ve Tic. A.\u015e","description":"Boya | Apre | Ev Tekstili | Otel Tekstili","potentialAction":[{"@type":"SearchAction","target":{"@type":"EntryPoint","urlTemplate":"https:\/\/afztekstil.com.tr\/en\/?s={search_term_string}"},"query-input":{"@type":"PropertyValueSpecification","valueRequired":true,"valueName":"search_term_string"}}],"inLanguage":"en-US"}]}},"_links":{"self":[{"href":"https:\/\/afztekstil.com.tr\/en\/wp-json\/wp\/v2\/product\/913","targetHints":{"allow":["GET"]}}],"collection":[{"href":"https:\/\/afztekstil.com.tr\/en\/wp-json\/wp\/v2\/product"}],"about":[{"href":"https:\/\/afztekstil.com.tr\/en\/wp-json\/wp\/v2\/types\/product"}],"replies":[{"embeddable":true,"href":"https:\/\/afztekstil.com.tr\/en\/wp-json\/wp\/v2\/comments?post=913"}],"version-history":[{"count":4,"href":"https:\/\/afztekstil.com.tr\/en\/wp-json\/wp\/v2\/product\/913\/revisions"}],"predecessor-version":[{"id":2212,"href":"https:\/\/afztekstil.com.tr\/en\/wp-json\/wp\/v2\/product\/913\/revisions\/2212"}],"wp:featuredmedia":[{"embeddable":true,"href":"https:\/\/afztekstil.com.tr\/en\/wp-json\/wp\/v2\/media\/1409"}],"wp:attachment":[{"href":"https:\/\/afztekstil.com.tr\/en\/wp-json\/wp\/v2\/media?parent=913"}],"wp:term":[{"taxonomy":"product_brand","embeddable":true,"href":"https:\/\/afztekstil.com.tr\/en\/wp-json\/wp\/v2\/product_brand?post=913"},{"taxonomy":"product_cat","embeddable":true,"href":"https:\/\/afztekstil.com.tr\/en\/wp-json\/wp\/v2\/product_cat?post=913"},{"taxonomy":"product_tag","embeddable":true,"href":"https:\/\/afztekstil.com.tr\/en\/wp-json\/wp\/v2\/product_tag?post=913"}],"curies":[{"name":"wp","href":"https:\/\/api.w.org\/{rel}","templated":true}]}}