{"id":2140,"date":"2021-08-23T11:36:57","date_gmt":"2021-08-23T08:36:57","guid":{"rendered":"https:\/\/www.afztekstil.com.tr\/en\/?post_type=product&#038;p=2140"},"modified":"2021-08-23T11:37:37","modified_gmt":"2021-08-23T08:37:37","slug":"nk15-1-hooded-towel","status":"publish","type":"product","link":"https:\/\/afztekstil.com.tr\/en\/product\/nk15-1-hooded-towel\/","title":{"rendered":"NK15-1 Hooded Towel"},"content":{"rendered":"","protected":false},"excerpt":{"rendered":"<p>Fabric : Terry Pique<\/p>\n<p>Content : %100 Cotton<\/p>\n<p>Fabric Gsm : 380<\/p>\n<p>Color Code : OCBYZ-0057 \/ White<\/p>\n<p>Trimming Code : BY6-1<\/p>\n<p>Size : 100*100 cm<\/p>\n","protected":false},"featured_media":0,"comment_status":"closed","ping_status":"closed","template":"","meta":[],"product_brand":[],"product_cat":[91],"product_tag":[],"class_list":{"0":"post-2140","1":"product","2":"type-product","3":"status-publish","5":"product_cat-hooded-towel","7":"first","8":"instock","9":"shipping-taxable","10":"product-type-simple"},"yoast_head":"<!-- This site is optimized with the Yoast SEO plugin v24.5 - https:\/\/yoast.com\/wordpress\/plugins\/seo\/ -->\n<title>NK15-1 Hooded Towel - Afz Tekstil Tar\u0131m \u00dcr\u00fcnleri Madencilik San.ve Tic. A.\u015e<\/title>\n<meta name=\"robots\" content=\"index, follow, max-snippet:-1, max-image-preview:large, max-video-preview:-1\" \/>\n<link rel=\"canonical\" href=\"https:\/\/afztekstil.com.tr\/en\/product\/nk15-1-hooded-towel\/\" \/>\n<meta property=\"og:locale\" content=\"en_US\" \/>\n<meta property=\"og:type\" content=\"article\" \/>\n<meta property=\"og:title\" content=\"NK15-1 Hooded Towel - Afz Tekstil Tar\u0131m \u00dcr\u00fcnleri Madencilik San.ve Tic. A.\u015e\" \/>\n<meta property=\"og:description\" content=\"Fabric : Terry Pique  Content : %100 Cotton  Fabric Gsm : 380  Color Code : OCBYZ-0057 \/ White  Trimming Code : BY6-1  Size : 100*100 cm\" \/>\n<meta property=\"og:url\" content=\"https:\/\/afztekstil.com.tr\/en\/product\/nk15-1-hooded-towel\/\" \/>\n<meta property=\"og:site_name\" content=\"Afz Tekstil Tar\u0131m \u00dcr\u00fcnleri Madencilik San.ve Tic. A.\u015e\" \/>\n<meta property=\"article:modified_time\" content=\"2021-08-23T08:37:37+00:00\" \/>\n<meta name=\"twitter:card\" content=\"summary_large_image\" \/>\n<script type=\"application\/ld+json\" class=\"yoast-schema-graph\">{\"@context\":\"https:\/\/schema.org\",\"@graph\":[{\"@type\":\"WebPage\",\"@id\":\"https:\/\/afztekstil.com.tr\/en\/product\/nk15-1-hooded-towel\/\",\"url\":\"https:\/\/afztekstil.com.tr\/en\/product\/nk15-1-hooded-towel\/\",\"name\":\"NK15-1 Hooded Towel - Afz Tekstil Tar\u0131m \u00dcr\u00fcnleri Madencilik San.ve Tic. A.\u015e\",\"isPartOf\":{\"@id\":\"https:\/\/afztekstil.com.tr\/en\/#website\"},\"datePublished\":\"2021-08-23T08:36:57+00:00\",\"dateModified\":\"2021-08-23T08:37:37+00:00\",\"breadcrumb\":{\"@id\":\"https:\/\/afztekstil.com.tr\/en\/product\/nk15-1-hooded-towel\/#breadcrumb\"},\"inLanguage\":\"en-US\",\"potentialAction\":[{\"@type\":\"ReadAction\",\"target\":[\"https:\/\/afztekstil.com.tr\/en\/product\/nk15-1-hooded-towel\/\"]}]},{\"@type\":\"BreadcrumbList\",\"@id\":\"https:\/\/afztekstil.com.tr\/en\/product\/nk15-1-hooded-towel\/#breadcrumb\",\"itemListElement\":[{\"@type\":\"ListItem\",\"position\":1,\"name\":\"Home\",\"item\":\"https:\/\/afztekstil.com.tr\/en\/\"},{\"@type\":\"ListItem\",\"position\":2,\"name\":\"Products\",\"item\":\"https:\/\/afztekstil.com.tr\/en\/shop\/\"},{\"@type\":\"ListItem\",\"position\":3,\"name\":\"NK15-1 Hooded Towel\"}]},{\"@type\":\"WebSite\",\"@id\":\"https:\/\/afztekstil.com.tr\/en\/#website\",\"url\":\"https:\/\/afztekstil.com.tr\/en\/\",\"name\":\"Afz Tekstil Tar\u0131m \u00dcr\u00fcnleri Madencilik San.ve Tic. A.\u015e\",\"description\":\"Boya | Apre | Ev Tekstili | Otel Tekstili\",\"potentialAction\":[{\"@type\":\"SearchAction\",\"target\":{\"@type\":\"EntryPoint\",\"urlTemplate\":\"https:\/\/afztekstil.com.tr\/en\/?s={search_term_string}\"},\"query-input\":{\"@type\":\"PropertyValueSpecification\",\"valueRequired\":true,\"valueName\":\"search_term_string\"}}],\"inLanguage\":\"en-US\"}]}<\/script>\n<!-- \/ Yoast SEO plugin. -->","yoast_head_json":{"title":"NK15-1 Hooded Towel - Afz Tekstil Tar\u0131m \u00dcr\u00fcnleri Madencilik San.ve Tic. A.\u015e","robots":{"index":"index","follow":"follow","max-snippet":"max-snippet:-1","max-image-preview":"max-image-preview:large","max-video-preview":"max-video-preview:-1"},"canonical":"https:\/\/afztekstil.com.tr\/en\/product\/nk15-1-hooded-towel\/","og_locale":"en_US","og_type":"article","og_title":"NK15-1 Hooded Towel - Afz Tekstil Tar\u0131m \u00dcr\u00fcnleri Madencilik San.ve Tic. A.\u015e","og_description":"Fabric : Terry Pique  Content : %100 Cotton  Fabric Gsm : 380  Color Code : OCBYZ-0057 \/ White  Trimming Code : BY6-1  Size : 100*100 cm","og_url":"https:\/\/afztekstil.com.tr\/en\/product\/nk15-1-hooded-towel\/","og_site_name":"Afz Tekstil Tar\u0131m \u00dcr\u00fcnleri Madencilik San.ve Tic. A.\u015e","article_modified_time":"2021-08-23T08:37:37+00:00","twitter_card":"summary_large_image","schema":{"@context":"https:\/\/schema.org","@graph":[{"@type":"WebPage","@id":"https:\/\/afztekstil.com.tr\/en\/product\/nk15-1-hooded-towel\/","url":"https:\/\/afztekstil.com.tr\/en\/product\/nk15-1-hooded-towel\/","name":"NK15-1 Hooded Towel - Afz Tekstil Tar\u0131m \u00dcr\u00fcnleri Madencilik San.ve Tic. A.\u015e","isPartOf":{"@id":"https:\/\/afztekstil.com.tr\/en\/#website"},"datePublished":"2021-08-23T08:36:57+00:00","dateModified":"2021-08-23T08:37:37+00:00","breadcrumb":{"@id":"https:\/\/afztekstil.com.tr\/en\/product\/nk15-1-hooded-towel\/#breadcrumb"},"inLanguage":"en-US","potentialAction":[{"@type":"ReadAction","target":["https:\/\/afztekstil.com.tr\/en\/product\/nk15-1-hooded-towel\/"]}]},{"@type":"BreadcrumbList","@id":"https:\/\/afztekstil.com.tr\/en\/product\/nk15-1-hooded-towel\/#breadcrumb","itemListElement":[{"@type":"ListItem","position":1,"name":"Home","item":"https:\/\/afztekstil.com.tr\/en\/"},{"@type":"ListItem","position":2,"name":"Products","item":"https:\/\/afztekstil.com.tr\/en\/shop\/"},{"@type":"ListItem","position":3,"name":"NK15-1 Hooded Towel"}]},{"@type":"WebSite","@id":"https:\/\/afztekstil.com.tr\/en\/#website","url":"https:\/\/afztekstil.com.tr\/en\/","name":"Afz Tekstil Tar\u0131m \u00dcr\u00fcnleri Madencilik San.ve Tic. A.\u015e","description":"Boya | Apre | Ev Tekstili | Otel Tekstili","potentialAction":[{"@type":"SearchAction","target":{"@type":"EntryPoint","urlTemplate":"https:\/\/afztekstil.com.tr\/en\/?s={search_term_string}"},"query-input":{"@type":"PropertyValueSpecification","valueRequired":true,"valueName":"search_term_string"}}],"inLanguage":"en-US"}]}},"_links":{"self":[{"href":"https:\/\/afztekstil.com.tr\/en\/wp-json\/wp\/v2\/product\/2140","targetHints":{"allow":["GET"]}}],"collection":[{"href":"https:\/\/afztekstil.com.tr\/en\/wp-json\/wp\/v2\/product"}],"about":[{"href":"https:\/\/afztekstil.com.tr\/en\/wp-json\/wp\/v2\/types\/product"}],"replies":[{"embeddable":true,"href":"https:\/\/afztekstil.com.tr\/en\/wp-json\/wp\/v2\/comments?post=2140"}],"version-history":[{"count":1,"href":"https:\/\/afztekstil.com.tr\/en\/wp-json\/wp\/v2\/product\/2140\/revisions"}],"predecessor-version":[{"id":2141,"href":"https:\/\/afztekstil.com.tr\/en\/wp-json\/wp\/v2\/product\/2140\/revisions\/2141"}],"wp:attachment":[{"href":"https:\/\/afztekstil.com.tr\/en\/wp-json\/wp\/v2\/media?parent=2140"}],"wp:term":[{"taxonomy":"product_brand","embeddable":true,"href":"https:\/\/afztekstil.com.tr\/en\/wp-json\/wp\/v2\/product_brand?post=2140"},{"taxonomy":"product_cat","embeddable":true,"href":"https:\/\/afztekstil.com.tr\/en\/wp-json\/wp\/v2\/product_cat?post=2140"},{"taxonomy":"product_tag","embeddable":true,"href":"https:\/\/afztekstil.com.tr\/en\/wp-json\/wp\/v2\/product_tag?post=2140"}],"curies":[{"name":"wp","href":"https:\/\/api.w.org\/{rel}","templated":true}]}}