{"id":2038,"date":"2021-08-21T23:45:25","date_gmt":"2021-08-21T20:45:25","guid":{"rendered":"https:\/\/www.afztekstil.com.tr\/en\/?post_type=product&#038;p=2038"},"modified":"2021-08-21T23:45:47","modified_gmt":"2021-08-21T20:45:47","slug":"nk14-1-hooded-towel","status":"publish","type":"product","link":"https:\/\/afztekstil.com.tr\/en\/product\/nk14-1-hooded-towel\/","title":{"rendered":"NK14-1 Hooded Towel"},"content":{"rendered":"","protected":false},"excerpt":{"rendered":"<p>Fabric : Terry Bamboo Hemp<\/p>\n<p>Content : %60 Bamboo %40 Hemp<\/p>\n<p>Fabric Gsm : 350<\/p>\n<p>Color Code : Natur (Non-Dyed)<\/p>\n<p>Trimming Code : Ecru<\/p>\n<p>Size : 100*100 cm<\/p>\n","protected":false},"featured_media":0,"comment_status":"closed","ping_status":"closed","template":"","meta":[],"product_brand":[],"product_cat":[91],"product_tag":[],"class_list":{"0":"post-2038","1":"product","2":"type-product","3":"status-publish","5":"product_cat-hooded-towel","7":"first","8":"instock","9":"shipping-taxable","10":"product-type-simple"},"yoast_head":"<!-- This site is optimized with the Yoast SEO plugin v24.5 - https:\/\/yoast.com\/wordpress\/plugins\/seo\/ -->\n<title>NK14-1 Hooded Towel - Afz Tekstil Tar\u0131m \u00dcr\u00fcnleri Madencilik San.ve Tic. A.\u015e<\/title>\n<meta name=\"robots\" content=\"index, follow, max-snippet:-1, max-image-preview:large, max-video-preview:-1\" \/>\n<link rel=\"canonical\" href=\"https:\/\/afztekstil.com.tr\/en\/product\/nk14-1-hooded-towel\/\" \/>\n<meta property=\"og:locale\" content=\"en_US\" \/>\n<meta property=\"og:type\" content=\"article\" \/>\n<meta property=\"og:title\" content=\"NK14-1 Hooded Towel - Afz Tekstil Tar\u0131m \u00dcr\u00fcnleri Madencilik San.ve Tic. A.\u015e\" \/>\n<meta property=\"og:description\" content=\"Fabric : Terry Bamboo Hemp  Content : %60 Bamboo %40 Hemp  Fabric Gsm : 350  Color Code : Natur (Non-Dyed)  Trimming Code : Ecru  Size : 100*100 cm\" \/>\n<meta property=\"og:url\" content=\"https:\/\/afztekstil.com.tr\/en\/product\/nk14-1-hooded-towel\/\" \/>\n<meta property=\"og:site_name\" content=\"Afz Tekstil Tar\u0131m \u00dcr\u00fcnleri Madencilik San.ve Tic. A.\u015e\" \/>\n<meta property=\"article:modified_time\" content=\"2021-08-21T20:45:47+00:00\" \/>\n<meta name=\"twitter:card\" content=\"summary_large_image\" \/>\n<script type=\"application\/ld+json\" class=\"yoast-schema-graph\">{\"@context\":\"https:\/\/schema.org\",\"@graph\":[{\"@type\":\"WebPage\",\"@id\":\"https:\/\/afztekstil.com.tr\/en\/product\/nk14-1-hooded-towel\/\",\"url\":\"https:\/\/afztekstil.com.tr\/en\/product\/nk14-1-hooded-towel\/\",\"name\":\"NK14-1 Hooded Towel - Afz Tekstil Tar\u0131m \u00dcr\u00fcnleri Madencilik San.ve Tic. A.\u015e\",\"isPartOf\":{\"@id\":\"https:\/\/afztekstil.com.tr\/en\/#website\"},\"datePublished\":\"2021-08-21T20:45:25+00:00\",\"dateModified\":\"2021-08-21T20:45:47+00:00\",\"breadcrumb\":{\"@id\":\"https:\/\/afztekstil.com.tr\/en\/product\/nk14-1-hooded-towel\/#breadcrumb\"},\"inLanguage\":\"en-US\",\"potentialAction\":[{\"@type\":\"ReadAction\",\"target\":[\"https:\/\/afztekstil.com.tr\/en\/product\/nk14-1-hooded-towel\/\"]}]},{\"@type\":\"BreadcrumbList\",\"@id\":\"https:\/\/afztekstil.com.tr\/en\/product\/nk14-1-hooded-towel\/#breadcrumb\",\"itemListElement\":[{\"@type\":\"ListItem\",\"position\":1,\"name\":\"Home\",\"item\":\"https:\/\/afztekstil.com.tr\/en\/\"},{\"@type\":\"ListItem\",\"position\":2,\"name\":\"Products\",\"item\":\"https:\/\/afztekstil.com.tr\/en\/shop\/\"},{\"@type\":\"ListItem\",\"position\":3,\"name\":\"NK14-1 Hooded Towel\"}]},{\"@type\":\"WebSite\",\"@id\":\"https:\/\/afztekstil.com.tr\/en\/#website\",\"url\":\"https:\/\/afztekstil.com.tr\/en\/\",\"name\":\"Afz Tekstil Tar\u0131m \u00dcr\u00fcnleri Madencilik San.ve Tic. A.\u015e\",\"description\":\"Boya | Apre | Ev Tekstili | Otel Tekstili\",\"potentialAction\":[{\"@type\":\"SearchAction\",\"target\":{\"@type\":\"EntryPoint\",\"urlTemplate\":\"https:\/\/afztekstil.com.tr\/en\/?s={search_term_string}\"},\"query-input\":{\"@type\":\"PropertyValueSpecification\",\"valueRequired\":true,\"valueName\":\"search_term_string\"}}],\"inLanguage\":\"en-US\"}]}<\/script>\n<!-- \/ Yoast SEO plugin. -->","yoast_head_json":{"title":"NK14-1 Hooded Towel - Afz Tekstil Tar\u0131m \u00dcr\u00fcnleri Madencilik San.ve Tic. A.\u015e","robots":{"index":"index","follow":"follow","max-snippet":"max-snippet:-1","max-image-preview":"max-image-preview:large","max-video-preview":"max-video-preview:-1"},"canonical":"https:\/\/afztekstil.com.tr\/en\/product\/nk14-1-hooded-towel\/","og_locale":"en_US","og_type":"article","og_title":"NK14-1 Hooded Towel - Afz Tekstil Tar\u0131m \u00dcr\u00fcnleri Madencilik San.ve Tic. A.\u015e","og_description":"Fabric : Terry Bamboo Hemp  Content : %60 Bamboo %40 Hemp  Fabric Gsm : 350  Color Code : Natur (Non-Dyed)  Trimming Code : Ecru  Size : 100*100 cm","og_url":"https:\/\/afztekstil.com.tr\/en\/product\/nk14-1-hooded-towel\/","og_site_name":"Afz Tekstil Tar\u0131m \u00dcr\u00fcnleri Madencilik San.ve Tic. A.\u015e","article_modified_time":"2021-08-21T20:45:47+00:00","twitter_card":"summary_large_image","schema":{"@context":"https:\/\/schema.org","@graph":[{"@type":"WebPage","@id":"https:\/\/afztekstil.com.tr\/en\/product\/nk14-1-hooded-towel\/","url":"https:\/\/afztekstil.com.tr\/en\/product\/nk14-1-hooded-towel\/","name":"NK14-1 Hooded Towel - Afz Tekstil Tar\u0131m \u00dcr\u00fcnleri Madencilik San.ve Tic. A.\u015e","isPartOf":{"@id":"https:\/\/afztekstil.com.tr\/en\/#website"},"datePublished":"2021-08-21T20:45:25+00:00","dateModified":"2021-08-21T20:45:47+00:00","breadcrumb":{"@id":"https:\/\/afztekstil.com.tr\/en\/product\/nk14-1-hooded-towel\/#breadcrumb"},"inLanguage":"en-US","potentialAction":[{"@type":"ReadAction","target":["https:\/\/afztekstil.com.tr\/en\/product\/nk14-1-hooded-towel\/"]}]},{"@type":"BreadcrumbList","@id":"https:\/\/afztekstil.com.tr\/en\/product\/nk14-1-hooded-towel\/#breadcrumb","itemListElement":[{"@type":"ListItem","position":1,"name":"Home","item":"https:\/\/afztekstil.com.tr\/en\/"},{"@type":"ListItem","position":2,"name":"Products","item":"https:\/\/afztekstil.com.tr\/en\/shop\/"},{"@type":"ListItem","position":3,"name":"NK14-1 Hooded Towel"}]},{"@type":"WebSite","@id":"https:\/\/afztekstil.com.tr\/en\/#website","url":"https:\/\/afztekstil.com.tr\/en\/","name":"Afz Tekstil Tar\u0131m \u00dcr\u00fcnleri Madencilik San.ve Tic. A.\u015e","description":"Boya | Apre | Ev Tekstili | Otel Tekstili","potentialAction":[{"@type":"SearchAction","target":{"@type":"EntryPoint","urlTemplate":"https:\/\/afztekstil.com.tr\/en\/?s={search_term_string}"},"query-input":{"@type":"PropertyValueSpecification","valueRequired":true,"valueName":"search_term_string"}}],"inLanguage":"en-US"}]}},"_links":{"self":[{"href":"https:\/\/afztekstil.com.tr\/en\/wp-json\/wp\/v2\/product\/2038","targetHints":{"allow":["GET"]}}],"collection":[{"href":"https:\/\/afztekstil.com.tr\/en\/wp-json\/wp\/v2\/product"}],"about":[{"href":"https:\/\/afztekstil.com.tr\/en\/wp-json\/wp\/v2\/types\/product"}],"replies":[{"embeddable":true,"href":"https:\/\/afztekstil.com.tr\/en\/wp-json\/wp\/v2\/comments?post=2038"}],"version-history":[{"count":1,"href":"https:\/\/afztekstil.com.tr\/en\/wp-json\/wp\/v2\/product\/2038\/revisions"}],"predecessor-version":[{"id":2039,"href":"https:\/\/afztekstil.com.tr\/en\/wp-json\/wp\/v2\/product\/2038\/revisions\/2039"}],"wp:attachment":[{"href":"https:\/\/afztekstil.com.tr\/en\/wp-json\/wp\/v2\/media?parent=2038"}],"wp:term":[{"taxonomy":"product_brand","embeddable":true,"href":"https:\/\/afztekstil.com.tr\/en\/wp-json\/wp\/v2\/product_brand?post=2038"},{"taxonomy":"product_cat","embeddable":true,"href":"https:\/\/afztekstil.com.tr\/en\/wp-json\/wp\/v2\/product_cat?post=2038"},{"taxonomy":"product_tag","embeddable":true,"href":"https:\/\/afztekstil.com.tr\/en\/wp-json\/wp\/v2\/product_tag?post=2038"}],"curies":[{"name":"wp","href":"https:\/\/api.w.org\/{rel}","templated":true}]}}