{"id":2020,"date":"2021-08-21T23:35:46","date_gmt":"2021-08-21T20:35:46","guid":{"rendered":"https:\/\/www.afztekstil.com.tr\/en\/?post_type=product&#038;p=2020"},"modified":"2024-01-09T16:06:55","modified_gmt":"2024-01-09T13:06:55","slug":"nk10-1-hooded-towel","status":"publish","type":"product","link":"https:\/\/afztekstil.com.tr\/en\/product\/nk10-1-hooded-towel\/","title":{"rendered":"NK10-1 Hooded Towel"},"content":{"rendered":"","protected":false},"excerpt":{"rendered":"<p>Internal Side:<\/p>\n<p>Fabric : 30\/1 Organic Muslin<\/p>\n<p>Content: %100 Organic Combed<\/p>\n<p>Fabric Gsm : 130<\/p>\n<p>Color Code : OC7-0417 \/ Dark Blue<\/p>\n<p>&nbsp;<\/p>\n<p>External Side:<\/p>\n<p>Fabric : 30\/1 Organic Muslin<\/p>\n<p>Content: %100 Organic Combed<\/p>\n<p>Fabric Gsm : 130<\/p>\n<p>Printing Code : K5<\/p>\n<p>Trimming Code : Ecru<\/p>\n<p>Size : 100*100 cm<\/p>\n","protected":false},"featured_media":2270,"comment_status":"closed","ping_status":"closed","template":"","meta":[],"product_brand":[],"product_cat":[91],"product_tag":[],"class_list":{"0":"post-2020","1":"product","2":"type-product","3":"status-publish","4":"has-post-thumbnail","6":"product_cat-hooded-towel","8":"first","9":"instock","10":"shipping-taxable","11":"product-type-simple"},"yoast_head":"<!-- This site is optimized with the Yoast SEO plugin v24.5 - https:\/\/yoast.com\/wordpress\/plugins\/seo\/ -->\n<title>NK10-1 Hooded Towel - Afz Tekstil Tar\u0131m \u00dcr\u00fcnleri Madencilik San.ve Tic. A.\u015e<\/title>\n<meta name=\"robots\" content=\"index, follow, max-snippet:-1, max-image-preview:large, max-video-preview:-1\" \/>\n<link rel=\"canonical\" href=\"https:\/\/afztekstil.com.tr\/en\/product\/nk10-1-hooded-towel\/\" \/>\n<meta property=\"og:locale\" content=\"en_US\" \/>\n<meta property=\"og:type\" content=\"article\" \/>\n<meta property=\"og:title\" content=\"NK10-1 Hooded Towel - Afz Tekstil Tar\u0131m \u00dcr\u00fcnleri Madencilik San.ve Tic. A.\u015e\" \/>\n<meta property=\"og:description\" content=\"Internal Side:  Fabric : 30\/1 Organic Muslin  Content: %100 Organic Combed  Fabric Gsm : 130  Color Code : OC7-0417 \/ Dark Blue  &nbsp;  External Side:  Fabric : 30\/1 Organic Muslin  Content: %100 Organic Combed  Fabric Gsm : 130  Printing Code : K5  Trimming Code : Ecru  Size : 100*100 cm\" \/>\n<meta property=\"og:url\" content=\"https:\/\/afztekstil.com.tr\/en\/product\/nk10-1-hooded-towel\/\" \/>\n<meta property=\"og:site_name\" content=\"Afz Tekstil Tar\u0131m \u00dcr\u00fcnleri Madencilik San.ve Tic. A.\u015e\" \/>\n<meta property=\"article:modified_time\" content=\"2024-01-09T13:06:55+00:00\" \/>\n<meta property=\"og:image\" content=\"https:\/\/www.afztekstil.com.tr\/en\/wp-content\/uploads\/NK10-1-1.jpg\" \/>\n\t<meta property=\"og:image:width\" content=\"1000\" \/>\n\t<meta property=\"og:image:height\" content=\"1000\" \/>\n\t<meta property=\"og:image:type\" content=\"image\/jpeg\" \/>\n<meta name=\"twitter:card\" content=\"summary_large_image\" \/>\n<script type=\"application\/ld+json\" class=\"yoast-schema-graph\">{\"@context\":\"https:\/\/schema.org\",\"@graph\":[{\"@type\":\"WebPage\",\"@id\":\"https:\/\/afztekstil.com.tr\/en\/product\/nk10-1-hooded-towel\/\",\"url\":\"https:\/\/afztekstil.com.tr\/en\/product\/nk10-1-hooded-towel\/\",\"name\":\"NK10-1 Hooded Towel - Afz Tekstil Tar\u0131m \u00dcr\u00fcnleri Madencilik San.ve Tic. A.\u015e\",\"isPartOf\":{\"@id\":\"https:\/\/afztekstil.com.tr\/en\/#website\"},\"primaryImageOfPage\":{\"@id\":\"https:\/\/afztekstil.com.tr\/en\/product\/nk10-1-hooded-towel\/#primaryimage\"},\"image\":{\"@id\":\"https:\/\/afztekstil.com.tr\/en\/product\/nk10-1-hooded-towel\/#primaryimage\"},\"thumbnailUrl\":\"https:\/\/www.afztekstil.com.tr\/en\/wp-content\/uploads\/NK10-1-1.jpg\",\"datePublished\":\"2021-08-21T20:35:46+00:00\",\"dateModified\":\"2024-01-09T13:06:55+00:00\",\"breadcrumb\":{\"@id\":\"https:\/\/afztekstil.com.tr\/en\/product\/nk10-1-hooded-towel\/#breadcrumb\"},\"inLanguage\":\"en-US\",\"potentialAction\":[{\"@type\":\"ReadAction\",\"target\":[\"https:\/\/afztekstil.com.tr\/en\/product\/nk10-1-hooded-towel\/\"]}]},{\"@type\":\"ImageObject\",\"inLanguage\":\"en-US\",\"@id\":\"https:\/\/afztekstil.com.tr\/en\/product\/nk10-1-hooded-towel\/#primaryimage\",\"url\":\"https:\/\/www.afztekstil.com.tr\/en\/wp-content\/uploads\/NK10-1-1.jpg\",\"contentUrl\":\"https:\/\/www.afztekstil.com.tr\/en\/wp-content\/uploads\/NK10-1-1.jpg\",\"width\":1000,\"height\":1000},{\"@type\":\"BreadcrumbList\",\"@id\":\"https:\/\/afztekstil.com.tr\/en\/product\/nk10-1-hooded-towel\/#breadcrumb\",\"itemListElement\":[{\"@type\":\"ListItem\",\"position\":1,\"name\":\"Home\",\"item\":\"https:\/\/afztekstil.com.tr\/en\/\"},{\"@type\":\"ListItem\",\"position\":2,\"name\":\"Products\",\"item\":\"https:\/\/afztekstil.com.tr\/en\/shop\/\"},{\"@type\":\"ListItem\",\"position\":3,\"name\":\"NK10-1 Hooded Towel\"}]},{\"@type\":\"WebSite\",\"@id\":\"https:\/\/afztekstil.com.tr\/en\/#website\",\"url\":\"https:\/\/afztekstil.com.tr\/en\/\",\"name\":\"Afz Tekstil Tar\u0131m \u00dcr\u00fcnleri Madencilik San.ve Tic. A.\u015e\",\"description\":\"Boya | Apre | Ev Tekstili | Otel Tekstili\",\"potentialAction\":[{\"@type\":\"SearchAction\",\"target\":{\"@type\":\"EntryPoint\",\"urlTemplate\":\"https:\/\/afztekstil.com.tr\/en\/?s={search_term_string}\"},\"query-input\":{\"@type\":\"PropertyValueSpecification\",\"valueRequired\":true,\"valueName\":\"search_term_string\"}}],\"inLanguage\":\"en-US\"}]}<\/script>\n<!-- \/ Yoast SEO plugin. -->","yoast_head_json":{"title":"NK10-1 Hooded Towel - Afz Tekstil Tar\u0131m \u00dcr\u00fcnleri Madencilik San.ve Tic. A.\u015e","robots":{"index":"index","follow":"follow","max-snippet":"max-snippet:-1","max-image-preview":"max-image-preview:large","max-video-preview":"max-video-preview:-1"},"canonical":"https:\/\/afztekstil.com.tr\/en\/product\/nk10-1-hooded-towel\/","og_locale":"en_US","og_type":"article","og_title":"NK10-1 Hooded Towel - Afz Tekstil Tar\u0131m \u00dcr\u00fcnleri Madencilik San.ve Tic. A.\u015e","og_description":"Internal Side:  Fabric : 30\/1 Organic Muslin  Content: %100 Organic Combed  Fabric Gsm : 130  Color Code : OC7-0417 \/ Dark Blue  &nbsp;  External Side:  Fabric : 30\/1 Organic Muslin  Content: %100 Organic Combed  Fabric Gsm : 130  Printing Code : K5  Trimming Code : Ecru  Size : 100*100 cm","og_url":"https:\/\/afztekstil.com.tr\/en\/product\/nk10-1-hooded-towel\/","og_site_name":"Afz Tekstil Tar\u0131m \u00dcr\u00fcnleri Madencilik San.ve Tic. A.\u015e","article_modified_time":"2024-01-09T13:06:55+00:00","og_image":[{"width":1000,"height":1000,"url":"https:\/\/www.afztekstil.com.tr\/en\/wp-content\/uploads\/NK10-1-1.jpg","type":"image\/jpeg"}],"twitter_card":"summary_large_image","schema":{"@context":"https:\/\/schema.org","@graph":[{"@type":"WebPage","@id":"https:\/\/afztekstil.com.tr\/en\/product\/nk10-1-hooded-towel\/","url":"https:\/\/afztekstil.com.tr\/en\/product\/nk10-1-hooded-towel\/","name":"NK10-1 Hooded Towel - Afz Tekstil Tar\u0131m \u00dcr\u00fcnleri Madencilik San.ve Tic. A.\u015e","isPartOf":{"@id":"https:\/\/afztekstil.com.tr\/en\/#website"},"primaryImageOfPage":{"@id":"https:\/\/afztekstil.com.tr\/en\/product\/nk10-1-hooded-towel\/#primaryimage"},"image":{"@id":"https:\/\/afztekstil.com.tr\/en\/product\/nk10-1-hooded-towel\/#primaryimage"},"thumbnailUrl":"https:\/\/www.afztekstil.com.tr\/en\/wp-content\/uploads\/NK10-1-1.jpg","datePublished":"2021-08-21T20:35:46+00:00","dateModified":"2024-01-09T13:06:55+00:00","breadcrumb":{"@id":"https:\/\/afztekstil.com.tr\/en\/product\/nk10-1-hooded-towel\/#breadcrumb"},"inLanguage":"en-US","potentialAction":[{"@type":"ReadAction","target":["https:\/\/afztekstil.com.tr\/en\/product\/nk10-1-hooded-towel\/"]}]},{"@type":"ImageObject","inLanguage":"en-US","@id":"https:\/\/afztekstil.com.tr\/en\/product\/nk10-1-hooded-towel\/#primaryimage","url":"https:\/\/www.afztekstil.com.tr\/en\/wp-content\/uploads\/NK10-1-1.jpg","contentUrl":"https:\/\/www.afztekstil.com.tr\/en\/wp-content\/uploads\/NK10-1-1.jpg","width":1000,"height":1000},{"@type":"BreadcrumbList","@id":"https:\/\/afztekstil.com.tr\/en\/product\/nk10-1-hooded-towel\/#breadcrumb","itemListElement":[{"@type":"ListItem","position":1,"name":"Home","item":"https:\/\/afztekstil.com.tr\/en\/"},{"@type":"ListItem","position":2,"name":"Products","item":"https:\/\/afztekstil.com.tr\/en\/shop\/"},{"@type":"ListItem","position":3,"name":"NK10-1 Hooded Towel"}]},{"@type":"WebSite","@id":"https:\/\/afztekstil.com.tr\/en\/#website","url":"https:\/\/afztekstil.com.tr\/en\/","name":"Afz Tekstil Tar\u0131m \u00dcr\u00fcnleri Madencilik San.ve Tic. A.\u015e","description":"Boya | Apre | Ev Tekstili | Otel Tekstili","potentialAction":[{"@type":"SearchAction","target":{"@type":"EntryPoint","urlTemplate":"https:\/\/afztekstil.com.tr\/en\/?s={search_term_string}"},"query-input":{"@type":"PropertyValueSpecification","valueRequired":true,"valueName":"search_term_string"}}],"inLanguage":"en-US"}]}},"_links":{"self":[{"href":"https:\/\/afztekstil.com.tr\/en\/wp-json\/wp\/v2\/product\/2020","targetHints":{"allow":["GET"]}}],"collection":[{"href":"https:\/\/afztekstil.com.tr\/en\/wp-json\/wp\/v2\/product"}],"about":[{"href":"https:\/\/afztekstil.com.tr\/en\/wp-json\/wp\/v2\/types\/product"}],"replies":[{"embeddable":true,"href":"https:\/\/afztekstil.com.tr\/en\/wp-json\/wp\/v2\/comments?post=2020"}],"version-history":[{"count":2,"href":"https:\/\/afztekstil.com.tr\/en\/wp-json\/wp\/v2\/product\/2020\/revisions"}],"predecessor-version":[{"id":2089,"href":"https:\/\/afztekstil.com.tr\/en\/wp-json\/wp\/v2\/product\/2020\/revisions\/2089"}],"wp:featuredmedia":[{"embeddable":true,"href":"https:\/\/afztekstil.com.tr\/en\/wp-json\/wp\/v2\/media\/2270"}],"wp:attachment":[{"href":"https:\/\/afztekstil.com.tr\/en\/wp-json\/wp\/v2\/media?parent=2020"}],"wp:term":[{"taxonomy":"product_brand","embeddable":true,"href":"https:\/\/afztekstil.com.tr\/en\/wp-json\/wp\/v2\/product_brand?post=2020"},{"taxonomy":"product_cat","embeddable":true,"href":"https:\/\/afztekstil.com.tr\/en\/wp-json\/wp\/v2\/product_cat?post=2020"},{"taxonomy":"product_tag","embeddable":true,"href":"https:\/\/afztekstil.com.tr\/en\/wp-json\/wp\/v2\/product_tag?post=2020"}],"curies":[{"name":"wp","href":"https:\/\/api.w.org\/{rel}","templated":true}]}}