{"id":1954,"date":"2021-08-20T22:13:51","date_gmt":"2021-08-20T19:13:51","guid":{"rendered":"https:\/\/www.afztekstil.com.tr\/en\/?page_id=1954"},"modified":"2024-01-09T17:01:58","modified_gmt":"2024-01-09T14:01:58","slug":"baby-textile","status":"publish","type":"page","link":"https:\/\/afztekstil.com.tr\/en\/baby-textile\/","title":{"rendered":"Baby Textile"},"content":{"rendered":"\t\t<div data-elementor-type=\"wp-post\" data-elementor-id=\"1954\" class=\"elementor elementor-1954\">\n\t\t\t\t\t\t<section class=\"elementor-align-center elementor-section elementor-top-section elementor-element elementor-element-991abcf elementor-section-stretched elementor-section-full_width elementor-section-height-default elementor-section-height-default\" data-id=\"991abcf\" data-element_type=\"section\" data-settings=\"{&quot;stretch_section&quot;:&quot;section-stretched&quot;}\">\n\t\t\t\t\t\t<div class=\"elementor-container elementor-column-gap-default\">\n\t\t\t\t\t<div class=\"elementor-column elementor-col-100 elementor-top-column elementor-element elementor-element-65d8853\" data-id=\"65d8853\" data-element_type=\"column\">\n\t\t\t<div class=\"elementor-widget-wrap elementor-element-populated\">\n\t\t\t\t\t\t<div class=\"elementor-element elementor-element-583ea73 elementor-invisible elementor-widget elementor-widget-heading\" data-id=\"583ea73\" data-element_type=\"widget\" data-settings=\"{&quot;_animation&quot;:&quot;fadeIn&quot;}\" data-widget_type=\"heading.default\">\n\t\t\t\t<div class=\"elementor-widget-container\">\n\t\t\t\t\t<h1 class=\"elementor-heading-title elementor-size-xl elementor-heading-title elementor-size-xl elementor-align-after-center elementor-align-after-mobile-center\">Baby Textile<\/h1>\t\t\t\t<\/div>\n\t\t\t\t<\/div>\n\t\t\t\t<section class=\"elementor-section elementor-inner-section elementor-element elementor-element-4f0cdd2 elementor-section-boxed elementor-section-height-default elementor-section-height-default\" data-id=\"4f0cdd2\" data-element_type=\"section\">\n\t\t\t\t\t\t<div class=\"elementor-container elementor-column-gap-default\">\n\t\t\t\t\t<div class=\"elementor-column elementor-col-25 elementor-inner-column elementor-element elementor-element-046b894\" data-id=\"046b894\" data-element_type=\"column\">\n\t\t\t<div class=\"elementor-widget-wrap elementor-element-populated\">\n\t\t\t\t\t\t<div class=\"elementor-element elementor-element-e13edf6 elementor-widget elementor-widget-image\" data-id=\"e13edf6\" data-element_type=\"widget\" data-widget_type=\"image.default\">\n\t\t\t\t<div class=\"elementor-widget-container\">\n\t\t\t\t\t\t\t\t\t\t\t\t\t\t\t\t<a href=\"\/en\/baby-bathrobe\">\n\t\t\t\t\t\t\t<img fetchpriority=\"high\" decoding=\"async\" width=\"660\" height=\"660\" src=\"https:\/\/www.afztekstil.com.tr\/en\/wp-content\/uploads\/NBR23-1-2-660x660.jpg\" class=\"attachment-woocommerce_single size-woocommerce_single wp-image-2297\" alt=\"\" srcset=\"https:\/\/www.afztekstil.com.tr\/en\/wp-content\/uploads\/NBR23-1-2-660x660.jpg 660w, https:\/\/www.afztekstil.com.tr\/en\/wp-content\/uploads\/NBR23-1-2-300x300.jpg 300w, https:\/\/www.afztekstil.com.tr\/en\/wp-content\/uploads\/NBR23-1-2-150x150.jpg 150w, https:\/\/www.afztekstil.com.tr\/en\/wp-content\/uploads\/NBR23-1-2-768x768.jpg 768w, https:\/\/www.afztekstil.com.tr\/en\/wp-content\/uploads\/NBR23-1-2-285x285.jpg 285w, https:\/\/www.afztekstil.com.tr\/en\/wp-content\/uploads\/NBR23-1-2-270x270.jpg 270w, https:\/\/www.afztekstil.com.tr\/en\/wp-content\/uploads\/NBR23-1-2-540x540.jpg 540w, https:\/\/www.afztekstil.com.tr\/en\/wp-content\/uploads\/NBR23-1-2.jpg 1000w\" sizes=\"(max-width: 660px) 100vw, 660px\" \/>\t\t\t\t\t\t\t\t<\/a>\n\t\t\t\t\t\t\t\t\t\t\t\t\t\t\t<\/div>\n\t\t\t\t<\/div>\n\t\t\t\t<div class=\"elementor-element elementor-element-33a6721 elementor-widget elementor-widget-heading\" data-id=\"33a6721\" data-element_type=\"widget\" data-widget_type=\"heading.default\">\n\t\t\t\t<div class=\"elementor-widget-container\">\n\t\t\t\t\t<h5 class=\"elementor-heading-title elementor-size-default elementor-heading-title\">Baby Bathrobe <\/h5>\t\t\t\t<\/div>\n\t\t\t\t<\/div>\n\t\t\t\t\t<\/div>\n\t\t<\/div>\n\t\t\t\t<div class=\"elementor-column elementor-col-25 elementor-inner-column elementor-element elementor-element-bacccde\" data-id=\"bacccde\" data-element_type=\"column\">\n\t\t\t<div class=\"elementor-widget-wrap elementor-element-populated\">\n\t\t\t\t\t\t<div class=\"elementor-element elementor-element-1ce2851 elementor-widget elementor-widget-image\" data-id=\"1ce2851\" data-element_type=\"widget\" data-widget_type=\"image.default\">\n\t\t\t\t<div class=\"elementor-widget-container\">\n\t\t\t\t\t\t\t\t\t\t\t\t\t\t\t\t<a href=\"\/en\/hooded-towel\/\">\n\t\t\t\t\t\t\t<img decoding=\"async\" src=\"https:\/\/www.afztekstil.com.tr\/en\/wp-content\/uploads\/NK10-1-3.jpg\" title=\"\" alt=\"\" loading=\"lazy\" \/>\t\t\t\t\t\t\t\t<\/a>\n\t\t\t\t\t\t\t\t\t\t\t\t\t\t\t<\/div>\n\t\t\t\t<\/div>\n\t\t\t\t<div class=\"elementor-element elementor-element-d09ea0d elementor-widget elementor-widget-heading\" data-id=\"d09ea0d\" data-element_type=\"widget\" data-widget_type=\"heading.default\">\n\t\t\t\t<div class=\"elementor-widget-container\">\n\t\t\t\t\t<h5 class=\"elementor-heading-title elementor-size-default elementor-heading-title\">Hooded Towel<\/h5>\t\t\t\t<\/div>\n\t\t\t\t<\/div>\n\t\t\t\t\t<\/div>\n\t\t<\/div>\n\t\t\t\t<div class=\"elementor-column elementor-col-25 elementor-inner-column elementor-element elementor-element-d37d886\" data-id=\"d37d886\" data-element_type=\"column\">\n\t\t\t<div class=\"elementor-widget-wrap elementor-element-populated\">\n\t\t\t\t\t\t<div class=\"elementor-element elementor-element-1d55700 elementor-widget elementor-widget-image\" data-id=\"1d55700\" data-element_type=\"widget\" data-widget_type=\"image.default\">\n\t\t\t\t<div class=\"elementor-widget-container\">\n\t\t\t\t\t\t\t\t\t\t\t\t\t\t\t\t<a href=\"\/en\/ponchos\/\">\n\t\t\t\t\t\t\t<img decoding=\"async\" src=\"https:\/\/www.afztekstil.com.tr\/en\/wp-content\/uploads\/elementor\/thumbs\/NP16-1-2-qi259dmeanz9pav1vznk62ss1b87xvaypj0x5avtfw.jpg\" title=\"NP16-1-2\" alt=\"NP16-1-2\" loading=\"lazy\" \/>\t\t\t\t\t\t\t\t<\/a>\n\t\t\t\t\t\t\t\t\t\t\t\t\t\t\t<\/div>\n\t\t\t\t<\/div>\n\t\t\t\t<div class=\"elementor-element elementor-element-8d84896 elementor-widget elementor-widget-heading\" data-id=\"8d84896\" data-element_type=\"widget\" data-widget_type=\"heading.default\">\n\t\t\t\t<div class=\"elementor-widget-container\">\n\t\t\t\t\t<h5 class=\"elementor-heading-title elementor-size-default elementor-heading-title\">Ponchos<\/h5>\t\t\t\t<\/div>\n\t\t\t\t<\/div>\n\t\t\t\t\t<\/div>\n\t\t<\/div>\n\t\t\t\t<div class=\"elementor-column elementor-col-25 elementor-inner-column elementor-element elementor-element-588ccb6\" data-id=\"588ccb6\" data-element_type=\"column\">\n\t\t\t<div class=\"elementor-widget-wrap elementor-element-populated\">\n\t\t\t\t\t\t<div class=\"elementor-element elementor-element-b3c8996 elementor-widget elementor-widget-image\" data-id=\"b3c8996\" data-element_type=\"widget\" data-widget_type=\"image.default\">\n\t\t\t\t<div class=\"elementor-widget-container\">\n\t\t\t\t\t\t\t\t\t\t\t\t\t\t\t\t<a href=\"\/en\/blanket\">\n\t\t\t\t\t\t\t<img decoding=\"async\" src=\"https:\/\/www.afztekstil.com.tr\/en\/wp-content\/uploads\/elementor\/thumbs\/NB01-2-2-qi25pqz4a5eyvson9a8pt8yvwk0acp9d92lfoaewzs.jpg\" title=\"NB01-2-2\" alt=\"NB01-2-2\" loading=\"lazy\" \/>\t\t\t\t\t\t\t\t<\/a>\n\t\t\t\t\t\t\t\t\t\t\t\t\t\t\t<\/div>\n\t\t\t\t<\/div>\n\t\t\t\t<div class=\"elementor-element elementor-element-aca73b5 elementor-widget elementor-widget-heading\" data-id=\"aca73b5\" data-element_type=\"widget\" data-widget_type=\"heading.default\">\n\t\t\t\t<div class=\"elementor-widget-container\">\n\t\t\t\t\t<h5 class=\"elementor-heading-title elementor-size-default elementor-heading-title\">Blanket<\/h5>\t\t\t\t<\/div>\n\t\t\t\t<\/div>\n\t\t\t\t\t<\/div>\n\t\t<\/div>\n\t\t\t\t\t<\/div>\n\t\t<\/section>\n\t\t\t\t<div class=\"elementor-element elementor-element-e397412 elementor-widget elementor-widget-spacer\" data-id=\"e397412\" data-element_type=\"widget\" data-widget_type=\"spacer.default\">\n\t\t\t\t<div class=\"elementor-widget-container\">\n\t\t\t\t\t\t\t<div class=\"elementor-spacer\">\n\t\t\t<div class=\"elementor-spacer-inner\"><\/div>\n\t\t<\/div>\n\t\t\t\t\t\t<\/div>\n\t\t\t\t<\/div>\n\t\t\t\t<div class=\"elementor-element elementor-element-0524ff3 elementor-widget elementor-widget-spacer\" data-id=\"0524ff3\" data-element_type=\"widget\" data-widget_type=\"spacer.default\">\n\t\t\t\t<div class=\"elementor-widget-container\">\n\t\t\t\t\t\t\t<div class=\"elementor-spacer\">\n\t\t\t<div class=\"elementor-spacer-inner\"><\/div>\n\t\t<\/div>\n\t\t\t\t\t\t<\/div>\n\t\t\t\t<\/div>\n\t\t\t\t<div class=\"elementor-element elementor-element-d955a02 elementor-widget elementor-widget-sm-woo-products\" data-id=\"d955a02\" data-element_type=\"widget\" data-widget_type=\"sm-woo-products.default\">\n\t\t\t\t<div class=\"elementor-widget-container\">\n\t\t\t\t\t\n\n\t\t\t\t\t<div class=\"products_grid_type products_widget products row\">\n\t\t\n\t\t\t\t<\/div>\n\t\t<!-- Carousel End -->\n\t\t\n\t\t\n\n\t\t\t\t\t\t<\/div>\n\t\t\t\t<\/div>\n\t\t\t\t<div class=\"elementor-element elementor-element-a7e69ff elementor-widget elementor-widget-spacer\" data-id=\"a7e69ff\" data-element_type=\"widget\" data-widget_type=\"spacer.default\">\n\t\t\t\t<div class=\"elementor-widget-container\">\n\t\t\t\t\t\t\t<div class=\"elementor-spacer\">\n\t\t\t<div class=\"elementor-spacer-inner\"><\/div>\n\t\t<\/div>\n\t\t\t\t\t\t<\/div>\n\t\t\t\t<\/div>\n\t\t\t\t\t<\/div>\n\t\t<\/div>\n\t\t\t\t\t<\/div>\n\t\t<\/section>\n\t\t\t\t<section class=\"elementor-align-center elementor-section elementor-top-section elementor-element elementor-element-12deace elementor-section-boxed elementor-section-height-default elementor-section-height-default\" data-id=\"12deace\" data-element_type=\"section\">\n\t\t\t\t\t\t<div class=\"elementor-container elementor-column-gap-default\">\n\t\t\t\t\t<div class=\"elementor-column elementor-col-100 elementor-top-column elementor-element elementor-element-6fb6088\" data-id=\"6fb6088\" data-element_type=\"column\">\n\t\t\t<div class=\"elementor-widget-wrap\">\n\t\t\t\t\t\t\t<\/div>\n\t\t<\/div>\n\t\t\t\t\t<\/div>\n\t\t<\/section>\n\t\t\t\t<section class=\"elementor-section elementor-top-section elementor-element elementor-element-8bef86e elementor-section-boxed elementor-section-height-default elementor-section-height-default\" data-id=\"8bef86e\" data-element_type=\"section\">\n\t\t\t\t\t\t<div class=\"elementor-container elementor-column-gap-default\">\n\t\t\t\t\t<div class=\"elementor-column elementor-col-50 elementor-top-column elementor-element elementor-element-f090411 elementor-invisible\" data-id=\"f090411\" data-element_type=\"column\" data-settings=\"{&quot;animation&quot;:&quot;fadeIn&quot;}\">\n\t\t\t<div class=\"elementor-widget-wrap elementor-element-populated\">\n\t\t\t\t\t\t<div class=\"elementor-element elementor-element-aab70df elementor-widget elementor-widget-heading\" data-id=\"aab70df\" data-element_type=\"widget\" data-widget_type=\"heading.default\">\n\t\t\t\t<div class=\"elementor-widget-container\">\n\t\t\t\t\t<h3 class=\"elementor-heading-title elementor-size-medium elementor-heading-title elementor-size-medium elementor-align-after-left elementor-align-after-mobile-center\">Contact<\/h3>\t\t\t\t<\/div>\n\t\t\t\t<\/div>\n\t\t\t\t<div class=\"elementor-element elementor-element-554ad0e elementor-widget elementor-widget-heading\" data-id=\"554ad0e\" data-element_type=\"widget\" data-widget_type=\"heading.default\">\n\t\t\t\t<div class=\"elementor-widget-container\">\n\t\t\t\t\t<span class=\"elementor-heading-title elementor-size-default elementor-heading-title elementor-align-after-left\"><i class=\"ti-location-pin\"><\/i><span><b>Organize Sanayi B\u00f6lgesi Alt\u0131 P\u0131narkent Mah. 207 Sokak No:5 Pamukkale \/ DEN\u0130ZL\u0130<\/b><\/span><\/span>\t\t\t\t<\/div>\n\t\t\t\t<\/div>\n\t\t\t\t<div class=\"elementor-element elementor-element-0c10c9b elementor-widget elementor-widget-heading\" data-id=\"0c10c9b\" data-element_type=\"widget\" data-widget_type=\"heading.default\">\n\t\t\t\t<div class=\"elementor-widget-container\">\n\t\t\t\t\t<span class=\"elementor-heading-title elementor-size-default elementor-heading-title\"><i class=\"ti-mobile\"><\/i><span><b><a href=\"tel:+902582865523\">+90\u00a0258 286 55 23<\/a><\/b><br>\n<\/span><\/span>\t\t\t\t<\/div>\n\t\t\t\t<\/div>\n\t\t\t\t<div class=\"elementor-element elementor-element-2aa1ed7 elementor-widget elementor-widget-heading\" data-id=\"2aa1ed7\" data-element_type=\"widget\" data-widget_type=\"heading.default\">\n\t\t\t\t<div class=\"elementor-widget-container\">\n\t\t\t\t\t<span class=\"elementor-heading-title elementor-size-default elementor-heading-title\"><i class=\"ti-printer\"><\/i><span><b>+90 258 286 52 79<\/b><br>\n<\/span><\/span>\t\t\t\t<\/div>\n\t\t\t\t<\/div>\n\t\t\t\t\t<\/div>\n\t\t<\/div>\n\t\t\t\t<div class=\"elementor-column elementor-col-50 elementor-top-column elementor-element elementor-element-479975f elementor-invisible\" data-id=\"479975f\" data-element_type=\"column\" data-settings=\"{&quot;animation&quot;:&quot;fadeIn&quot;,&quot;animation_delay&quot;:200}\">\n\t\t\t<div class=\"elementor-widget-wrap elementor-element-populated\">\n\t\t\t\t\t\t<div class=\"elementor-element elementor-element-1855249 elementor-widget elementor-widget-google_maps\" data-id=\"1855249\" data-element_type=\"widget\" data-widget_type=\"google_maps.default\">\n\t\t\t\t<div class=\"elementor-widget-container\">\n\t\t\t\t\t\t\t<div class=\"elementor-custom-embed\">\n\t\t\t<iframe loading=\"lazy\"\n\t\t\t\t\tsrc=\"https:\/\/maps.google.com\/maps?q=P%C4%B1narkent%20207%20sk.%20N%3A5%2C%2020145%20Pamukkale%2FDenizli&#038;t=m&#038;z=18&#038;output=embed&#038;iwloc=near\"\n\t\t\t\t\ttitle=\"P\u0131narkent 207 sk. N:5, 20145 Pamukkale\/Denizli\"\n\t\t\t\t\taria-label=\"P\u0131narkent 207 sk. N:5, 20145 Pamukkale\/Denizli\"\n\t\t\t><\/iframe>\n\t\t<\/div>\n\t\t\t\t\t\t<\/div>\n\t\t\t\t<\/div>\n\t\t\t\t\t<\/div>\n\t\t<\/div>\n\t\t\t\t\t<\/div>\n\t\t<\/section>\n\t\t\t\t<\/div>\n\t\t","protected":false},"excerpt":{"rendered":"<p>Baby Textile Baby Bathrobe Hooded Towel Ponchos Blanket Contact Organize Sanayi B\u00f6lgesi Alt\u0131 P\u0131narkent Mah. 207 Sokak No:5&#8230;<\/p>\n","protected":false},"author":1,"featured_media":0,"parent":0,"menu_order":0,"comment_status":"closed","ping_status":"closed","template":"","meta":{"footnotes":""},"class_list":["post-1954","page","type-page","status-publish","hentry"],"yoast_head":"<!-- This site is optimized with the Yoast SEO plugin v24.5 - https:\/\/yoast.com\/wordpress\/plugins\/seo\/ -->\n<title>Textile Business and Manufacturing WordPress Theme \u2013 Manufacturer<\/title>\n<meta name=\"description\" content=\"WordPress theme featured by tailor made content blocks for services, projects, market research, online shop, and portfolio cases at your service to highlight your business strengths.\" \/>\n<meta name=\"robots\" content=\"index, follow, max-snippet:-1, max-image-preview:large, max-video-preview:-1\" \/>\n<link rel=\"canonical\" href=\"https:\/\/afztekstil.com.tr\/en\/baby-textile\/\" \/>\n<meta property=\"og:locale\" content=\"en_US\" \/>\n<meta property=\"og:type\" content=\"article\" \/>\n<meta property=\"og:title\" content=\"Textile Business and Manufacturing WordPress Theme \u2013 Manufacturer\" \/>\n<meta property=\"og:description\" content=\"WordPress theme featured by tailor made content blocks for services, projects, market research, online shop, and portfolio cases at your service to highlight your business strengths.\" \/>\n<meta property=\"og:url\" content=\"https:\/\/afztekstil.com.tr\/en\/baby-textile\/\" \/>\n<meta property=\"og:site_name\" content=\"Afz Tekstil Tar\u0131m \u00dcr\u00fcnleri Madencilik San.ve Tic. A.\u015e\" \/>\n<meta property=\"article:modified_time\" content=\"2024-01-09T14:01:58+00:00\" \/>\n<meta property=\"og:image\" content=\"https:\/\/www.afztekstil.com.tr\/en\/wp-content\/uploads\/NBR23-1-2-660x660.jpg\" \/>\n<meta name=\"twitter:card\" content=\"summary_large_image\" \/>\n<script type=\"application\/ld+json\" class=\"yoast-schema-graph\">{\"@context\":\"https:\/\/schema.org\",\"@graph\":[{\"@type\":\"WebPage\",\"@id\":\"https:\/\/afztekstil.com.tr\/en\/baby-textile\/\",\"url\":\"https:\/\/afztekstil.com.tr\/en\/baby-textile\/\",\"name\":\"Textile Business and Manufacturing WordPress Theme \u2013 Manufacturer\",\"isPartOf\":{\"@id\":\"https:\/\/afztekstil.com.tr\/en\/#website\"},\"primaryImageOfPage\":{\"@id\":\"https:\/\/afztekstil.com.tr\/en\/baby-textile\/#primaryimage\"},\"image\":{\"@id\":\"https:\/\/afztekstil.com.tr\/en\/baby-textile\/#primaryimage\"},\"thumbnailUrl\":\"https:\/\/www.afztekstil.com.tr\/en\/wp-content\/uploads\/NBR23-1-2-660x660.jpg\",\"datePublished\":\"2021-08-20T19:13:51+00:00\",\"dateModified\":\"2024-01-09T14:01:58+00:00\",\"description\":\"WordPress theme featured by tailor made content blocks for services, projects, market research, online shop, and portfolio cases at your service to highlight your business strengths.\",\"breadcrumb\":{\"@id\":\"https:\/\/afztekstil.com.tr\/en\/baby-textile\/#breadcrumb\"},\"inLanguage\":\"en-US\",\"potentialAction\":[{\"@type\":\"ReadAction\",\"target\":[\"https:\/\/afztekstil.com.tr\/en\/baby-textile\/\"]}]},{\"@type\":\"ImageObject\",\"inLanguage\":\"en-US\",\"@id\":\"https:\/\/afztekstil.com.tr\/en\/baby-textile\/#primaryimage\",\"url\":\"https:\/\/www.afztekstil.com.tr\/en\/wp-content\/uploads\/NBR23-1-2-660x660.jpg\",\"contentUrl\":\"https:\/\/www.afztekstil.com.tr\/en\/wp-content\/uploads\/NBR23-1-2-660x660.jpg\"},{\"@type\":\"BreadcrumbList\",\"@id\":\"https:\/\/afztekstil.com.tr\/en\/baby-textile\/#breadcrumb\",\"itemListElement\":[{\"@type\":\"ListItem\",\"position\":1,\"name\":\"Home\",\"item\":\"https:\/\/afztekstil.com.tr\/en\/\"},{\"@type\":\"ListItem\",\"position\":2,\"name\":\"Baby Textile\"}]},{\"@type\":\"WebSite\",\"@id\":\"https:\/\/afztekstil.com.tr\/en\/#website\",\"url\":\"https:\/\/afztekstil.com.tr\/en\/\",\"name\":\"Afz Tekstil Tar\u0131m \u00dcr\u00fcnleri Madencilik San.ve Tic. A.\u015e\",\"description\":\"Boya | Apre | Ev Tekstili | Otel Tekstili\",\"potentialAction\":[{\"@type\":\"SearchAction\",\"target\":{\"@type\":\"EntryPoint\",\"urlTemplate\":\"https:\/\/afztekstil.com.tr\/en\/?s={search_term_string}\"},\"query-input\":{\"@type\":\"PropertyValueSpecification\",\"valueRequired\":true,\"valueName\":\"search_term_string\"}}],\"inLanguage\":\"en-US\"}]}<\/script>\n<!-- \/ Yoast SEO plugin. -->","yoast_head_json":{"title":"Textile Business and Manufacturing WordPress Theme \u2013 Manufacturer","description":"WordPress theme featured by tailor made content blocks for services, projects, market research, online shop, and portfolio cases at your service to highlight your business strengths.","robots":{"index":"index","follow":"follow","max-snippet":"max-snippet:-1","max-image-preview":"max-image-preview:large","max-video-preview":"max-video-preview:-1"},"canonical":"https:\/\/afztekstil.com.tr\/en\/baby-textile\/","og_locale":"en_US","og_type":"article","og_title":"Textile Business and Manufacturing WordPress Theme \u2013 Manufacturer","og_description":"WordPress theme featured by tailor made content blocks for services, projects, market research, online shop, and portfolio cases at your service to highlight your business strengths.","og_url":"https:\/\/afztekstil.com.tr\/en\/baby-textile\/","og_site_name":"Afz Tekstil Tar\u0131m \u00dcr\u00fcnleri Madencilik San.ve Tic. A.\u015e","article_modified_time":"2024-01-09T14:01:58+00:00","og_image":[{"url":"https:\/\/www.afztekstil.com.tr\/en\/wp-content\/uploads\/NBR23-1-2-660x660.jpg","type":"","width":"","height":""}],"twitter_card":"summary_large_image","schema":{"@context":"https:\/\/schema.org","@graph":[{"@type":"WebPage","@id":"https:\/\/afztekstil.com.tr\/en\/baby-textile\/","url":"https:\/\/afztekstil.com.tr\/en\/baby-textile\/","name":"Textile Business and Manufacturing WordPress Theme \u2013 Manufacturer","isPartOf":{"@id":"https:\/\/afztekstil.com.tr\/en\/#website"},"primaryImageOfPage":{"@id":"https:\/\/afztekstil.com.tr\/en\/baby-textile\/#primaryimage"},"image":{"@id":"https:\/\/afztekstil.com.tr\/en\/baby-textile\/#primaryimage"},"thumbnailUrl":"https:\/\/www.afztekstil.com.tr\/en\/wp-content\/uploads\/NBR23-1-2-660x660.jpg","datePublished":"2021-08-20T19:13:51+00:00","dateModified":"2024-01-09T14:01:58+00:00","description":"WordPress theme featured by tailor made content blocks for services, projects, market research, online shop, and portfolio cases at your service to highlight your business strengths.","breadcrumb":{"@id":"https:\/\/afztekstil.com.tr\/en\/baby-textile\/#breadcrumb"},"inLanguage":"en-US","potentialAction":[{"@type":"ReadAction","target":["https:\/\/afztekstil.com.tr\/en\/baby-textile\/"]}]},{"@type":"ImageObject","inLanguage":"en-US","@id":"https:\/\/afztekstil.com.tr\/en\/baby-textile\/#primaryimage","url":"https:\/\/www.afztekstil.com.tr\/en\/wp-content\/uploads\/NBR23-1-2-660x660.jpg","contentUrl":"https:\/\/www.afztekstil.com.tr\/en\/wp-content\/uploads\/NBR23-1-2-660x660.jpg"},{"@type":"BreadcrumbList","@id":"https:\/\/afztekstil.com.tr\/en\/baby-textile\/#breadcrumb","itemListElement":[{"@type":"ListItem","position":1,"name":"Home","item":"https:\/\/afztekstil.com.tr\/en\/"},{"@type":"ListItem","position":2,"name":"Baby Textile"}]},{"@type":"WebSite","@id":"https:\/\/afztekstil.com.tr\/en\/#website","url":"https:\/\/afztekstil.com.tr\/en\/","name":"Afz Tekstil Tar\u0131m \u00dcr\u00fcnleri Madencilik San.ve Tic. A.\u015e","description":"Boya | Apre | Ev Tekstili | Otel Tekstili","potentialAction":[{"@type":"SearchAction","target":{"@type":"EntryPoint","urlTemplate":"https:\/\/afztekstil.com.tr\/en\/?s={search_term_string}"},"query-input":{"@type":"PropertyValueSpecification","valueRequired":true,"valueName":"search_term_string"}}],"inLanguage":"en-US"}]}},"_links":{"self":[{"href":"https:\/\/afztekstil.com.tr\/en\/wp-json\/wp\/v2\/pages\/1954","targetHints":{"allow":["GET"]}}],"collection":[{"href":"https:\/\/afztekstil.com.tr\/en\/wp-json\/wp\/v2\/pages"}],"about":[{"href":"https:\/\/afztekstil.com.tr\/en\/wp-json\/wp\/v2\/types\/page"}],"author":[{"embeddable":true,"href":"https:\/\/afztekstil.com.tr\/en\/wp-json\/wp\/v2\/users\/1"}],"replies":[{"embeddable":true,"href":"https:\/\/afztekstil.com.tr\/en\/wp-json\/wp\/v2\/comments?post=1954"}],"version-history":[{"count":16,"href":"https:\/\/afztekstil.com.tr\/en\/wp-json\/wp\/v2\/pages\/1954\/revisions"}],"predecessor-version":[{"id":2430,"href":"https:\/\/afztekstil.com.tr\/en\/wp-json\/wp\/v2\/pages\/1954\/revisions\/2430"}],"wp:attachment":[{"href":"https:\/\/afztekstil.com.tr\/en\/wp-json\/wp\/v2\/media?parent=1954"}],"curies":[{"name":"wp","href":"https:\/\/api.w.org\/{rel}","templated":true}]}}