{"id":1498,"date":"2020-06-02T12:45:05","date_gmt":"2020-06-02T09:45:05","guid":{"rendered":"https:\/\/afztekstil.com.tr\/new2\/?page_id=1498"},"modified":"2020-06-12T00:53:47","modified_gmt":"2020-06-11T21:53:47","slug":"digital-printing","status":"publish","type":"page","link":"https:\/\/afztekstil.com.tr\/en\/digital-printing\/","title":{"rendered":"Digital Printing"},"content":{"rendered":"\t\t<div data-elementor-type=\"wp-page\" data-elementor-id=\"1498\" class=\"elementor elementor-1498\">\n\t\t\t\t\t\t<section class=\"elementor-section elementor-top-section elementor-element elementor-element-f5e8f02 elementor-section-boxed elementor-section-height-default elementor-section-height-default\" data-id=\"f5e8f02\" data-element_type=\"section\">\n\t\t\t\t\t\t<div class=\"elementor-container elementor-column-gap-default\">\n\t\t\t\t\t<div class=\"elementor-column elementor-col-50 elementor-top-column elementor-element elementor-element-0c002ef\" data-id=\"0c002ef\" data-element_type=\"column\">\n\t\t\t<div class=\"elementor-widget-wrap elementor-element-populated\">\n\t\t\t\t\t\t<div class=\"elementor-element elementor-element-d5da0f5 elementor-widget elementor-widget-image\" data-id=\"d5da0f5\" data-element_type=\"widget\" data-widget_type=\"image.default\">\n\t\t\t\t<div class=\"elementor-widget-container\">\n\t\t\t\t\t\t\t\t\t\t\t\t\t\t\t<img fetchpriority=\"high\" decoding=\"async\" width=\"660\" height=\"495\" src=\"https:\/\/www.afztekstil.com.tr\/en\/wp-content\/uploads\/2018\/08\/Fotolia_3170138_Subscription_Monthly_M-660x495.jpg\" class=\"attachment-woocommerce_single size-woocommerce_single wp-image-861\" alt=\"\" srcset=\"https:\/\/www.afztekstil.com.tr\/en\/wp-content\/uploads\/2018\/08\/Fotolia_3170138_Subscription_Monthly_M-660x495.jpg 660w, https:\/\/www.afztekstil.com.tr\/en\/wp-content\/uploads\/2018\/08\/Fotolia_3170138_Subscription_Monthly_M-150x113.jpg 150w, https:\/\/www.afztekstil.com.tr\/en\/wp-content\/uploads\/2018\/08\/Fotolia_3170138_Subscription_Monthly_M-300x225.jpg 300w, https:\/\/www.afztekstil.com.tr\/en\/wp-content\/uploads\/2018\/08\/Fotolia_3170138_Subscription_Monthly_M-1024x768.jpg 1024w, https:\/\/www.afztekstil.com.tr\/en\/wp-content\/uploads\/2018\/08\/Fotolia_3170138_Subscription_Monthly_M-768x576.jpg 768w, https:\/\/www.afztekstil.com.tr\/en\/wp-content\/uploads\/2018\/08\/Fotolia_3170138_Subscription_Monthly_M-1536x1152.jpg 1536w, https:\/\/www.afztekstil.com.tr\/en\/wp-content\/uploads\/2018\/08\/Fotolia_3170138_Subscription_Monthly_M-285x214.jpg 285w, https:\/\/www.afztekstil.com.tr\/en\/wp-content\/uploads\/2018\/08\/Fotolia_3170138_Subscription_Monthly_M.jpg 1592w\" sizes=\"(max-width: 660px) 100vw, 660px\" \/>\t\t\t\t\t\t\t\t\t\t\t\t\t\t\t<\/div>\n\t\t\t\t<\/div>\n\t\t\t\t\t<\/div>\n\t\t<\/div>\n\t\t\t\t<div class=\"elementor-column elementor-col-50 elementor-top-column elementor-element elementor-element-7023051\" data-id=\"7023051\" data-element_type=\"column\">\n\t\t\t<div class=\"elementor-widget-wrap elementor-element-populated\">\n\t\t\t\t\t\t<div class=\"elementor-element elementor-element-bd39008 elementor-widget elementor-widget-heading\" data-id=\"bd39008\" data-element_type=\"widget\" data-widget_type=\"heading.default\">\n\t\t\t\t<div class=\"elementor-widget-container\">\n\t\t\t\t\t<h2 class=\"elementor-heading-title elementor-size-default elementor-heading-title elementor-align-after-center\">Digital Printing<\/h2>\t\t\t\t<\/div>\n\t\t\t\t<\/div>\n\t\t\t\t<div class=\"elementor-element elementor-element-eb23fc2 elementor-widget elementor-widget-text-editor\" data-id=\"eb23fc2\" data-element_type=\"widget\" data-widget_type=\"text-editor.default\">\n\t\t\t\t<div class=\"elementor-widget-container\">\n\t\t\t\t\t\t\t\t\t<p style=\"margin: 0cm; margin-bottom: .0001pt;\"><span style=\"color: #0e101a;\">Our digital printing machine within our company has a printing width of 320 cm. Thanks to the fine pattern details of our prints, we direct the outerwear industry. Thanks to its wide printing width, we serve in home textiles.<\/span><\/p>\t\t\t\t\t\t\t\t<\/div>\n\t\t\t\t<\/div>\n\t\t\t\t\t<\/div>\n\t\t<\/div>\n\t\t\t\t\t<\/div>\n\t\t<\/section>\n\t\t\t\t<\/div>\n\t\t","protected":false},"excerpt":{"rendered":"<p>Digital Printing Our digital printing machine within our company has a printing width of 320 cm. Thanks to&#8230;<\/p>\n","protected":false},"author":1,"featured_media":0,"parent":0,"menu_order":0,"comment_status":"closed","ping_status":"closed","template":"elementor_header_footer","meta":{"footnotes":""},"class_list":["post-1498","page","type-page","status-publish","hentry"],"yoast_head":"<!-- This site is optimized with the Yoast SEO plugin v24.5 - https:\/\/yoast.com\/wordpress\/plugins\/seo\/ -->\n<title>Digital Printing - Afz Tekstil Tar\u0131m \u00dcr\u00fcnleri Madencilik San.ve Tic. A.\u015e<\/title>\n<meta name=\"robots\" content=\"index, follow, max-snippet:-1, max-image-preview:large, max-video-preview:-1\" \/>\n<link rel=\"canonical\" href=\"https:\/\/afztekstil.com.tr\/en\/digital-printing\/\" \/>\n<meta property=\"og:locale\" content=\"en_US\" \/>\n<meta property=\"og:type\" content=\"article\" \/>\n<meta property=\"og:title\" content=\"Digital Printing - Afz Tekstil Tar\u0131m \u00dcr\u00fcnleri Madencilik San.ve Tic. A.\u015e\" \/>\n<meta property=\"og:description\" content=\"Digital Printing Our digital printing machine within our company has a printing width of 320 cm. Thanks to...\" \/>\n<meta property=\"og:url\" content=\"https:\/\/afztekstil.com.tr\/en\/digital-printing\/\" \/>\n<meta property=\"og:site_name\" content=\"Afz Tekstil Tar\u0131m \u00dcr\u00fcnleri Madencilik San.ve Tic. A.\u015e\" \/>\n<meta property=\"article:modified_time\" content=\"2020-06-11T21:53:47+00:00\" \/>\n<meta property=\"og:image\" content=\"https:\/\/www.afztekstil.com.tr\/en\/wp-content\/uploads\/2018\/08\/Fotolia_3170138_Subscription_Monthly_M-660x495.jpg\" \/>\n<meta name=\"twitter:card\" content=\"summary_large_image\" \/>\n<script type=\"application\/ld+json\" class=\"yoast-schema-graph\">{\"@context\":\"https:\/\/schema.org\",\"@graph\":[{\"@type\":\"WebPage\",\"@id\":\"https:\/\/afztekstil.com.tr\/en\/digital-printing\/\",\"url\":\"https:\/\/afztekstil.com.tr\/en\/digital-printing\/\",\"name\":\"Digital Printing - Afz Tekstil Tar\u0131m \u00dcr\u00fcnleri Madencilik San.ve Tic. A.\u015e\",\"isPartOf\":{\"@id\":\"https:\/\/afztekstil.com.tr\/en\/#website\"},\"primaryImageOfPage\":{\"@id\":\"https:\/\/afztekstil.com.tr\/en\/digital-printing\/#primaryimage\"},\"image\":{\"@id\":\"https:\/\/afztekstil.com.tr\/en\/digital-printing\/#primaryimage\"},\"thumbnailUrl\":\"https:\/\/www.afztekstil.com.tr\/en\/wp-content\/uploads\/2018\/08\/Fotolia_3170138_Subscription_Monthly_M-660x495.jpg\",\"datePublished\":\"2020-06-02T09:45:05+00:00\",\"dateModified\":\"2020-06-11T21:53:47+00:00\",\"breadcrumb\":{\"@id\":\"https:\/\/afztekstil.com.tr\/en\/digital-printing\/#breadcrumb\"},\"inLanguage\":\"en-US\",\"potentialAction\":[{\"@type\":\"ReadAction\",\"target\":[\"https:\/\/afztekstil.com.tr\/en\/digital-printing\/\"]}]},{\"@type\":\"ImageObject\",\"inLanguage\":\"en-US\",\"@id\":\"https:\/\/afztekstil.com.tr\/en\/digital-printing\/#primaryimage\",\"url\":\"https:\/\/www.afztekstil.com.tr\/en\/wp-content\/uploads\/2018\/08\/Fotolia_3170138_Subscription_Monthly_M-660x495.jpg\",\"contentUrl\":\"https:\/\/www.afztekstil.com.tr\/en\/wp-content\/uploads\/2018\/08\/Fotolia_3170138_Subscription_Monthly_M-660x495.jpg\"},{\"@type\":\"BreadcrumbList\",\"@id\":\"https:\/\/afztekstil.com.tr\/en\/digital-printing\/#breadcrumb\",\"itemListElement\":[{\"@type\":\"ListItem\",\"position\":1,\"name\":\"Home\",\"item\":\"https:\/\/afztekstil.com.tr\/en\/\"},{\"@type\":\"ListItem\",\"position\":2,\"name\":\"Digital Printing\"}]},{\"@type\":\"WebSite\",\"@id\":\"https:\/\/afztekstil.com.tr\/en\/#website\",\"url\":\"https:\/\/afztekstil.com.tr\/en\/\",\"name\":\"Afz Tekstil Tar\u0131m \u00dcr\u00fcnleri Madencilik San.ve Tic. A.\u015e\",\"description\":\"Boya | Apre | Ev Tekstili | Otel Tekstili\",\"potentialAction\":[{\"@type\":\"SearchAction\",\"target\":{\"@type\":\"EntryPoint\",\"urlTemplate\":\"https:\/\/afztekstil.com.tr\/en\/?s={search_term_string}\"},\"query-input\":{\"@type\":\"PropertyValueSpecification\",\"valueRequired\":true,\"valueName\":\"search_term_string\"}}],\"inLanguage\":\"en-US\"}]}<\/script>\n<!-- \/ Yoast SEO plugin. -->","yoast_head_json":{"title":"Digital Printing - Afz Tekstil Tar\u0131m \u00dcr\u00fcnleri Madencilik San.ve Tic. A.\u015e","robots":{"index":"index","follow":"follow","max-snippet":"max-snippet:-1","max-image-preview":"max-image-preview:large","max-video-preview":"max-video-preview:-1"},"canonical":"https:\/\/afztekstil.com.tr\/en\/digital-printing\/","og_locale":"en_US","og_type":"article","og_title":"Digital Printing - Afz Tekstil Tar\u0131m \u00dcr\u00fcnleri Madencilik San.ve Tic. A.\u015e","og_description":"Digital Printing Our digital printing machine within our company has a printing width of 320 cm. Thanks to...","og_url":"https:\/\/afztekstil.com.tr\/en\/digital-printing\/","og_site_name":"Afz Tekstil Tar\u0131m \u00dcr\u00fcnleri Madencilik San.ve Tic. A.\u015e","article_modified_time":"2020-06-11T21:53:47+00:00","og_image":[{"url":"https:\/\/www.afztekstil.com.tr\/en\/wp-content\/uploads\/2018\/08\/Fotolia_3170138_Subscription_Monthly_M-660x495.jpg","type":"","width":"","height":""}],"twitter_card":"summary_large_image","schema":{"@context":"https:\/\/schema.org","@graph":[{"@type":"WebPage","@id":"https:\/\/afztekstil.com.tr\/en\/digital-printing\/","url":"https:\/\/afztekstil.com.tr\/en\/digital-printing\/","name":"Digital Printing - Afz Tekstil Tar\u0131m \u00dcr\u00fcnleri Madencilik San.ve Tic. A.\u015e","isPartOf":{"@id":"https:\/\/afztekstil.com.tr\/en\/#website"},"primaryImageOfPage":{"@id":"https:\/\/afztekstil.com.tr\/en\/digital-printing\/#primaryimage"},"image":{"@id":"https:\/\/afztekstil.com.tr\/en\/digital-printing\/#primaryimage"},"thumbnailUrl":"https:\/\/www.afztekstil.com.tr\/en\/wp-content\/uploads\/2018\/08\/Fotolia_3170138_Subscription_Monthly_M-660x495.jpg","datePublished":"2020-06-02T09:45:05+00:00","dateModified":"2020-06-11T21:53:47+00:00","breadcrumb":{"@id":"https:\/\/afztekstil.com.tr\/en\/digital-printing\/#breadcrumb"},"inLanguage":"en-US","potentialAction":[{"@type":"ReadAction","target":["https:\/\/afztekstil.com.tr\/en\/digital-printing\/"]}]},{"@type":"ImageObject","inLanguage":"en-US","@id":"https:\/\/afztekstil.com.tr\/en\/digital-printing\/#primaryimage","url":"https:\/\/www.afztekstil.com.tr\/en\/wp-content\/uploads\/2018\/08\/Fotolia_3170138_Subscription_Monthly_M-660x495.jpg","contentUrl":"https:\/\/www.afztekstil.com.tr\/en\/wp-content\/uploads\/2018\/08\/Fotolia_3170138_Subscription_Monthly_M-660x495.jpg"},{"@type":"BreadcrumbList","@id":"https:\/\/afztekstil.com.tr\/en\/digital-printing\/#breadcrumb","itemListElement":[{"@type":"ListItem","position":1,"name":"Home","item":"https:\/\/afztekstil.com.tr\/en\/"},{"@type":"ListItem","position":2,"name":"Digital Printing"}]},{"@type":"WebSite","@id":"https:\/\/afztekstil.com.tr\/en\/#website","url":"https:\/\/afztekstil.com.tr\/en\/","name":"Afz Tekstil Tar\u0131m \u00dcr\u00fcnleri Madencilik San.ve Tic. A.\u015e","description":"Boya | Apre | Ev Tekstili | Otel Tekstili","potentialAction":[{"@type":"SearchAction","target":{"@type":"EntryPoint","urlTemplate":"https:\/\/afztekstil.com.tr\/en\/?s={search_term_string}"},"query-input":{"@type":"PropertyValueSpecification","valueRequired":true,"valueName":"search_term_string"}}],"inLanguage":"en-US"}]}},"_links":{"self":[{"href":"https:\/\/afztekstil.com.tr\/en\/wp-json\/wp\/v2\/pages\/1498","targetHints":{"allow":["GET"]}}],"collection":[{"href":"https:\/\/afztekstil.com.tr\/en\/wp-json\/wp\/v2\/pages"}],"about":[{"href":"https:\/\/afztekstil.com.tr\/en\/wp-json\/wp\/v2\/types\/page"}],"author":[{"embeddable":true,"href":"https:\/\/afztekstil.com.tr\/en\/wp-json\/wp\/v2\/users\/1"}],"replies":[{"embeddable":true,"href":"https:\/\/afztekstil.com.tr\/en\/wp-json\/wp\/v2\/comments?post=1498"}],"version-history":[{"count":5,"href":"https:\/\/afztekstil.com.tr\/en\/wp-json\/wp\/v2\/pages\/1498\/revisions"}],"predecessor-version":[{"id":1861,"href":"https:\/\/afztekstil.com.tr\/en\/wp-json\/wp\/v2\/pages\/1498\/revisions\/1861"}],"wp:attachment":[{"href":"https:\/\/afztekstil.com.tr\/en\/wp-json\/wp\/v2\/media?parent=1498"}],"curies":[{"name":"wp","href":"https:\/\/api.w.org\/{rel}","templated":true}]}}