{"id":1441,"date":"2020-06-01T16:43:06","date_gmt":"2020-06-01T13:43:06","guid":{"rendered":"https:\/\/afztekstil.com.tr\/new2\/?page_id=1441"},"modified":"2020-06-12T00:40:20","modified_gmt":"2020-06-11T21:40:20","slug":"quality-energy-policy","status":"publish","type":"page","link":"https:\/\/afztekstil.com.tr\/en\/quality-energy-policy\/","title":{"rendered":"Quality &#038; Energy Policy"},"content":{"rendered":"\t\t<div data-elementor-type=\"wp-page\" data-elementor-id=\"1441\" class=\"elementor elementor-1441\">\n\t\t\t\t\t\t<section class=\"elementor-section elementor-top-section elementor-element elementor-element-88898b2 elementor-section-boxed elementor-section-height-default elementor-section-height-default\" data-id=\"88898b2\" data-element_type=\"section\">\n\t\t\t\t\t\t<div class=\"elementor-container elementor-column-gap-default\">\n\t\t\t\t\t<div class=\"elementor-column elementor-col-33 elementor-top-column elementor-element elementor-element-6cc095c\" data-id=\"6cc095c\" data-element_type=\"column\">\n\t\t\t<div class=\"elementor-widget-wrap\">\n\t\t\t\t\t\t\t<\/div>\n\t\t<\/div>\n\t\t\t\t<div class=\"elementor-column elementor-col-33 elementor-top-column elementor-element elementor-element-fbdcf03\" data-id=\"fbdcf03\" data-element_type=\"column\" data-settings=\"{&quot;background_background&quot;:&quot;classic&quot;}\">\n\t\t\t<div class=\"elementor-widget-wrap elementor-element-populated\">\n\t\t\t\t\t\t<div class=\"elementor-element elementor-element-1ddb275 elementor-widget elementor-widget-image\" data-id=\"1ddb275\" data-element_type=\"widget\" data-widget_type=\"image.default\">\n\t\t\t\t<div class=\"elementor-widget-container\">\n\t\t\t\t\t\t\t\t\t\t\t\t\t\t\t<img decoding=\"async\" width=\"100\" height=\"97\" src=\"https:\/\/www.afztekstil.com.tr\/en\/wp-content\/uploads\/2018\/07\/logo2.png\" class=\"elementor-animation-pop attachment-large size-large wp-image-1185\" alt=\"\" \/>\t\t\t\t\t\t\t\t\t\t\t\t\t\t\t<\/div>\n\t\t\t\t<\/div>\n\t\t\t\t\t<\/div>\n\t\t<\/div>\n\t\t\t\t<div class=\"elementor-column elementor-col-33 elementor-top-column elementor-element elementor-element-9e10781\" data-id=\"9e10781\" data-element_type=\"column\">\n\t\t\t<div class=\"elementor-widget-wrap\">\n\t\t\t\t\t\t\t<\/div>\n\t\t<\/div>\n\t\t\t\t\t<\/div>\n\t\t<\/section>\n\t\t\t\t<section class=\"elementor-section elementor-top-section elementor-element elementor-element-89cd081 elementor-section-boxed elementor-section-height-default elementor-section-height-default\" data-id=\"89cd081\" data-element_type=\"section\">\n\t\t\t\t\t\t<div class=\"elementor-container elementor-column-gap-default\">\n\t\t\t\t\t<div class=\"elementor-column elementor-col-100 elementor-top-column elementor-element elementor-element-0bb7186\" data-id=\"0bb7186\" data-element_type=\"column\">\n\t\t\t<div class=\"elementor-widget-wrap elementor-element-populated\">\n\t\t\t\t\t\t<div class=\"elementor-element elementor-element-0ffc783 elementor-widget elementor-widget-heading\" data-id=\"0ffc783\" data-element_type=\"widget\" data-widget_type=\"heading.default\">\n\t\t\t\t<div class=\"elementor-widget-container\">\n\t\t\t\t\t<div class=\"elementor-heading-title elementor-size-xl elementor-heading-title elementor-size-xl elementor-align-after-center\">OUR QUALITY AND ENERGY POLICY\n<\/div>\t\t\t\t<\/div>\n\t\t\t\t<\/div>\n\t\t\t\t\t<\/div>\n\t\t<\/div>\n\t\t\t\t\t<\/div>\n\t\t<\/section>\n\t\t\t\t<section class=\"elementor-section elementor-top-section elementor-element elementor-element-f35f847 elementor-section-boxed elementor-section-height-default elementor-section-height-default\" data-id=\"f35f847\" data-element_type=\"section\">\n\t\t\t\t\t\t<div class=\"elementor-container elementor-column-gap-default\">\n\t\t\t\t\t<div class=\"elementor-column elementor-col-100 elementor-top-column elementor-element elementor-element-338a19d\" data-id=\"338a19d\" data-element_type=\"column\">\n\t\t\t<div class=\"elementor-widget-wrap elementor-element-populated\">\n\t\t\t\t\t\t<div class=\"elementor-element elementor-element-b35626e elementor-widget elementor-widget-text-editor\" data-id=\"b35626e\" data-element_type=\"widget\" data-widget_type=\"text-editor.default\">\n\t\t\t\t<div class=\"elementor-widget-container\">\n\t\t\t\t\t\t\t\t\t<ul><li><p>We guarantee;<\/p><ul><li>To meet the expectations and needs of our customers in the dyeing and finishing industry as a company that respects the environment,<\/li><li>To give importance to efficiency and performance in our works and to increase our quality and energy performance by continuously improving,<\/li><li>Being careful in using raw materials and reducing natural resource consumption,<\/li><li>To control and reduce our energy consumption by using all necessary resources and information in line with our goals and objectives,<\/li><li>Considering energy performance in the design and modifications of our facilities, equipment, processes,<\/li><li>Buying and using energy-efficient products and services,<\/li><li>To ensure the participation of our employees in the management system activities,<\/li><li>To ensure compliance of our suppliers with the established policy,<\/li><li>By increasing the awareness of our employees, implementing the requirements of ISO 9001, ISO 50001 standards with the participation of all our employees, and improving them continuously.<\/li><li>To taking the necessary actions to improve quality and to improve continuously.<\/li><\/ul><\/li><\/ul>\t\t\t\t\t\t\t\t<\/div>\n\t\t\t\t<\/div>\n\t\t\t\t\t<\/div>\n\t\t<\/div>\n\t\t\t\t\t<\/div>\n\t\t<\/section>\n\t\t\t\t<section class=\"elementor-section elementor-top-section elementor-element elementor-element-90aafe3 elementor-section-boxed elementor-section-height-default elementor-section-height-default\" data-id=\"90aafe3\" data-element_type=\"section\">\n\t\t\t\t\t\t<div class=\"elementor-container elementor-column-gap-default\">\n\t\t\t\t\t<div class=\"elementor-column elementor-col-25 elementor-top-column elementor-element elementor-element-e1b261b\" data-id=\"e1b261b\" data-element_type=\"column\">\n\t\t\t<div class=\"elementor-widget-wrap\">\n\t\t\t\t\t\t\t<\/div>\n\t\t<\/div>\n\t\t\t\t<div class=\"elementor-column elementor-col-25 elementor-top-column elementor-element elementor-element-85d75fe\" data-id=\"85d75fe\" data-element_type=\"column\">\n\t\t\t<div class=\"elementor-widget-wrap\">\n\t\t\t\t\t\t\t<\/div>\n\t\t<\/div>\n\t\t\t\t<div class=\"elementor-column elementor-col-25 elementor-top-column elementor-element elementor-element-831ed7c\" data-id=\"831ed7c\" data-element_type=\"column\">\n\t\t\t<div class=\"elementor-widget-wrap elementor-element-populated\">\n\t\t\t\t\t\t<div class=\"elementor-element elementor-element-edca267 elementor-widget elementor-widget-text-editor\" data-id=\"edca267\" data-element_type=\"widget\" data-widget_type=\"text-editor.default\">\n\t\t\t\t<div class=\"elementor-widget-container\">\n\t\t\t\t\t\t\t\t\t<p>Fatih ZORA<\/p><p><strong>General Manager\u00a0 \u00a0 \u00a0 \u00a0<\/strong><\/p>\t\t\t\t\t\t\t\t<\/div>\n\t\t\t\t<\/div>\n\t\t\t\t\t<\/div>\n\t\t<\/div>\n\t\t\t\t<div class=\"elementor-column elementor-col-25 elementor-top-column elementor-element elementor-element-0d77ea1\" data-id=\"0d77ea1\" data-element_type=\"column\">\n\t\t\t<div class=\"elementor-widget-wrap elementor-element-populated\">\n\t\t\t\t\t\t<div class=\"elementor-element elementor-element-bd4f8b8 elementor-widget elementor-widget-text-editor\" data-id=\"bd4f8b8\" data-element_type=\"widget\" data-widget_type=\"text-editor.default\">\n\t\t\t\t<div class=\"elementor-widget-container\">\n\t\t\t\t\t\t\t\t\t<p>01.08.2018<\/p>\t\t\t\t\t\t\t\t<\/div>\n\t\t\t\t<\/div>\n\t\t\t\t\t<\/div>\n\t\t<\/div>\n\t\t\t\t\t<\/div>\n\t\t<\/section>\n\t\t\t\t<\/div>\n\t\t","protected":false},"excerpt":{"rendered":"<p>OUR QUALITY AND ENERGY POLICY We guarantee; To meet the expectations and needs of our customers in the&#8230;<\/p>\n","protected":false},"author":1,"featured_media":0,"parent":0,"menu_order":0,"comment_status":"closed","ping_status":"closed","template":"elementor_header_footer","meta":{"footnotes":""},"class_list":["post-1441","page","type-page","status-publish","hentry"],"yoast_head":"<!-- This site is optimized with the Yoast SEO plugin v24.5 - https:\/\/yoast.com\/wordpress\/plugins\/seo\/ -->\n<title>Quality &amp; Energy Policy - Afz Tekstil Tar\u0131m \u00dcr\u00fcnleri Madencilik San.ve Tic. A.\u015e<\/title>\n<meta name=\"robots\" content=\"index, follow, max-snippet:-1, max-image-preview:large, max-video-preview:-1\" \/>\n<link rel=\"canonical\" href=\"https:\/\/afztekstil.com.tr\/en\/quality-energy-policy\/\" \/>\n<meta property=\"og:locale\" content=\"en_US\" \/>\n<meta property=\"og:type\" content=\"article\" \/>\n<meta property=\"og:title\" content=\"Quality &amp; Energy Policy - Afz Tekstil Tar\u0131m \u00dcr\u00fcnleri Madencilik San.ve Tic. A.\u015e\" \/>\n<meta property=\"og:description\" content=\"OUR QUALITY AND ENERGY POLICY We guarantee; To meet the expectations and needs of our customers in the...\" \/>\n<meta property=\"og:url\" content=\"https:\/\/afztekstil.com.tr\/en\/quality-energy-policy\/\" \/>\n<meta property=\"og:site_name\" content=\"Afz Tekstil Tar\u0131m \u00dcr\u00fcnleri Madencilik San.ve Tic. A.\u015e\" \/>\n<meta property=\"article:modified_time\" content=\"2020-06-11T21:40:20+00:00\" \/>\n<meta property=\"og:image\" content=\"https:\/\/www.afztekstil.com.tr\/en\/wp-content\/uploads\/2018\/07\/logo2.png\" \/>\n<meta name=\"twitter:card\" content=\"summary_large_image\" \/>\n<meta name=\"twitter:label1\" content=\"Est. reading time\" \/>\n\t<meta name=\"twitter:data1\" content=\"1 minute\" \/>\n<script type=\"application\/ld+json\" class=\"yoast-schema-graph\">{\"@context\":\"https:\/\/schema.org\",\"@graph\":[{\"@type\":\"WebPage\",\"@id\":\"https:\/\/afztekstil.com.tr\/en\/quality-energy-policy\/\",\"url\":\"https:\/\/afztekstil.com.tr\/en\/quality-energy-policy\/\",\"name\":\"Quality & Energy Policy - Afz Tekstil Tar\u0131m \u00dcr\u00fcnleri Madencilik San.ve Tic. A.\u015e\",\"isPartOf\":{\"@id\":\"https:\/\/afztekstil.com.tr\/en\/#website\"},\"primaryImageOfPage\":{\"@id\":\"https:\/\/afztekstil.com.tr\/en\/quality-energy-policy\/#primaryimage\"},\"image\":{\"@id\":\"https:\/\/afztekstil.com.tr\/en\/quality-energy-policy\/#primaryimage\"},\"thumbnailUrl\":\"https:\/\/www.afztekstil.com.tr\/en\/wp-content\/uploads\/2018\/07\/logo2.png\",\"datePublished\":\"2020-06-01T13:43:06+00:00\",\"dateModified\":\"2020-06-11T21:40:20+00:00\",\"breadcrumb\":{\"@id\":\"https:\/\/afztekstil.com.tr\/en\/quality-energy-policy\/#breadcrumb\"},\"inLanguage\":\"en-US\",\"potentialAction\":[{\"@type\":\"ReadAction\",\"target\":[\"https:\/\/afztekstil.com.tr\/en\/quality-energy-policy\/\"]}]},{\"@type\":\"ImageObject\",\"inLanguage\":\"en-US\",\"@id\":\"https:\/\/afztekstil.com.tr\/en\/quality-energy-policy\/#primaryimage\",\"url\":\"https:\/\/www.afztekstil.com.tr\/en\/wp-content\/uploads\/2018\/07\/logo2.png\",\"contentUrl\":\"https:\/\/www.afztekstil.com.tr\/en\/wp-content\/uploads\/2018\/07\/logo2.png\"},{\"@type\":\"BreadcrumbList\",\"@id\":\"https:\/\/afztekstil.com.tr\/en\/quality-energy-policy\/#breadcrumb\",\"itemListElement\":[{\"@type\":\"ListItem\",\"position\":1,\"name\":\"Home\",\"item\":\"https:\/\/afztekstil.com.tr\/en\/\"},{\"@type\":\"ListItem\",\"position\":2,\"name\":\"Quality &#038; Energy Policy\"}]},{\"@type\":\"WebSite\",\"@id\":\"https:\/\/afztekstil.com.tr\/en\/#website\",\"url\":\"https:\/\/afztekstil.com.tr\/en\/\",\"name\":\"Afz Tekstil Tar\u0131m \u00dcr\u00fcnleri Madencilik San.ve Tic. A.\u015e\",\"description\":\"Boya | Apre | Ev Tekstili | Otel Tekstili\",\"potentialAction\":[{\"@type\":\"SearchAction\",\"target\":{\"@type\":\"EntryPoint\",\"urlTemplate\":\"https:\/\/afztekstil.com.tr\/en\/?s={search_term_string}\"},\"query-input\":{\"@type\":\"PropertyValueSpecification\",\"valueRequired\":true,\"valueName\":\"search_term_string\"}}],\"inLanguage\":\"en-US\"}]}<\/script>\n<!-- \/ Yoast SEO plugin. -->","yoast_head_json":{"title":"Quality & Energy Policy - Afz Tekstil Tar\u0131m \u00dcr\u00fcnleri Madencilik San.ve Tic. A.\u015e","robots":{"index":"index","follow":"follow","max-snippet":"max-snippet:-1","max-image-preview":"max-image-preview:large","max-video-preview":"max-video-preview:-1"},"canonical":"https:\/\/afztekstil.com.tr\/en\/quality-energy-policy\/","og_locale":"en_US","og_type":"article","og_title":"Quality & Energy Policy - Afz Tekstil Tar\u0131m \u00dcr\u00fcnleri Madencilik San.ve Tic. A.\u015e","og_description":"OUR QUALITY AND ENERGY POLICY We guarantee; To meet the expectations and needs of our customers in the...","og_url":"https:\/\/afztekstil.com.tr\/en\/quality-energy-policy\/","og_site_name":"Afz Tekstil Tar\u0131m \u00dcr\u00fcnleri Madencilik San.ve Tic. A.\u015e","article_modified_time":"2020-06-11T21:40:20+00:00","og_image":[{"url":"https:\/\/www.afztekstil.com.tr\/en\/wp-content\/uploads\/2018\/07\/logo2.png","type":"","width":"","height":""}],"twitter_card":"summary_large_image","twitter_misc":{"Est. reading time":"1 minute"},"schema":{"@context":"https:\/\/schema.org","@graph":[{"@type":"WebPage","@id":"https:\/\/afztekstil.com.tr\/en\/quality-energy-policy\/","url":"https:\/\/afztekstil.com.tr\/en\/quality-energy-policy\/","name":"Quality & Energy Policy - Afz Tekstil Tar\u0131m \u00dcr\u00fcnleri Madencilik San.ve Tic. A.\u015e","isPartOf":{"@id":"https:\/\/afztekstil.com.tr\/en\/#website"},"primaryImageOfPage":{"@id":"https:\/\/afztekstil.com.tr\/en\/quality-energy-policy\/#primaryimage"},"image":{"@id":"https:\/\/afztekstil.com.tr\/en\/quality-energy-policy\/#primaryimage"},"thumbnailUrl":"https:\/\/www.afztekstil.com.tr\/en\/wp-content\/uploads\/2018\/07\/logo2.png","datePublished":"2020-06-01T13:43:06+00:00","dateModified":"2020-06-11T21:40:20+00:00","breadcrumb":{"@id":"https:\/\/afztekstil.com.tr\/en\/quality-energy-policy\/#breadcrumb"},"inLanguage":"en-US","potentialAction":[{"@type":"ReadAction","target":["https:\/\/afztekstil.com.tr\/en\/quality-energy-policy\/"]}]},{"@type":"ImageObject","inLanguage":"en-US","@id":"https:\/\/afztekstil.com.tr\/en\/quality-energy-policy\/#primaryimage","url":"https:\/\/www.afztekstil.com.tr\/en\/wp-content\/uploads\/2018\/07\/logo2.png","contentUrl":"https:\/\/www.afztekstil.com.tr\/en\/wp-content\/uploads\/2018\/07\/logo2.png"},{"@type":"BreadcrumbList","@id":"https:\/\/afztekstil.com.tr\/en\/quality-energy-policy\/#breadcrumb","itemListElement":[{"@type":"ListItem","position":1,"name":"Home","item":"https:\/\/afztekstil.com.tr\/en\/"},{"@type":"ListItem","position":2,"name":"Quality &#038; Energy Policy"}]},{"@type":"WebSite","@id":"https:\/\/afztekstil.com.tr\/en\/#website","url":"https:\/\/afztekstil.com.tr\/en\/","name":"Afz Tekstil Tar\u0131m \u00dcr\u00fcnleri Madencilik San.ve Tic. A.\u015e","description":"Boya | Apre | Ev Tekstili | Otel Tekstili","potentialAction":[{"@type":"SearchAction","target":{"@type":"EntryPoint","urlTemplate":"https:\/\/afztekstil.com.tr\/en\/?s={search_term_string}"},"query-input":{"@type":"PropertyValueSpecification","valueRequired":true,"valueName":"search_term_string"}}],"inLanguage":"en-US"}]}},"_links":{"self":[{"href":"https:\/\/afztekstil.com.tr\/en\/wp-json\/wp\/v2\/pages\/1441","targetHints":{"allow":["GET"]}}],"collection":[{"href":"https:\/\/afztekstil.com.tr\/en\/wp-json\/wp\/v2\/pages"}],"about":[{"href":"https:\/\/afztekstil.com.tr\/en\/wp-json\/wp\/v2\/types\/page"}],"author":[{"embeddable":true,"href":"https:\/\/afztekstil.com.tr\/en\/wp-json\/wp\/v2\/users\/1"}],"replies":[{"embeddable":true,"href":"https:\/\/afztekstil.com.tr\/en\/wp-json\/wp\/v2\/comments?post=1441"}],"version-history":[{"count":28,"href":"https:\/\/afztekstil.com.tr\/en\/wp-json\/wp\/v2\/pages\/1441\/revisions"}],"predecessor-version":[{"id":1847,"href":"https:\/\/afztekstil.com.tr\/en\/wp-json\/wp\/v2\/pages\/1441\/revisions\/1847"}],"wp:attachment":[{"href":"https:\/\/afztekstil.com.tr\/en\/wp-json\/wp\/v2\/media?parent=1441"}],"curies":[{"name":"wp","href":"https:\/\/api.w.org\/{rel}","templated":true}]}}