{"id":1417,"date":"2020-05-27T15:05:59","date_gmt":"2020-05-27T12:05:59","guid":{"rendered":"https:\/\/afztekstil.com.tr\/new2\/?page_id=1417"},"modified":"2021-09-09T17:09:25","modified_gmt":"2021-09-09T14:09:25","slug":"dyeing","status":"publish","type":"page","link":"https:\/\/afztekstil.com.tr\/en\/dyeing\/","title":{"rendered":"Dyeing"},"content":{"rendered":"\t\t<div data-elementor-type=\"wp-page\" data-elementor-id=\"1417\" class=\"elementor elementor-1417\">\n\t\t\t\t\t\t<section class=\"elementor-section elementor-top-section elementor-element elementor-element-583374c elementor-section-boxed elementor-section-height-default elementor-section-height-default\" data-id=\"583374c\" data-element_type=\"section\">\n\t\t\t\t\t\t<div class=\"elementor-container elementor-column-gap-default\">\n\t\t\t\t\t<div class=\"elementor-column elementor-col-100 elementor-top-column elementor-element elementor-element-c1d2d7f\" data-id=\"c1d2d7f\" data-element_type=\"column\">\n\t\t\t<div class=\"elementor-widget-wrap elementor-element-populated\">\n\t\t\t\t\t\t<div class=\"elementor-element elementor-element-86c3245 elementor-widget elementor-widget-heading\" data-id=\"86c3245\" data-element_type=\"widget\" data-widget_type=\"heading.default\">\n\t\t\t\t<div class=\"elementor-widget-container\">\n\t\t\t\t\t<h2 class=\"elementor-heading-title elementor-size-default elementor-heading-title elementor-align-after-center\">Dyeing<\/h2>\t\t\t\t<\/div>\n\t\t\t\t<\/div>\n\t\t\t\t<div class=\"elementor-element elementor-element-93c3561 elementor-widget elementor-widget-text-editor\" data-id=\"93c3561\" data-element_type=\"widget\" data-widget_type=\"text-editor.default\">\n\t\t\t\t<div class=\"elementor-widget-container\">\n\t\t\t\t\t\t\t\t\t<p style=\"margin: 0cm; margin-bottom: .0001pt;\"><span style=\"color: #0e101a;\">Knitting (interlock, rib, single jersey, camisole, two threads, three threads, welsoft) and woven (towels, robe, velvet, cloth, warp mayer) in cotton, polyester, polyamide, viscose, modal, bamboo and their cotton blends in HT dyeing and we apply pique, home textile fabrics (from 100 cm to 320 cm), outerwear (from 160 cm to 240 cm), contract dyeing and finishing.<\/span><\/p>\n<p style=\"margin: 0cm; margin-bottom: .0001pt;\"><span style=\"color: #0e101a;\">&nbsp;<\/span><\/p>\n<p style=\"margin: 0cm; margin-bottom: .0001pt;\"><span style=\"color: #0e101a;\">Our HT machines with capacities ranging from 5 kg to 1600 kg have an automatic dosing system and we can dye 25 tons per day.<\/span><\/p>\n<p style=\"margin: 0cm; margin-bottom: .0001pt;\"><span style=\"color: #0e101a;\">We have an open width from 100 cm to 320 cm and we have a daily capacity of 10 tons.<\/span><\/p>\n<p style=\"margin: 0cm; margin-bottom: .0001pt;\"><span style=\"color: #0e101a;\">&nbsp;Mercerized, knitted and woven sanforizing processes are also carried out.<\/span><\/p>\n<p style=\"margin: 0cm; margin-bottom: .0001pt;\"><span style=\"color: #0e101a;\">&nbsp;It has a carbon brush, raising, woven raising, and effective finishing processes that can be done.<\/span><\/p>\n<p style=\"margin: 0cm; margin-bottom: .0001pt;\"><span style=\"color: #0e101a;\">&nbsp;<\/span><\/p>\t\t\t\t\t\t\t\t<\/div>\n\t\t\t\t<\/div>\n\t\t\t\t\t<\/div>\n\t\t<\/div>\n\t\t\t\t\t<\/div>\n\t\t<\/section>\n\t\t\t\t<section class=\"elementor-section elementor-top-section elementor-element elementor-element-2027360 elementor-section-boxed elementor-section-height-default elementor-section-height-default\" data-id=\"2027360\" data-element_type=\"section\">\n\t\t\t\t\t\t<div class=\"elementor-container elementor-column-gap-default\">\n\t\t\t\t\t<div class=\"elementor-column elementor-col-50 elementor-top-column elementor-element elementor-element-ee98bed\" data-id=\"ee98bed\" data-element_type=\"column\">\n\t\t\t<div class=\"elementor-widget-wrap elementor-element-populated\">\n\t\t\t\t\t\t<div class=\"elementor-element elementor-element-a035d2d elementor-invisible elementor-widget elementor-widget-heading\" data-id=\"a035d2d\" data-element_type=\"widget\" data-settings=\"{&quot;_animation&quot;:&quot;fadeIn&quot;}\" data-widget_type=\"heading.default\">\n\t\t\t\t<div class=\"elementor-widget-container\">\n\t\t\t\t\t<h3 class=\"elementor-heading-title elementor-size-default elementor-heading-title\">Our Rope Dyeing Machine Line<\/h3>\t\t\t\t<\/div>\n\t\t\t\t<\/div>\n\t\t\t\t<div class=\"elementor-element elementor-element-0110890 elementor-invisible elementor-widget elementor-widget-text-editor\" data-id=\"0110890\" data-element_type=\"widget\" data-settings=\"{&quot;_animation&quot;:&quot;fadeIn&quot;}\" data-widget_type=\"text-editor.default\">\n\t\t\t\t<div class=\"elementor-widget-container\">\n\t\t\t\t\t\t\t\t\t<ul><li>1 Piece 1600 Kg Dyeing Machine<\/li><li>1 Piece 1000 Kg Dyeing Machine (2015 Model)<\/li><li>2 Pieces 800 Kg Dyeing\u00a0Machine (2015 Model)<\/li><li>2 Pieces 600 Kg Dyeing\u00a0Machine (2015 Model)<\/li><li>2 Pieces 400 Kg Dyeing\u00a0Machine (2015 Model)<\/li><li>1 Piece 300 Kg Dyeing\u00a0Machine (2015 Model)<\/li><li>2 Pieces 200 Kg Dyeing\u00a0Machine (2015 Model)<\/li><li>2 Pieces 110 Kg Dyeing\u00a0Machine (2015 Model)<\/li><li>2 Pieces 50 Kg Dyeing\u00a0Machine (2015 Model)<\/li><li>2 Piece 25 Kg Dyeing\u00a0Machine (2015 Model)<\/li><li>1 Piece 10 Kg Dyeing\u00a0Machine<\/li><li>1 Unit Centrifugal Crimping Machine<\/li><li>2 Balloon Squeezing Machines<\/li><li>2 Pieces Rope Opening Machine<\/li><\/ul>\t\t\t\t\t\t\t\t<\/div>\n\t\t\t\t<\/div>\n\t\t\t\t\t<\/div>\n\t\t<\/div>\n\t\t\t\t<div class=\"elementor-column elementor-col-50 elementor-top-column elementor-element elementor-element-264141d\" data-id=\"264141d\" data-element_type=\"column\">\n\t\t\t<div class=\"elementor-widget-wrap elementor-element-populated\">\n\t\t\t\t\t\t<div class=\"elementor-element elementor-element-7bb159b elementor-invisible elementor-widget elementor-widget-heading\" data-id=\"7bb159b\" data-element_type=\"widget\" data-settings=\"{&quot;_animation&quot;:&quot;fadeInDown&quot;}\" data-widget_type=\"heading.default\">\n\t\t\t\t<div class=\"elementor-widget-container\">\n\t\t\t\t\t<h3 class=\"elementor-heading-title elementor-size-default elementor-heading-title\">Open Width Dyeing Machine Line<\/h3>\t\t\t\t<\/div>\n\t\t\t\t<\/div>\n\t\t\t\t<div class=\"elementor-element elementor-element-5661f05 elementor-invisible elementor-widget elementor-widget-text-editor\" data-id=\"5661f05\" data-element_type=\"widget\" data-settings=\"{&quot;_animation&quot;:&quot;fadeInUp&quot;}\" data-widget_type=\"text-editor.default\">\n\t\t\t\t<div class=\"elementor-widget-container\">\n\t\t\t\t\t\t\t\t\t<ul><li>1 Burning Cold Bleach (320 cm Width)<\/li><li>1 Pad Batch (340 cm Width)<\/li><li>1 Piece Pad Batch (220 cm Width)<\/li><li>Bleaching 1 Count (340 cm Width)<\/li><li>1 Washing Machine<\/li><\/ul>\t\t\t\t\t\t\t\t<\/div>\n\t\t\t\t<\/div>\n\t\t\t\t\t<\/div>\n\t\t<\/div>\n\t\t\t\t\t<\/div>\n\t\t<\/section>\n\t\t\t\t<section class=\"elementor-section elementor-top-section elementor-element elementor-element-7ebb679 elementor-section-boxed elementor-section-height-default elementor-section-height-default\" data-id=\"7ebb679\" data-element_type=\"section\">\n\t\t\t\t\t\t<div class=\"elementor-container elementor-column-gap-default\">\n\t\t\t\t\t<div class=\"elementor-column elementor-col-50 elementor-top-column elementor-element elementor-element-0d61334\" data-id=\"0d61334\" data-element_type=\"column\">\n\t\t\t<div class=\"elementor-widget-wrap elementor-element-populated\">\n\t\t\t\t\t\t<div class=\"elementor-element elementor-element-7c8e346 elementor-widget elementor-widget-heading\" data-id=\"7c8e346\" data-element_type=\"widget\" data-widget_type=\"heading.default\">\n\t\t\t\t<div class=\"elementor-widget-container\">\n\t\t\t\t\t<h3 class=\"elementor-heading-title elementor-size-xxl elementor-heading-title elementor-size-xxl\">Our Drying Machine Line<\/h3>\t\t\t\t<\/div>\n\t\t\t\t<\/div>\n\t\t\t\t<div class=\"elementor-element elementor-element-ec3a1ba elementor-widget elementor-widget-text-editor\" data-id=\"ec3a1ba\" data-element_type=\"widget\" data-widget_type=\"text-editor.default\">\n\t\t\t\t<div class=\"elementor-widget-container\">\n\t\t\t\t\t\t\t\t\t<ul><li>2 pieces of Baraban<\/li><li>1 Piece Air Cushion Drying<\/li><li>1 Piece Biancalani Airo24 Touch Machine<\/li><li>1 Piece Turbang Finishing Scarf and 2 Pieces T\u00fcpsanfor<\/li><li>1 Piece Open Width Sanfor<\/li><li>1 Piece Bruckner Ram\u00f6z 240 cm<\/li><li>1 Piece Bruckner Ram\u00f6z 320 cm<\/li><li>1 Piece Drying Machine<\/li><li>1 Welsoft Raising Machine<\/li><li>1 Double Drum Raising Machine<\/li><li>1 Piece Liza Machine<\/li><\/ul>\t\t\t\t\t\t\t\t<\/div>\n\t\t\t\t<\/div>\n\t\t\t\t\t<\/div>\n\t\t<\/div>\n\t\t\t\t<div class=\"elementor-column elementor-col-50 elementor-top-column elementor-element elementor-element-43d6d66\" data-id=\"43d6d66\" data-element_type=\"column\">\n\t\t\t<div class=\"elementor-widget-wrap elementor-element-populated\">\n\t\t\t\t\t\t<div class=\"elementor-element elementor-element-84be9c2 elementor-widget elementor-widget-heading\" data-id=\"84be9c2\" data-element_type=\"widget\" data-widget_type=\"heading.default\">\n\t\t\t\t<div class=\"elementor-widget-container\">\n\t\t\t\t\t<h3 class=\"elementor-heading-title elementor-size-default elementor-heading-title\">Raw Warehouse And Quality Controls<\/h3>\t\t\t\t<\/div>\n\t\t\t\t<\/div>\n\t\t\t\t<div class=\"elementor-element elementor-element-252dc69 elementor-widget elementor-widget-text-editor\" data-id=\"252dc69\" data-element_type=\"widget\" data-widget_type=\"text-editor.default\">\n\t\t\t\t<div class=\"elementor-widget-container\">\n\t\t\t\t\t\t\t\t\t<ul><li>3 Unpacking and Dock Rolling<\/li><li>1 Tube Turning Machine<\/li><li>2 Pieces Party Preparation Machine<\/li><li>2 Pieces of 4 and 2 Layers Folding Machine<\/li><li>2 Calender Machines<\/li><li>3 Cylinder Winding Machines<\/li><\/ul>\t\t\t\t\t\t\t\t<\/div>\n\t\t\t\t<\/div>\n\t\t\t\t\t<\/div>\n\t\t<\/div>\n\t\t\t\t\t<\/div>\n\t\t<\/section>\n\t\t\t\t<\/div>\n\t\t","protected":false},"excerpt":{"rendered":"<p>Dyeing Knitting (interlock, rib, single jersey, camisole, two threads, three threads, welsoft) and woven (towels, robe, velvet, cloth,&#8230;<\/p>\n","protected":false},"author":1,"featured_media":0,"parent":0,"menu_order":0,"comment_status":"closed","ping_status":"closed","template":"elementor_header_footer","meta":{"footnotes":""},"class_list":["post-1417","page","type-page","status-publish","hentry"],"yoast_head":"<!-- This site is optimized with the Yoast SEO plugin v24.5 - https:\/\/yoast.com\/wordpress\/plugins\/seo\/ -->\n<title>Dyeing - Afz Tekstil Tar\u0131m \u00dcr\u00fcnleri Madencilik San.ve Tic. A.\u015e<\/title>\n<meta name=\"robots\" content=\"index, follow, max-snippet:-1, max-image-preview:large, max-video-preview:-1\" \/>\n<link rel=\"canonical\" href=\"https:\/\/afztekstil.com.tr\/en\/dyeing\/\" \/>\n<meta property=\"og:locale\" content=\"en_US\" \/>\n<meta property=\"og:type\" content=\"article\" \/>\n<meta property=\"og:title\" content=\"Dyeing - Afz Tekstil Tar\u0131m \u00dcr\u00fcnleri Madencilik San.ve Tic. A.\u015e\" \/>\n<meta property=\"og:description\" content=\"Dyeing Knitting (interlock, rib, single jersey, camisole, two threads, three threads, welsoft) and woven (towels, robe, velvet, cloth,...\" \/>\n<meta property=\"og:url\" content=\"https:\/\/afztekstil.com.tr\/en\/dyeing\/\" \/>\n<meta property=\"og:site_name\" content=\"Afz Tekstil Tar\u0131m \u00dcr\u00fcnleri Madencilik San.ve Tic. A.\u015e\" \/>\n<meta property=\"article:modified_time\" content=\"2021-09-09T14:09:25+00:00\" \/>\n<meta name=\"twitter:card\" content=\"summary_large_image\" \/>\n<meta name=\"twitter:label1\" content=\"Est. reading time\" \/>\n\t<meta name=\"twitter:data1\" content=\"1 minute\" \/>\n<script type=\"application\/ld+json\" class=\"yoast-schema-graph\">{\"@context\":\"https:\/\/schema.org\",\"@graph\":[{\"@type\":\"WebPage\",\"@id\":\"https:\/\/afztekstil.com.tr\/en\/dyeing\/\",\"url\":\"https:\/\/afztekstil.com.tr\/en\/dyeing\/\",\"name\":\"Dyeing - Afz Tekstil Tar\u0131m \u00dcr\u00fcnleri Madencilik San.ve Tic. A.\u015e\",\"isPartOf\":{\"@id\":\"https:\/\/afztekstil.com.tr\/en\/#website\"},\"datePublished\":\"2020-05-27T12:05:59+00:00\",\"dateModified\":\"2021-09-09T14:09:25+00:00\",\"breadcrumb\":{\"@id\":\"https:\/\/afztekstil.com.tr\/en\/dyeing\/#breadcrumb\"},\"inLanguage\":\"en-US\",\"potentialAction\":[{\"@type\":\"ReadAction\",\"target\":[\"https:\/\/afztekstil.com.tr\/en\/dyeing\/\"]}]},{\"@type\":\"BreadcrumbList\",\"@id\":\"https:\/\/afztekstil.com.tr\/en\/dyeing\/#breadcrumb\",\"itemListElement\":[{\"@type\":\"ListItem\",\"position\":1,\"name\":\"Home\",\"item\":\"https:\/\/afztekstil.com.tr\/en\/\"},{\"@type\":\"ListItem\",\"position\":2,\"name\":\"Dyeing\"}]},{\"@type\":\"WebSite\",\"@id\":\"https:\/\/afztekstil.com.tr\/en\/#website\",\"url\":\"https:\/\/afztekstil.com.tr\/en\/\",\"name\":\"Afz Tekstil Tar\u0131m \u00dcr\u00fcnleri Madencilik San.ve Tic. A.\u015e\",\"description\":\"Boya | Apre | Ev Tekstili | Otel Tekstili\",\"potentialAction\":[{\"@type\":\"SearchAction\",\"target\":{\"@type\":\"EntryPoint\",\"urlTemplate\":\"https:\/\/afztekstil.com.tr\/en\/?s={search_term_string}\"},\"query-input\":{\"@type\":\"PropertyValueSpecification\",\"valueRequired\":true,\"valueName\":\"search_term_string\"}}],\"inLanguage\":\"en-US\"}]}<\/script>\n<!-- \/ Yoast SEO plugin. -->","yoast_head_json":{"title":"Dyeing - Afz Tekstil Tar\u0131m \u00dcr\u00fcnleri Madencilik San.ve Tic. A.\u015e","robots":{"index":"index","follow":"follow","max-snippet":"max-snippet:-1","max-image-preview":"max-image-preview:large","max-video-preview":"max-video-preview:-1"},"canonical":"https:\/\/afztekstil.com.tr\/en\/dyeing\/","og_locale":"en_US","og_type":"article","og_title":"Dyeing - Afz Tekstil Tar\u0131m \u00dcr\u00fcnleri Madencilik San.ve Tic. A.\u015e","og_description":"Dyeing Knitting (interlock, rib, single jersey, camisole, two threads, three threads, welsoft) and woven (towels, robe, velvet, cloth,...","og_url":"https:\/\/afztekstil.com.tr\/en\/dyeing\/","og_site_name":"Afz Tekstil Tar\u0131m \u00dcr\u00fcnleri Madencilik San.ve Tic. A.\u015e","article_modified_time":"2021-09-09T14:09:25+00:00","twitter_card":"summary_large_image","twitter_misc":{"Est. reading time":"1 minute"},"schema":{"@context":"https:\/\/schema.org","@graph":[{"@type":"WebPage","@id":"https:\/\/afztekstil.com.tr\/en\/dyeing\/","url":"https:\/\/afztekstil.com.tr\/en\/dyeing\/","name":"Dyeing - Afz Tekstil Tar\u0131m \u00dcr\u00fcnleri Madencilik San.ve Tic. A.\u015e","isPartOf":{"@id":"https:\/\/afztekstil.com.tr\/en\/#website"},"datePublished":"2020-05-27T12:05:59+00:00","dateModified":"2021-09-09T14:09:25+00:00","breadcrumb":{"@id":"https:\/\/afztekstil.com.tr\/en\/dyeing\/#breadcrumb"},"inLanguage":"en-US","potentialAction":[{"@type":"ReadAction","target":["https:\/\/afztekstil.com.tr\/en\/dyeing\/"]}]},{"@type":"BreadcrumbList","@id":"https:\/\/afztekstil.com.tr\/en\/dyeing\/#breadcrumb","itemListElement":[{"@type":"ListItem","position":1,"name":"Home","item":"https:\/\/afztekstil.com.tr\/en\/"},{"@type":"ListItem","position":2,"name":"Dyeing"}]},{"@type":"WebSite","@id":"https:\/\/afztekstil.com.tr\/en\/#website","url":"https:\/\/afztekstil.com.tr\/en\/","name":"Afz Tekstil Tar\u0131m \u00dcr\u00fcnleri Madencilik San.ve Tic. A.\u015e","description":"Boya | Apre | Ev Tekstili | Otel Tekstili","potentialAction":[{"@type":"SearchAction","target":{"@type":"EntryPoint","urlTemplate":"https:\/\/afztekstil.com.tr\/en\/?s={search_term_string}"},"query-input":{"@type":"PropertyValueSpecification","valueRequired":true,"valueName":"search_term_string"}}],"inLanguage":"en-US"}]}},"_links":{"self":[{"href":"https:\/\/afztekstil.com.tr\/en\/wp-json\/wp\/v2\/pages\/1417","targetHints":{"allow":["GET"]}}],"collection":[{"href":"https:\/\/afztekstil.com.tr\/en\/wp-json\/wp\/v2\/pages"}],"about":[{"href":"https:\/\/afztekstil.com.tr\/en\/wp-json\/wp\/v2\/types\/page"}],"author":[{"embeddable":true,"href":"https:\/\/afztekstil.com.tr\/en\/wp-json\/wp\/v2\/users\/1"}],"replies":[{"embeddable":true,"href":"https:\/\/afztekstil.com.tr\/en\/wp-json\/wp\/v2\/comments?post=1417"}],"version-history":[{"count":13,"href":"https:\/\/afztekstil.com.tr\/en\/wp-json\/wp\/v2\/pages\/1417\/revisions"}],"predecessor-version":[{"id":2220,"href":"https:\/\/afztekstil.com.tr\/en\/wp-json\/wp\/v2\/pages\/1417\/revisions\/2220"}],"wp:attachment":[{"href":"https:\/\/afztekstil.com.tr\/en\/wp-json\/wp\/v2\/media?parent=1417"}],"curies":[{"name":"wp","href":"https:\/\/api.w.org\/{rel}","templated":true}]}}