{"id":912,"date":"2018-08-23T11:03:08","date_gmt":"2018-08-23T11:03:08","guid":{"rendered":"https:\/\/manufacturer.stylemixthemes.com\/?post_type=product&#038;p=912"},"modified":"2020-06-08T11:55:11","modified_gmt":"2020-06-08T08:55:11","slug":"hotel-textilien","status":"publish","type":"product","link":"https:\/\/afztekstil.com.tr\/de\/produkt\/hotel-textilien\/","title":{"rendered":"Hotel Textilien"},"content":{"rendered":"","protected":false},"excerpt":{"rendered":"<p>Handt\u00fccher mit Logo, Badem\u00e4ntel, Matten, Bettuch und Bettw\u00e4sche geh\u00f6ren zu den speziell f\u00fcr Hotels hergestellten Produkten. Die Einzelheiten sind wie folgt:<\/p>\n<ul>\n<li>Stoffproduktion zwischen 145 TC &#8211; 400 TC<\/li>\n<li>Gestreifte \/ unifarbene<\/li>\n<li>Stoffe Curl-Produktion zwischen 320 Gsm &#8211; 800 Gsm<\/li>\n<li>Jacquard (mit Logo) oder Straight Curls Produktion<\/li>\n<li>Baumwolle Baumwoll-Polyester etc Garnoptionen<\/li>\n<li>Optische wei\u00dfe Malerei<\/li>\n<\/ul>\n","protected":false},"featured_media":1366,"comment_status":"closed","ping_status":"closed","template":"","meta":[],"product_cat":[47],"product_tag":[],"class_list":{"0":"post-912","1":"product","2":"type-product","3":"status-publish","4":"has-post-thumbnail","6":"product_cat-tekstil","8":"first","9":"instock","10":"shipping-taxable","11":"product-type-simple"},"_links":{"self":[{"href":"https:\/\/afztekstil.com.tr\/de\/wp-json\/wp\/v2\/product\/912"}],"collection":[{"href":"https:\/\/afztekstil.com.tr\/de\/wp-json\/wp\/v2\/product"}],"about":[{"href":"https:\/\/afztekstil.com.tr\/de\/wp-json\/wp\/v2\/types\/product"}],"replies":[{"embeddable":true,"href":"https:\/\/afztekstil.com.tr\/de\/wp-json\/wp\/v2\/comments?post=912"}],"version-history":[{"count":2,"href":"https:\/\/afztekstil.com.tr\/de\/wp-json\/wp\/v2\/product\/912\/revisions"}],"predecessor-version":[{"id":1771,"href":"https:\/\/afztekstil.com.tr\/de\/wp-json\/wp\/v2\/product\/912\/revisions\/1771"}],"wp:featuredmedia":[{"embeddable":true,"href":"https:\/\/afztekstil.com.tr\/de\/wp-json\/wp\/v2\/media\/1366"}],"wp:attachment":[{"href":"https:\/\/afztekstil.com.tr\/de\/wp-json\/wp\/v2\/media?parent=912"}],"wp:term":[{"taxonomy":"product_cat","embeddable":true,"href":"https:\/\/afztekstil.com.tr\/de\/wp-json\/wp\/v2\/product_cat?post=912"},{"taxonomy":"product_tag","embeddable":true,"href":"https:\/\/afztekstil.com.tr\/de\/wp-json\/wp\/v2\/product_tag?post=912"}],"curies":[{"name":"wp","href":"https:\/\/api.w.org\/{rel}","templated":true}]}}