{"id":911,"date":"2018-08-23T11:02:42","date_gmt":"2018-08-23T11:02:42","guid":{"rendered":"https:\/\/manufacturer.stylemixthemes.com\/?post_type=product&#038;p=911"},"modified":"2020-06-08T11:56:11","modified_gmt":"2020-06-08T08:56:11","slug":"strand-spa","status":"publish","type":"product","link":"https:\/\/afztekstil.com.tr\/de\/produkt\/strand-spa\/","title":{"rendered":"Strand &#038; Spa"},"content":{"rendered":"","protected":false},"excerpt":{"rendered":"<p>Unsere Produkte mit hoher Saugf\u00e4higkeit und geringer Trocknungszeit werden speziell f\u00fcr Str\u00e4nde und Spas hergestellt. Die Einzelheiten sind wie folgt:<\/p>\n<ul>\n<li>Einstellbare Gr\u00f6\u00dfen<\/li>\n<li>Jacquard-Produktion<\/li>\n<li>Digitaldruckproduktion<\/li>\n<li>Lendenschurzproduktion<\/li>\n<li>Firmenspezifischer Logo-Druck<\/li>\n<\/ul>\n","protected":false},"featured_media":1374,"comment_status":"closed","ping_status":"closed","template":"","meta":[],"product_cat":[47],"product_tag":[],"class_list":{"0":"post-911","1":"product","2":"type-product","3":"status-publish","4":"has-post-thumbnail","6":"product_cat-tekstil","8":"first","9":"instock","10":"shipping-taxable","11":"product-type-simple"},"_links":{"self":[{"href":"https:\/\/afztekstil.com.tr\/de\/wp-json\/wp\/v2\/product\/911"}],"collection":[{"href":"https:\/\/afztekstil.com.tr\/de\/wp-json\/wp\/v2\/product"}],"about":[{"href":"https:\/\/afztekstil.com.tr\/de\/wp-json\/wp\/v2\/types\/product"}],"replies":[{"embeddable":true,"href":"https:\/\/afztekstil.com.tr\/de\/wp-json\/wp\/v2\/comments?post=911"}],"version-history":[{"count":1,"href":"https:\/\/afztekstil.com.tr\/de\/wp-json\/wp\/v2\/product\/911\/revisions"}],"predecessor-version":[{"id":1772,"href":"https:\/\/afztekstil.com.tr\/de\/wp-json\/wp\/v2\/product\/911\/revisions\/1772"}],"wp:featuredmedia":[{"embeddable":true,"href":"https:\/\/afztekstil.com.tr\/de\/wp-json\/wp\/v2\/media\/1374"}],"wp:attachment":[{"href":"https:\/\/afztekstil.com.tr\/de\/wp-json\/wp\/v2\/media?parent=911"}],"wp:term":[{"taxonomy":"product_cat","embeddable":true,"href":"https:\/\/afztekstil.com.tr\/de\/wp-json\/wp\/v2\/product_cat?post=911"},{"taxonomy":"product_tag","embeddable":true,"href":"https:\/\/afztekstil.com.tr\/de\/wp-json\/wp\/v2\/product_tag?post=911"}],"curies":[{"name":"wp","href":"https:\/\/api.w.org\/{rel}","templated":true}]}}