{"id":346,"date":"2018-07-28T16:07:17","date_gmt":"2018-07-28T16:07:17","guid":{"rendered":"https:\/\/manufacturer.stylemixthemes.com\/?page_id=346"},"modified":"2020-06-08T11:04:34","modified_gmt":"2020-06-08T08:04:34","slug":"uber-uns","status":"publish","type":"page","link":"https:\/\/afztekstil.com.tr\/de\/uber-uns\/","title":{"rendered":"\u00dcber Uns"},"content":{"rendered":"\t\t<div data-elementor-type=\"wp-post\" data-elementor-id=\"346\" class=\"elementor elementor-346\">\n\t\t\t\t\t\t<section class=\"elementor-section elementor-top-section elementor-element elementor-element-10b3474 elementor-section-boxed elementor-section-height-default elementor-section-height-default\" data-id=\"10b3474\" data-element_type=\"section\">\n\t\t\t\t\t\t<div class=\"elementor-container elementor-column-gap-default\">\n\t\t\t\t\t<div class=\"elementor-column elementor-col-50 elementor-top-column elementor-element elementor-element-9f7d21a elementor-invisible\" data-id=\"9f7d21a\" data-element_type=\"column\" data-settings=\"{&quot;animation&quot;:&quot;fadeIn&quot;,&quot;background_background&quot;:&quot;classic&quot;}\">\n\t\t\t<div class=\"elementor-widget-wrap elementor-element-populated\">\n\t\t\t\t\t\t<div class=\"elementor-element elementor-element-8cfeb57 elementor-widget elementor-widget-spacer\" data-id=\"8cfeb57\" data-element_type=\"widget\" data-widget_type=\"spacer.default\">\n\t\t\t\t<div class=\"elementor-widget-container\">\n\t\t\t\t\t<div class=\"elementor-spacer\">\n\t\t\t<div class=\"elementor-spacer-inner\"><\/div>\n\t\t<\/div>\n\t\t\t\t<\/div>\n\t\t\t\t<\/div>\n\t\t\t\t<div class=\"elementor-element elementor-element-93d6b99 elementor-widget elementor-widget-image\" data-id=\"93d6b99\" data-element_type=\"widget\" data-widget_type=\"image.default\">\n\t\t\t\t<div class=\"elementor-widget-container\">\n\t\t\t\t\t\t\t\t\t\t\t\t\t<img fetchpriority=\"high\" decoding=\"async\" width=\"1600\" height=\"1067\" src=\"https:\/\/www.afztekstil.com.tr\/de\/wp-content\/uploads\/2018\/08\/isabela-kronemberger-55503-unsplash.jpg\" class=\"attachment-manufacturer_full size-manufacturer_full wp-image-904\" alt=\"\" srcset=\"https:\/\/www.afztekstil.com.tr\/de\/wp-content\/uploads\/2018\/08\/isabela-kronemberger-55503-unsplash.jpg 1600w, https:\/\/www.afztekstil.com.tr\/de\/wp-content\/uploads\/2018\/08\/isabela-kronemberger-55503-unsplash-150x100.jpg 150w, https:\/\/www.afztekstil.com.tr\/de\/wp-content\/uploads\/2018\/08\/isabela-kronemberger-55503-unsplash-660x440.jpg 660w, https:\/\/www.afztekstil.com.tr\/de\/wp-content\/uploads\/2018\/08\/isabela-kronemberger-55503-unsplash-300x200.jpg 300w, https:\/\/www.afztekstil.com.tr\/de\/wp-content\/uploads\/2018\/08\/isabela-kronemberger-55503-unsplash-1024x683.jpg 1024w, https:\/\/www.afztekstil.com.tr\/de\/wp-content\/uploads\/2018\/08\/isabela-kronemberger-55503-unsplash-768x512.jpg 768w, https:\/\/www.afztekstil.com.tr\/de\/wp-content\/uploads\/2018\/08\/isabela-kronemberger-55503-unsplash-1536x1024.jpg 1536w, https:\/\/www.afztekstil.com.tr\/de\/wp-content\/uploads\/2018\/08\/isabela-kronemberger-55503-unsplash-285x190.jpg 285w\" sizes=\"(max-width: 1600px) 100vw, 1600px\" \/>\t\t\t\t\t\t\t\t\t\t\t\t\t<\/div>\n\t\t\t\t<\/div>\n\t\t\t\t\t<\/div>\n\t\t<\/div>\n\t\t\t\t<div class=\"elementor-column elementor-col-50 elementor-top-column elementor-element elementor-element-988c61c elementor-invisible\" data-id=\"988c61c\" data-element_type=\"column\" data-settings=\"{&quot;animation&quot;:&quot;fadeIn&quot;,&quot;animation_delay&quot;:200}\">\n\t\t\t<div class=\"elementor-widget-wrap elementor-element-populated\">\n\t\t\t\t\t\t<div class=\"elementor-element elementor-element-7b75cff elementor-widget elementor-widget-heading\" data-id=\"7b75cff\" data-element_type=\"widget\" data-widget_type=\"heading.default\">\n\t\t\t\t<div class=\"elementor-widget-container\">\n\t\t\t<div class=\"elementor-heading-title elementor-size-xl elementor-heading-title elementor-size-xl elementor-align-after-left elementor-align-after-mobile-center elementor-align-after-tablet-left\">Wer Sind Wir?<\/div>\t\t<\/div>\n\t\t\t\t<\/div>\n\t\t\t\t<div class=\"elementor-element elementor-element-9cdd897 elementor-widget elementor-widget-text-editor\" data-id=\"9cdd897\" data-element_type=\"widget\" data-widget_type=\"text-editor.default\">\n\t\t\t\t<div class=\"elementor-widget-container\">\n\t\t\t\t\t\t\t<div class=\"x-text\"><p>Unser 1995 gegr\u00fcndetes Unternehmen ist eine Lackierfabrik mit einer Innenfl\u00e4che von 74.000 m2 und einer Innenfl\u00e4che von 12.500 m2. Unsere Firma; Mit seinen 150-200 Mitarbeitern Baumwolle, Viskose, Polyester und deren Mischungen; Es ist ein institutionelles Unternehmen mit einem Automatisierungssystem, das das F\u00e4rben und Veredeln im Rahmen von OEKO-TEX STANDARD 100 mit einer durchschnittlichen Jahreskapazit\u00e4t von 11.000 Tonnen als Handt\u00fccher, Badem\u00e4ntel, Gewebe und Gewirke durchf\u00fchrt. Es realisiert seine Produktion mit HT und 340 cm breiten OPENEN-Linien. Unser Unternehmen, das als eines der ersten Unternehmen in Denizli (20.10.2015) zum Schutz von Umwelt und Natur das ISO 50001-Energiemanagement-Zertifikat erhalten hat, ist eine wichtige Branche, die aufgrund ihres Qualit\u00e4tsproduktionsansatzes das ISO 9001-Qualit\u00e4tsmanagementsystem-Zertifikat erhalten hat. Tochtergesellschaft. Im Jahr 2004 aufgrund seiner Kl\u00e4ranlage und Umweltaktivit\u00e4ten; Es wurde mit der Umweltorganisation des Jahres und dem Umweltunternehmer ausgezeichnet. Afz Textile Company Der Export ins Ausland hat begonnen Denizlis erster Preis f\u00fcr umweltfreundliche Fabrik Wir haben das erste ISO 50001-Energiezertifikat in Denizli erhalten.<\/p><\/div>\t\t\t\t\t\t<\/div>\n\t\t\t\t<\/div>\n\t\t\t\t\t<\/div>\n\t\t<\/div>\n\t\t\t\t\t<\/div>\n\t\t<\/section>\n\t\t\t\t<section class=\"elementor-section elementor-top-section elementor-element elementor-element-0e8b69e elementor-reverse-mobile elementor-section-boxed elementor-section-height-default elementor-section-height-default\" data-id=\"0e8b69e\" data-element_type=\"section\">\n\t\t\t\t\t\t<div class=\"elementor-container elementor-column-gap-default\">\n\t\t\t\t\t<div class=\"elementor-column elementor-col-50 elementor-top-column elementor-element elementor-element-c41126a elementor-invisible\" data-id=\"c41126a\" data-element_type=\"column\" data-settings=\"{&quot;animation&quot;:&quot;fadeIn&quot;}\">\n\t\t\t<div class=\"elementor-widget-wrap elementor-element-populated\">\n\t\t\t\t\t\t<div class=\"elementor-element elementor-element-1629343 elementor-widget elementor-widget-sm-service-block\" data-id=\"1629343\" data-element_type=\"widget\" data-widget_type=\"sm-service-block.default\">\n\t\t\t\t<div class=\"elementor-widget-container\">\n\t\t\t\t\t<div class=\"man_service_block \">\t\n\t\t\t<i class=\"image-012-levels sm_icon\"><\/i>\n\t\t\t<h4 >Unsere Vision<\/h4>\n\t\t\t<p >Mit unserer Energiepolitik will unser Unternehmen, das durch zukunftsdenken produziert und die Natur respektiert, in Zukunft Qualit\u00e4tsprodukte f\u00fcr die ganze Welt liefern.<\/p>\n\t\t\t\t\t<\/div>\n\n\t\t\t<\/div>\n\t\t\t\t<\/div>\n\t\t\t\t\t<\/div>\n\t\t<\/div>\n\t\t\t\t<div class=\"elementor-column elementor-col-50 elementor-top-column elementor-element elementor-element-6aa81e0 elementor-invisible\" data-id=\"6aa81e0\" data-element_type=\"column\" data-settings=\"{&quot;animation&quot;:&quot;fadeIn&quot;,&quot;animation_delay&quot;:200}\">\n\t\t\t<div class=\"elementor-widget-wrap elementor-element-populated\">\n\t\t\t\t\t\t<div class=\"elementor-element elementor-element-f9c02e5 elementor-widget elementor-widget-sm-service-block\" data-id=\"f9c02e5\" data-element_type=\"widget\" data-widget_type=\"sm-service-block.default\">\n\t\t\t\t<div class=\"elementor-widget-container\">\n\t\t\t\t\t<div class=\"man_service_block \">\t\n\t\t\t<i class=\"image-024-monitor sm_icon\"><\/i>\n\t\t\t<h4 >Unsere Aufgabe<\/h4>\n\t\t\t<p >Unsere Firma, die auf 100% Zufriedenheit f\u00fcr alle unsere Kunden zielt, bietet service f\u00fcr die ganze Welt mit seiner Qualit\u00e4t und rechtzeitige Produktion<\/p>\n\t\t\t\t\t<\/div>\n\n\t\t\t<\/div>\n\t\t\t\t<\/div>\n\t\t\t\t\t<\/div>\n\t\t<\/div>\n\t\t\t\t\t<\/div>\n\t\t<\/section>\n\t\t\t\t<section class=\"elementor-section elementor-top-section elementor-element elementor-element-2ded6f6 elementor-section-boxed elementor-section-height-default elementor-section-height-default elementor-invisible\" data-id=\"2ded6f6\" data-element_type=\"section\" data-settings=\"{&quot;animation&quot;:&quot;fadeIn&quot;}\">\n\t\t\t\t\t\t<div class=\"elementor-container elementor-column-gap-default\">\n\t\t\t\t\t<div class=\"elementor-column elementor-col-100 elementor-top-column elementor-element elementor-element-0d69e39\" data-id=\"0d69e39\" data-element_type=\"column\">\n\t\t\t<div class=\"elementor-widget-wrap elementor-element-populated\">\n\t\t\t\t\t\t<div class=\"elementor-element elementor-element-60a741a elementor-widget elementor-widget-sm-timeline\" data-id=\"60a741a\" data-element_type=\"widget\" data-widget_type=\"sm-timeline.default\">\n\t\t\t\t<div class=\"elementor-widget-container\">\n\t\t\t\t\n\t\t\n\t<div class=\"man_timeline\">\n\t\t<div class=\"man_timeline_line\"><\/div>\n\t\t<div class=\"man_timeline_carousel owl-carousel\">\n\t\t\t\t\t\t<div class=\"man_timeline_item\">\n\t\t\t\t<div class=\"man_timeline_pin odd\">\n\t\t\t\t\t<span class=\"man_timeline_point\"><\/span>\n\t\t\t\t\t<span class=\"man_timeline_point_border\"><\/span>\n\t\t\t\t\t<div class=\"man_timeline_pin_title\">\n\t\t\t\t\t\t1995\t\t\t\t\t<\/div>\n\t\t\t\t\t<div class=\"man_timeline_pin_cont\">\n\t\t\t\t\t\t\n\n\t\t\t\t\t\t\t\t\t\t\t\t\t<div class=\"man_timeline_pin_cont_corner\">\n\t\t\t\t\t\t\t\t<svg\n\t\t\t\t\t\t\t\t  xmlns='http:\/\/www.w3.org\/2000\/svg'\n\t\t\t\t\t\t\t\t  viewBox='0 0 64 64'\n\t\t\t\t\t\t\t\t  width='64' height='64'\n\t\t\t\t\t\t\t\t  fill='currentcolor'>\n\t\t\t\t\t\t\t\t  <path d='M0 16 L10 16 L0 0 Z' \/>\n\t\t\t\t\t\t\t\t<\/svg>\n\t\t\t\t\t\t\t<\/div>\n\t\t\t\t\t\t\t\t\t\t\t\t\t\n\t\t\t\t\t\t\n\t\t\t\t\t\t<p>Afz Tekstil Company<\/p>\t\t\t\t\t<\/div>\n\t\t\t\t<\/div>\n\t\t\t<\/div>\n\t\t\t\t\t\t<div class=\"man_timeline_item\">\n\t\t\t\t<div class=\"man_timeline_pin even\">\n\t\t\t\t\t<span class=\"man_timeline_point\"><\/span>\n\t\t\t\t\t<span class=\"man_timeline_point_border\"><\/span>\n\t\t\t\t\t<div class=\"man_timeline_pin_title\">\n\t\t\t\t\t\t2000\t\t\t\t\t<\/div>\n\t\t\t\t\t<div class=\"man_timeline_pin_cont\">\n\t\t\t\t\t\t\n\n\t\t\t\t\t\t\t\t\t\t\t\t\t<div class=\"man_timeline_pin_cont_corner man_timeline_pin_cont_corner_even\">\n\t\t\t\t\t\t\t\t<svg\n\t\t\t\t\t\t\t\t  xmlns='http:\/\/www.w3.org\/2000\/svg'\n\t\t\t\t\t\t\t\t  viewBox='0 0 64 64'\n\t\t\t\t\t\t\t\t  width='64' height='64'\n\t\t\t\t\t\t\t\t  fill='currentcolor'>\n\t\t\t\t\t\t\t\t  <path d='M0 16 L10 0 L0 0 L0 8 Z' \/>\n\t\t\t\t\t\t\t\t<\/svg>\n\t\t\t\t\t\t\t<\/div>\n\t\t\t\t\t\t\t\t\t\t\t\t\t\n\t\t\t\t\t\t\n\t\t\t\t\t\t<p>Der Export ins Ausland hat den.<\/p>\t\t\t\t\t<\/div>\n\t\t\t\t<\/div>\n\t\t\t<\/div>\n\t\t\t\t\t\t<div class=\"man_timeline_item\">\n\t\t\t\t<div class=\"man_timeline_pin odd\">\n\t\t\t\t\t<span class=\"man_timeline_point\"><\/span>\n\t\t\t\t\t<span class=\"man_timeline_point_border\"><\/span>\n\t\t\t\t\t<div class=\"man_timeline_pin_title\">\n\t\t\t\t\t\t2004\t\t\t\t\t<\/div>\n\t\t\t\t\t<div class=\"man_timeline_pin_cont\">\n\t\t\t\t\t\t\n\n\t\t\t\t\t\t\t\t\t\t\t\t\t<div class=\"man_timeline_pin_cont_corner\">\n\t\t\t\t\t\t\t\t<svg\n\t\t\t\t\t\t\t\t  xmlns='http:\/\/www.w3.org\/2000\/svg'\n\t\t\t\t\t\t\t\t  viewBox='0 0 64 64'\n\t\t\t\t\t\t\t\t  width='64' height='64'\n\t\t\t\t\t\t\t\t  fill='currentcolor'>\n\t\t\t\t\t\t\t\t  <path d='M0 16 L10 16 L0 0 Z' \/>\n\t\t\t\t\t\t\t\t<\/svg>\n\t\t\t\t\t\t\t<\/div>\n\t\t\t\t\t\t\t\t\t\t\t\t\t\n\t\t\t\t\t\t\n\t\t\t\t\t\t<p>Denizlis erster Preis f\u00fcr umweltfreundliche Fabrik.<\/p>\t\t\t\t\t<\/div>\n\t\t\t\t<\/div>\n\t\t\t<\/div>\n\t\t\t\t\t\t<div class=\"man_timeline_item\">\n\t\t\t\t<div class=\"man_timeline_pin even\">\n\t\t\t\t\t<span class=\"man_timeline_point\"><\/span>\n\t\t\t\t\t<span class=\"man_timeline_point_border\"><\/span>\n\t\t\t\t\t<div class=\"man_timeline_pin_title\">\n\t\t\t\t\t\t2015\t\t\t\t\t<\/div>\n\t\t\t\t\t<div class=\"man_timeline_pin_cont\">\n\t\t\t\t\t\t\n\n\t\t\t\t\t\t\t\t\t\t\t\t\t<div class=\"man_timeline_pin_cont_corner man_timeline_pin_cont_corner_even\">\n\t\t\t\t\t\t\t\t<svg\n\t\t\t\t\t\t\t\t  xmlns='http:\/\/www.w3.org\/2000\/svg'\n\t\t\t\t\t\t\t\t  viewBox='0 0 64 64'\n\t\t\t\t\t\t\t\t  width='64' height='64'\n\t\t\t\t\t\t\t\t  fill='currentcolor'>\n\t\t\t\t\t\t\t\t  <path d='M0 16 L10 0 L0 0 L0 8 Z' \/>\n\t\t\t\t\t\t\t\t<\/svg>\n\t\t\t\t\t\t\t<\/div>\n\t\t\t\t\t\t\t\t\t\t\t\t\t\n\t\t\t\t\t\t\n\t\t\t\t\t\t<p>Wir haben das erste ISO 50001-Energiezertifikat in Denizli erhalten.<\/p>\t\t\t\t\t<\/div>\n\t\t\t\t<\/div>\n\t\t\t<\/div>\n\t\t\t\t\t<\/div>\n\t<\/div>\n\n\t\t\t<\/div>\n\t\t\t\t<\/div>\n\t\t\t\t\t<\/div>\n\t\t<\/div>\n\t\t\t\t\t<\/div>\n\t\t<\/section>\n\t\t\t\t<section class=\"elementor-section elementor-top-section elementor-element elementor-element-fbd7258 elementor-section-boxed elementor-section-height-default elementor-section-height-default\" data-id=\"fbd7258\" data-element_type=\"section\">\n\t\t\t\t\t\t<div class=\"elementor-container elementor-column-gap-default\">\n\t\t\t\t\t<div class=\"elementor-column elementor-col-100 elementor-top-column elementor-element elementor-element-a050170\" data-id=\"a050170\" data-element_type=\"column\">\n\t\t\t<div class=\"elementor-widget-wrap\">\n\t\t\t\t\t\t\t<\/div>\n\t\t<\/div>\n\t\t\t\t\t<\/div>\n\t\t<\/section>\n\t\t\t\t<section class=\"elementor-section elementor-top-section elementor-element elementor-element-b76dc97 elementor-section-boxed elementor-section-height-default elementor-section-height-default\" data-id=\"b76dc97\" data-element_type=\"section\">\n\t\t\t\t\t\t<div class=\"elementor-container elementor-column-gap-default\">\n\t\t\t\t\t<div class=\"elementor-column elementor-col-50 elementor-top-column elementor-element elementor-element-2c5f126 elementor-invisible\" data-id=\"2c5f126\" data-element_type=\"column\" data-settings=\"{&quot;animation&quot;:&quot;fadeIn&quot;}\">\n\t\t\t<div class=\"elementor-widget-wrap elementor-element-populated\">\n\t\t\t\t\t\t<div class=\"elementor-element elementor-element-adb0c06 elementor-widget elementor-widget-heading\" data-id=\"adb0c06\" data-element_type=\"widget\" data-widget_type=\"heading.default\">\n\t\t\t\t<div class=\"elementor-widget-container\">\n\t\t\t<h3 class=\"elementor-heading-title elementor-size-default elementor-heading-title elementor-align-after-mobile-center\">Kontakt Informationen<\/h3>\t\t<\/div>\n\t\t\t\t<\/div>\n\t\t\t\t<div class=\"elementor-element elementor-element-a250e27 elementor-widget elementor-widget-heading\" data-id=\"a250e27\" data-element_type=\"widget\" data-widget_type=\"heading.default\">\n\t\t\t\t<div class=\"elementor-widget-container\">\n\t\t\t<span class=\"elementor-heading-title elementor-size-default elementor-heading-title\"><i class=\"ti-location-pin\"><\/i><span><b>Organize Sanayi B\u00f6lgesi Alt\u0131 P\u0131narkent Mah.<br>\n 207 Sokak No:5 Pamukkale \/ DEN\u0130ZL\u0130 \/ TURKE\u0130<\/b><\/span><\/span>\t\t<\/div>\n\t\t\t\t<\/div>\n\t\t\t\t<div class=\"elementor-element elementor-element-0823256 elementor-widget elementor-widget-heading\" data-id=\"0823256\" data-element_type=\"widget\" data-widget_type=\"heading.default\">\n\t\t\t\t<div class=\"elementor-widget-container\">\n\t\t\t<span class=\"elementor-heading-title elementor-size-default elementor-heading-title\"><i class=\"ti-mobile\"><\/i><span><b><a href=\"tel:+902582865523\">+90 258 286 55 23<\/a><\/b><br>\n<\/span><\/span>\t\t<\/div>\n\t\t\t\t<\/div>\n\t\t\t\t<div class=\"elementor-element elementor-element-222bb9a elementor-widget elementor-widget-heading\" data-id=\"222bb9a\" data-element_type=\"widget\" data-widget_type=\"heading.default\">\n\t\t\t\t<div class=\"elementor-widget-container\">\n\t\t\t<span class=\"elementor-heading-title elementor-size-default elementor-heading-title\"><i class=\"ti-printer\"><\/i><span><b>+90 258 286 52 79<\/b><br>\n<\/span><\/span>\t\t<\/div>\n\t\t\t\t<\/div>\n\t\t\t\t<div class=\"elementor-element elementor-element-e0ca995 elementor-widget elementor-widget-heading\" data-id=\"e0ca995\" data-element_type=\"widget\" data-widget_type=\"heading.default\">\n\t\t\t\t<div class=\"elementor-widget-container\">\n\t\t\t<span class=\"elementor-heading-title elementor-size-default elementor-heading-title\"><i class=\"ti-email\"><\/i><span><b><a href=\"mailto:info@afztekstil.com.tr\">info@afztekstil.com.tr<\/a><\/b><br>\n<\/span><\/span>\t\t<\/div>\n\t\t\t\t<\/div>\n\t\t\t\t\t<\/div>\n\t\t<\/div>\n\t\t\t\t<div class=\"elementor-column elementor-col-50 elementor-top-column elementor-element elementor-element-10b676e elementor-invisible\" data-id=\"10b676e\" data-element_type=\"column\" data-settings=\"{&quot;animation&quot;:&quot;fadeIn&quot;,&quot;animation_delay&quot;:200}\">\n\t\t\t<div class=\"elementor-widget-wrap elementor-element-populated\">\n\t\t\t\t\t\t<div class=\"elementor-element elementor-element-aead9d1 elementor-widget elementor-widget-google_maps\" data-id=\"aead9d1\" data-element_type=\"widget\" data-widget_type=\"google_maps.default\">\n\t\t\t\t<div class=\"elementor-widget-container\">\n\t\t\t\t\t<div class=\"elementor-custom-embed\">\n\t\t\t<iframe loading=\"lazy\"\n\t\t\t\t\tsrc=\"https:\/\/maps.google.com\/maps?q=P%C4%B1narkent%20207%20sk.%20N%3A5%2C%2020145%20Pamukkale%2FDenizli&#038;t=m&#038;z=18&#038;output=embed&#038;iwloc=near\"\n\t\t\t\t\ttitle=\"P\u0131narkent 207 sk. N:5, 20145 Pamukkale\/Denizli\"\n\t\t\t\t\taria-label=\"P\u0131narkent 207 sk. N:5, 20145 Pamukkale\/Denizli\"\n\t\t\t><\/iframe>\n\t\t<\/div>\n\t\t\t\t<\/div>\n\t\t\t\t<\/div>\n\t\t\t\t\t<\/div>\n\t\t<\/div>\n\t\t\t\t\t<\/div>\n\t\t<\/section>\n\t\t\t\t<\/div>\n\t\t","protected":false},"excerpt":{"rendered":"<p>Wer Sind Wir? Unser 1995 gegr\u00fcndetes Unternehmen ist eine Lackierfabrik mit einer Innenfl\u00e4che von 74.000 m2 und einer&#8230;<\/p>\n","protected":false},"author":1,"featured_media":0,"parent":0,"menu_order":0,"comment_status":"closed","ping_status":"closed","template":"elementor_header_footer","meta":{"footnotes":""},"class_list":["post-346","page","type-page","status-publish","hentry"],"_links":{"self":[{"href":"https:\/\/afztekstil.com.tr\/de\/wp-json\/wp\/v2\/pages\/346"}],"collection":[{"href":"https:\/\/afztekstil.com.tr\/de\/wp-json\/wp\/v2\/pages"}],"about":[{"href":"https:\/\/afztekstil.com.tr\/de\/wp-json\/wp\/v2\/types\/page"}],"author":[{"embeddable":true,"href":"https:\/\/afztekstil.com.tr\/de\/wp-json\/wp\/v2\/users\/1"}],"replies":[{"embeddable":true,"href":"https:\/\/afztekstil.com.tr\/de\/wp-json\/wp\/v2\/comments?post=346"}],"version-history":[{"count":26,"href":"https:\/\/afztekstil.com.tr\/de\/wp-json\/wp\/v2\/pages\/346\/revisions"}],"predecessor-version":[{"id":1755,"href":"https:\/\/afztekstil.com.tr\/de\/wp-json\/wp\/v2\/pages\/346\/revisions\/1755"}],"wp:attachment":[{"href":"https:\/\/afztekstil.com.tr\/de\/wp-json\/wp\/v2\/media?parent=346"}],"curies":[{"name":"wp","href":"https:\/\/api.w.org\/{rel}","templated":true}]}}