{"id":1494,"date":"2020-06-02T12:42:59","date_gmt":"2020-06-02T09:42:59","guid":{"rendered":"https:\/\/afztekstil.com.tr\/new2\/?page_id=1494"},"modified":"2020-06-08T14:03:04","modified_gmt":"2020-06-08T11:03:04","slug":"strickerei","status":"publish","type":"page","link":"https:\/\/afztekstil.com.tr\/de\/strickerei\/","title":{"rendered":"Strickerei"},"content":{"rendered":"\t\t<div data-elementor-type=\"wp-page\" data-elementor-id=\"1494\" class=\"elementor elementor-1494\">\n\t\t\t\t\t\t<section class=\"elementor-section elementor-top-section elementor-element elementor-element-c716343 elementor-section-boxed elementor-section-height-default elementor-section-height-default\" data-id=\"c716343\" data-element_type=\"section\">\n\t\t\t\t\t\t<div class=\"elementor-container elementor-column-gap-default\">\n\t\t\t\t\t<div class=\"elementor-column elementor-col-50 elementor-top-column elementor-element elementor-element-5d70272\" data-id=\"5d70272\" data-element_type=\"column\">\n\t\t\t<div class=\"elementor-widget-wrap elementor-element-populated\">\n\t\t\t\t\t\t<div class=\"elementor-element elementor-element-b633b2d elementor-widget elementor-widget-heading\" data-id=\"b633b2d\" data-element_type=\"widget\" data-widget_type=\"heading.default\">\n\t\t\t\t<div class=\"elementor-widget-container\">\n\t\t\t<h2 class=\"elementor-heading-title elementor-size-default elementor-heading-title elementor-align-after-center\">Strickerei<\/h2>\t\t<\/div>\n\t\t\t\t<\/div>\n\t\t\t\t<div class=\"elementor-element elementor-element-7da250b elementor-widget elementor-widget-text-editor\" data-id=\"7da250b\" data-element_type=\"widget\" data-widget_type=\"text-editor.default\">\n\t\t\t\t<div class=\"elementor-widget-container\">\n\t\t\t\t\t\t\t<p>Wir bieten Gummibl\u00e4tter, Pico und gestrickte Handt\u00fccher f\u00fcr unsere namhaften Kunden in unseren Maschinen, die Strickwaren zwischen 100 gr\/m2 und 160 gr\/m2 produzieren.<\/p>\t\t\t\t\t\t<\/div>\n\t\t\t\t<\/div>\n\t\t\t\t\t<\/div>\n\t\t<\/div>\n\t\t\t\t<div class=\"elementor-column elementor-col-50 elementor-top-column elementor-element elementor-element-02c7713\" data-id=\"02c7713\" data-element_type=\"column\">\n\t\t\t<div class=\"elementor-widget-wrap elementor-element-populated\">\n\t\t\t\t\t\t<div class=\"elementor-element elementor-element-7b7a8c4 elementor-widget elementor-widget-image\" data-id=\"7b7a8c4\" data-element_type=\"widget\" data-widget_type=\"image.default\">\n\t\t\t\t<div class=\"elementor-widget-container\">\n\t\t\t\t\t\t\t\t\t\t\t\t\t<img fetchpriority=\"high\" decoding=\"async\" width=\"600\" height=\"550\" src=\"https:\/\/www.afztekstil.com.tr\/de\/wp-content\/uploads\/2020\/05\/orme-600x550.jpg\" class=\"attachment-manufacturer_medium size-manufacturer_medium wp-image-1251\" alt=\"\" \/>\t\t\t\t\t\t\t\t\t\t\t\t\t<\/div>\n\t\t\t\t<\/div>\n\t\t\t\t\t<\/div>\n\t\t<\/div>\n\t\t\t\t\t<\/div>\n\t\t<\/section>\n\t\t\t\t<\/div>\n\t\t","protected":false},"excerpt":{"rendered":"<p>Strickerei Wir bieten Gummibl\u00e4tter, Pico und gestrickte Handt\u00fccher f\u00fcr unsere namhaften Kunden in unseren Maschinen, die Strickwaren zwischen&#8230;<\/p>\n","protected":false},"author":1,"featured_media":0,"parent":0,"menu_order":0,"comment_status":"closed","ping_status":"closed","template":"elementor_header_footer","meta":{"footnotes":""},"class_list":["post-1494","page","type-page","status-publish","hentry"],"_links":{"self":[{"href":"https:\/\/afztekstil.com.tr\/de\/wp-json\/wp\/v2\/pages\/1494"}],"collection":[{"href":"https:\/\/afztekstil.com.tr\/de\/wp-json\/wp\/v2\/pages"}],"about":[{"href":"https:\/\/afztekstil.com.tr\/de\/wp-json\/wp\/v2\/types\/page"}],"author":[{"embeddable":true,"href":"https:\/\/afztekstil.com.tr\/de\/wp-json\/wp\/v2\/users\/1"}],"replies":[{"embeddable":true,"href":"https:\/\/afztekstil.com.tr\/de\/wp-json\/wp\/v2\/comments?post=1494"}],"version-history":[{"count":5,"href":"https:\/\/afztekstil.com.tr\/de\/wp-json\/wp\/v2\/pages\/1494\/revisions"}],"predecessor-version":[{"id":1784,"href":"https:\/\/afztekstil.com.tr\/de\/wp-json\/wp\/v2\/pages\/1494\/revisions\/1784"}],"wp:attachment":[{"href":"https:\/\/afztekstil.com.tr\/de\/wp-json\/wp\/v2\/media?parent=1494"}],"curies":[{"name":"wp","href":"https:\/\/api.w.org\/{rel}","templated":true}]}}