{"id":1490,"date":"2020-06-02T12:40:20","date_gmt":"2020-06-02T09:40:20","guid":{"rendered":"https:\/\/afztekstil.com.tr\/new2\/?page_id=1490"},"modified":"2020-06-08T13:59:15","modified_gmt":"2020-06-08T10:59:15","slug":"textilien","status":"publish","type":"page","link":"https:\/\/afztekstil.com.tr\/de\/textilien\/","title":{"rendered":"Textilien"},"content":{"rendered":"\t\t<div data-elementor-type=\"wp-page\" data-elementor-id=\"1490\" class=\"elementor elementor-1490\">\n\t\t\t\t\t\t<section class=\"elementor-section elementor-top-section elementor-element elementor-element-bd05c22 elementor-section-boxed elementor-section-height-default elementor-section-height-default\" data-id=\"bd05c22\" data-element_type=\"section\">\n\t\t\t\t\t\t<div class=\"elementor-container elementor-column-gap-default\">\n\t\t\t\t\t<div class=\"elementor-column elementor-col-50 elementor-top-column elementor-element elementor-element-865f9f5\" data-id=\"865f9f5\" data-element_type=\"column\">\n\t\t\t<div class=\"elementor-widget-wrap elementor-element-populated\">\n\t\t\t\t\t\t<div class=\"elementor-element elementor-element-8e6f155 elementor-widget elementor-widget-image\" data-id=\"8e6f155\" data-element_type=\"widget\" data-widget_type=\"image.default\">\n\t\t\t\t<div class=\"elementor-widget-container\">\n\t\t\t\t\t\t\t\t\t\t\t\t\t<img fetchpriority=\"high\" decoding=\"async\" width=\"660\" height=\"660\" src=\"https:\/\/www.afztekstil.com.tr\/de\/wp-content\/uploads\/dokuma-660x660.jpg\" class=\"attachment-woocommerce_single size-woocommerce_single wp-image-1674\" alt=\"\" srcset=\"https:\/\/www.afztekstil.com.tr\/de\/wp-content\/uploads\/dokuma-660x660.jpg 660w, https:\/\/www.afztekstil.com.tr\/de\/wp-content\/uploads\/dokuma-300x300.jpg 300w, https:\/\/www.afztekstil.com.tr\/de\/wp-content\/uploads\/dokuma-150x150.jpg 150w, https:\/\/www.afztekstil.com.tr\/de\/wp-content\/uploads\/dokuma-285x285.jpg 285w, https:\/\/www.afztekstil.com.tr\/de\/wp-content\/uploads\/dokuma.jpg 750w\" sizes=\"(max-width: 660px) 100vw, 660px\" \/>\t\t\t\t\t\t\t\t\t\t\t\t\t<\/div>\n\t\t\t\t<\/div>\n\t\t\t\t\t<\/div>\n\t\t<\/div>\n\t\t\t\t<div class=\"elementor-column elementor-col-50 elementor-top-column elementor-element elementor-element-a43da93\" data-id=\"a43da93\" data-element_type=\"column\">\n\t\t\t<div class=\"elementor-widget-wrap elementor-element-populated\">\n\t\t\t\t\t\t<div class=\"elementor-element elementor-element-2d38d24 elementor-widget elementor-widget-heading\" data-id=\"2d38d24\" data-element_type=\"widget\" data-widget_type=\"heading.default\">\n\t\t\t\t<div class=\"elementor-widget-container\">\n\t\t\t<h2 class=\"elementor-heading-title elementor-size-default elementor-heading-title elementor-align-after-center\">Textilien<\/h2>\t\t<\/div>\n\t\t\t\t<\/div>\n\t\t\t\t<div class=\"elementor-element elementor-element-fc2ef50 elementor-widget elementor-widget-text-editor\" data-id=\"fc2ef50\" data-element_type=\"widget\" data-widget_type=\"text-editor.default\">\n\t\t\t\t<div class=\"elementor-widget-container\">\n\t\t\t\t\t\t\t<p>Unsere Firma; Dobby und jacquardhandtuchmaschinen und stoffwebmaschinen sind verf\u00fcgbar. Unsere Maschinen k\u00f6nnen zwischen 320 \u2013 800 gr\/m2 produzieren. Unsere Produktlisten f\u00fcr Handtuch Weben sind: Handt\u00fccher, Badem\u00e4ntel, mops und Kinder curling Gruppen. Unsere stoffwebmaschinen k\u00f6nnen zwischen 145 TC-400 TC produzieren. Unsere Tuch Weben ist vor allem auf hotel-und Heimtextilien.<\/p>\t\t\t\t\t\t<\/div>\n\t\t\t\t<\/div>\n\t\t\t\t\t<\/div>\n\t\t<\/div>\n\t\t\t\t\t<\/div>\n\t\t<\/section>\n\t\t\t\t<\/div>\n\t\t","protected":false},"excerpt":{"rendered":"<p>Textilien Unsere Firma; Dobby und jacquardhandtuchmaschinen und stoffwebmaschinen sind verf\u00fcgbar. Unsere Maschinen k\u00f6nnen zwischen 320 \u2013 800 gr\/m2&#8230;<\/p>\n","protected":false},"author":1,"featured_media":0,"parent":0,"menu_order":0,"comment_status":"closed","ping_status":"closed","template":"elementor_header_footer","meta":{"footnotes":""},"class_list":["post-1490","page","type-page","status-publish","hentry"],"_links":{"self":[{"href":"https:\/\/afztekstil.com.tr\/de\/wp-json\/wp\/v2\/pages\/1490"}],"collection":[{"href":"https:\/\/afztekstil.com.tr\/de\/wp-json\/wp\/v2\/pages"}],"about":[{"href":"https:\/\/afztekstil.com.tr\/de\/wp-json\/wp\/v2\/types\/page"}],"author":[{"embeddable":true,"href":"https:\/\/afztekstil.com.tr\/de\/wp-json\/wp\/v2\/users\/1"}],"replies":[{"embeddable":true,"href":"https:\/\/afztekstil.com.tr\/de\/wp-json\/wp\/v2\/comments?post=1490"}],"version-history":[{"count":7,"href":"https:\/\/afztekstil.com.tr\/de\/wp-json\/wp\/v2\/pages\/1490\/revisions"}],"predecessor-version":[{"id":1780,"href":"https:\/\/afztekstil.com.tr\/de\/wp-json\/wp\/v2\/pages\/1490\/revisions\/1780"}],"wp:attachment":[{"href":"https:\/\/afztekstil.com.tr\/de\/wp-json\/wp\/v2\/media?parent=1490"}],"curies":[{"name":"wp","href":"https:\/\/api.w.org\/{rel}","templated":true}]}}