{"id":1441,"date":"2020-06-01T16:43:06","date_gmt":"2020-06-01T13:43:06","guid":{"rendered":"https:\/\/afztekstil.com.tr\/new2\/?page_id=1441"},"modified":"2020-06-08T11:41:58","modified_gmt":"2020-06-08T08:41:58","slug":"unsere-qualitats-energiepolitik","status":"publish","type":"page","link":"https:\/\/afztekstil.com.tr\/de\/unsere-qualitats-energiepolitik\/","title":{"rendered":"Unsere Qualit\u00e4ts &#038; Energiepolitik"},"content":{"rendered":"\t\t<div data-elementor-type=\"wp-page\" data-elementor-id=\"1441\" class=\"elementor elementor-1441\">\n\t\t\t\t\t\t<section class=\"elementor-section elementor-top-section elementor-element elementor-element-88898b2 elementor-section-boxed elementor-section-height-default elementor-section-height-default\" data-id=\"88898b2\" data-element_type=\"section\">\n\t\t\t\t\t\t<div class=\"elementor-container elementor-column-gap-default\">\n\t\t\t\t\t<div class=\"elementor-column elementor-col-33 elementor-top-column elementor-element elementor-element-6cc095c\" data-id=\"6cc095c\" data-element_type=\"column\">\n\t\t\t<div class=\"elementor-widget-wrap\">\n\t\t\t\t\t\t\t<\/div>\n\t\t<\/div>\n\t\t\t\t<div class=\"elementor-column elementor-col-33 elementor-top-column elementor-element elementor-element-fbdcf03\" data-id=\"fbdcf03\" data-element_type=\"column\" data-settings=\"{&quot;background_background&quot;:&quot;classic&quot;}\">\n\t\t\t<div class=\"elementor-widget-wrap elementor-element-populated\">\n\t\t\t\t\t\t<div class=\"elementor-element elementor-element-1ddb275 elementor-widget elementor-widget-image\" data-id=\"1ddb275\" data-element_type=\"widget\" data-widget_type=\"image.default\">\n\t\t\t\t<div class=\"elementor-widget-container\">\n\t\t\t\t\t\t\t\t\t\t\t\t\t<img decoding=\"async\" width=\"100\" height=\"97\" src=\"https:\/\/www.afztekstil.com.tr\/de\/wp-content\/uploads\/2018\/07\/logo2.png\" class=\"elementor-animation-pop attachment-large size-large wp-image-1185\" alt=\"\" \/>\t\t\t\t\t\t\t\t\t\t\t\t\t<\/div>\n\t\t\t\t<\/div>\n\t\t\t\t\t<\/div>\n\t\t<\/div>\n\t\t\t\t<div class=\"elementor-column elementor-col-33 elementor-top-column elementor-element elementor-element-9e10781\" data-id=\"9e10781\" data-element_type=\"column\">\n\t\t\t<div class=\"elementor-widget-wrap\">\n\t\t\t\t\t\t\t<\/div>\n\t\t<\/div>\n\t\t\t\t\t<\/div>\n\t\t<\/section>\n\t\t\t\t<section class=\"elementor-section elementor-top-section elementor-element elementor-element-89cd081 elementor-section-boxed elementor-section-height-default elementor-section-height-default\" data-id=\"89cd081\" data-element_type=\"section\">\n\t\t\t\t\t\t<div class=\"elementor-container elementor-column-gap-default\">\n\t\t\t\t\t<div class=\"elementor-column elementor-col-100 elementor-top-column elementor-element elementor-element-0bb7186\" data-id=\"0bb7186\" data-element_type=\"column\">\n\t\t\t<div class=\"elementor-widget-wrap elementor-element-populated\">\n\t\t\t\t\t\t<div class=\"elementor-element elementor-element-0ffc783 elementor-widget elementor-widget-heading\" data-id=\"0ffc783\" data-element_type=\"widget\" data-widget_type=\"heading.default\">\n\t\t\t\t<div class=\"elementor-widget-container\">\n\t\t\t<div class=\"elementor-heading-title elementor-size-xl elementor-heading-title elementor-size-xl elementor-align-after-center\">UNSERE QUALIT\u00c4TS &amp; ENERGIEPOLITIK<\/div>\t\t<\/div>\n\t\t\t\t<\/div>\n\t\t\t\t\t<\/div>\n\t\t<\/div>\n\t\t\t\t\t<\/div>\n\t\t<\/section>\n\t\t\t\t<section class=\"elementor-section elementor-top-section elementor-element elementor-element-f35f847 elementor-section-boxed elementor-section-height-default elementor-section-height-default\" data-id=\"f35f847\" data-element_type=\"section\">\n\t\t\t\t\t\t<div class=\"elementor-container elementor-column-gap-default\">\n\t\t\t\t\t<div class=\"elementor-column elementor-col-100 elementor-top-column elementor-element elementor-element-338a19d\" data-id=\"338a19d\" data-element_type=\"column\">\n\t\t\t<div class=\"elementor-widget-wrap elementor-element-populated\">\n\t\t\t\t\t\t<div class=\"elementor-element elementor-element-b35626e elementor-widget elementor-widget-text-editor\" data-id=\"b35626e\" data-element_type=\"widget\" data-widget_type=\"text-editor.default\">\n\t\t\t\t<div class=\"elementor-widget-container\">\n\t\t\t\t\t\t\t<ul><li>Um die Erwartungen und Bed\u00fcrfnisse unserer Kunden in der F\u00e4rbe- und Veredelungsbranche als umweltbewusstes Unternehmen zu erf\u00fcllen,<\/li><li>Um Effizienz und Leistung in unseren Werken zu betonen und unsere Qualit\u00e4t und Energieeffizienz durch kontinuierliche Verbesserung zu steigern,<\/li><li>Vorsichtig mit Rohstoffen umgehen und den Verbrauch nat\u00fcrlicher Ressourcen reduzieren,<\/li><li>Um unseren Energieverbrauch zu kontrollieren und zu reduzieren, indem wir alle erforderlichen Ressourcen und Informationen im Einklang mit unseren Zielen und Vorgaben einsetzen,<\/li><li>Ber\u00fccksichtigung der Energieeffizienz bei der Planung und \u00c4nderung unserer Einrichtungen,<\/li><li>Ger\u00e4te, Prozesse, Kauf und Nutzung energieeffizienter Produkte und Dienstleistungen,<\/li><li>Um die Teilnahme unserer Mitarbeiter an den Aktivit\u00e4ten des Managementsystems sicherzustellen,<\/li><li>Um sicherzustellen, dass unsere Lieferanten die Einrichtungsrichtlinien einhalten,<\/li><li>Durch die Sensibilisierung unserer Mitarbeiter f\u00fcr die Umsetzung und kontinuierliche Verbesserung der Anforderungen der Normen ISO 9001 und ISO 50001 unter Beteiligung aller unserer Mitarbeiter Wir verpflichten uns,<\/li><li>die notwendigen Ma\u00dfnahmen zu ergreifen, um die Qualit\u00e4t zu verbessern und kontinuierlich zu verbessern.<\/li><li>\u00a0<\/li><\/ul>\t\t\t\t\t\t<\/div>\n\t\t\t\t<\/div>\n\t\t\t\t\t<\/div>\n\t\t<\/div>\n\t\t\t\t\t<\/div>\n\t\t<\/section>\n\t\t\t\t<section class=\"elementor-section elementor-top-section elementor-element elementor-element-90aafe3 elementor-section-boxed elementor-section-height-default elementor-section-height-default\" data-id=\"90aafe3\" data-element_type=\"section\">\n\t\t\t\t\t\t<div class=\"elementor-container elementor-column-gap-default\">\n\t\t\t\t\t<div class=\"elementor-column elementor-col-25 elementor-top-column elementor-element elementor-element-e1b261b\" data-id=\"e1b261b\" data-element_type=\"column\">\n\t\t\t<div class=\"elementor-widget-wrap\">\n\t\t\t\t\t\t\t<\/div>\n\t\t<\/div>\n\t\t\t\t<div class=\"elementor-column elementor-col-25 elementor-top-column elementor-element elementor-element-85d75fe\" data-id=\"85d75fe\" data-element_type=\"column\">\n\t\t\t<div class=\"elementor-widget-wrap\">\n\t\t\t\t\t\t\t<\/div>\n\t\t<\/div>\n\t\t\t\t<div class=\"elementor-column elementor-col-25 elementor-top-column elementor-element elementor-element-831ed7c\" data-id=\"831ed7c\" data-element_type=\"column\">\n\t\t\t<div class=\"elementor-widget-wrap elementor-element-populated\">\n\t\t\t\t\t\t<div class=\"elementor-element elementor-element-edca267 elementor-widget elementor-widget-text-editor\" data-id=\"edca267\" data-element_type=\"widget\" data-widget_type=\"text-editor.default\">\n\t\t\t\t<div class=\"elementor-widget-container\">\n\t\t\t\t\t\t\t<p>Fatih ZORA<\/p><p><strong>Genel Director\u00a0 \u00a0 \u00a0 \u00a0<\/strong><\/p>\t\t\t\t\t\t<\/div>\n\t\t\t\t<\/div>\n\t\t\t\t\t<\/div>\n\t\t<\/div>\n\t\t\t\t<div class=\"elementor-column elementor-col-25 elementor-top-column elementor-element elementor-element-0d77ea1\" data-id=\"0d77ea1\" data-element_type=\"column\">\n\t\t\t<div class=\"elementor-widget-wrap elementor-element-populated\">\n\t\t\t\t\t\t<div class=\"elementor-element elementor-element-bd4f8b8 elementor-widget elementor-widget-text-editor\" data-id=\"bd4f8b8\" data-element_type=\"widget\" data-widget_type=\"text-editor.default\">\n\t\t\t\t<div class=\"elementor-widget-container\">\n\t\t\t\t\t\t\t<p>01.08.2018<\/p>\t\t\t\t\t\t<\/div>\n\t\t\t\t<\/div>\n\t\t\t\t\t<\/div>\n\t\t<\/div>\n\t\t\t\t\t<\/div>\n\t\t<\/section>\n\t\t\t\t<\/div>\n\t\t","protected":false},"excerpt":{"rendered":"<p>UNSERE QUALIT\u00c4TS &amp; ENERGIEPOLITIK Um die Erwartungen und Bed\u00fcrfnisse unserer Kunden in der F\u00e4rbe- und Veredelungsbranche als umweltbewusstes&#8230;<\/p>\n","protected":false},"author":1,"featured_media":0,"parent":0,"menu_order":0,"comment_status":"closed","ping_status":"closed","template":"elementor_header_footer","meta":{"footnotes":""},"class_list":["post-1441","page","type-page","status-publish","hentry"],"_links":{"self":[{"href":"https:\/\/afztekstil.com.tr\/de\/wp-json\/wp\/v2\/pages\/1441"}],"collection":[{"href":"https:\/\/afztekstil.com.tr\/de\/wp-json\/wp\/v2\/pages"}],"about":[{"href":"https:\/\/afztekstil.com.tr\/de\/wp-json\/wp\/v2\/types\/page"}],"author":[{"embeddable":true,"href":"https:\/\/afztekstil.com.tr\/de\/wp-json\/wp\/v2\/users\/1"}],"replies":[{"embeddable":true,"href":"https:\/\/afztekstil.com.tr\/de\/wp-json\/wp\/v2\/comments?post=1441"}],"version-history":[{"count":29,"href":"https:\/\/afztekstil.com.tr\/de\/wp-json\/wp\/v2\/pages\/1441\/revisions"}],"predecessor-version":[{"id":1763,"href":"https:\/\/afztekstil.com.tr\/de\/wp-json\/wp\/v2\/pages\/1441\/revisions\/1763"}],"wp:attachment":[{"href":"https:\/\/afztekstil.com.tr\/de\/wp-json\/wp\/v2\/media?parent=1441"}],"curies":[{"name":"wp","href":"https:\/\/api.w.org\/{rel}","templated":true}]}}