{"id":1417,"date":"2020-05-27T15:05:59","date_gmt":"2020-05-27T12:05:59","guid":{"rendered":"https:\/\/afztekstil.com.tr\/new2\/?page_id=1417"},"modified":"2020-06-08T14:20:49","modified_gmt":"2020-06-08T11:20:49","slug":"farbstoff","status":"publish","type":"page","link":"https:\/\/afztekstil.com.tr\/de\/farbstoff\/","title":{"rendered":"Farbstoff"},"content":{"rendered":"\t\t<div data-elementor-type=\"wp-page\" data-elementor-id=\"1417\" class=\"elementor elementor-1417\">\n\t\t\t\t\t\t<section class=\"elementor-section elementor-top-section elementor-element elementor-element-583374c elementor-section-boxed elementor-section-height-default elementor-section-height-default\" data-id=\"583374c\" data-element_type=\"section\">\n\t\t\t\t\t\t<div class=\"elementor-container elementor-column-gap-default\">\n\t\t\t\t\t<div class=\"elementor-column elementor-col-100 elementor-top-column elementor-element elementor-element-c1d2d7f\" data-id=\"c1d2d7f\" data-element_type=\"column\">\n\t\t\t<div class=\"elementor-widget-wrap elementor-element-populated\">\n\t\t\t\t\t\t<div class=\"elementor-element elementor-element-86c3245 elementor-widget elementor-widget-heading\" data-id=\"86c3245\" data-element_type=\"widget\" data-widget_type=\"heading.default\">\n\t\t\t\t<div class=\"elementor-widget-container\">\n\t\t\t<h2 class=\"elementor-heading-title elementor-size-default elementor-heading-title elementor-align-after-center\">Farbstoff<\/h2>\t\t<\/div>\n\t\t\t\t<\/div>\n\t\t\t\t<div class=\"elementor-element elementor-element-93c3561 elementor-widget elementor-widget-text-editor\" data-id=\"93c3561\" data-element_type=\"widget\" data-widget_type=\"text-editor.default\">\n\t\t\t\t<div class=\"elementor-widget-container\">\n\t\t\t\t\t\t\t<p>Impr\u00e4gnierung de pike, Heimtextilien Tuch Weben (von 100 cm bis 320 cm), Oberbekleidung (von 160 cm bis 240 cm)) ;<\/p><p>wir bewerben Outsource Malerei und Veredelung Operationen.<\/p><p>HT-Maschinen mit einer Kapazit\u00e4t von 5 kg bis 1600 kg verf\u00fcgen \u00fcber ein automatisches Dosiersystem und k\u00f6nnen 25 Tonnen pro Tag Lackieren.<\/p><p>Wir haben eine t\u00e4gliche Kapazit\u00e4t von 10 Tonnen offener Produktion von 100 cm bis 320 cm<\/p><p>Mercerize und stricken und Weben sanfor Operationen werden ebenfalls durchgef\u00fchrt.<\/p><p>Kohleb\u00fcrste, Wein, gewebter Wein und effektive veredelungsvorg\u00e4nge k\u00f6nnen durchgef\u00fchrt werden.<\/p>\t\t\t\t\t\t<\/div>\n\t\t\t\t<\/div>\n\t\t\t\t\t<\/div>\n\t\t<\/div>\n\t\t\t\t\t<\/div>\n\t\t<\/section>\n\t\t\t\t<section class=\"elementor-section elementor-top-section elementor-element elementor-element-2027360 elementor-section-boxed elementor-section-height-default elementor-section-height-default\" data-id=\"2027360\" data-element_type=\"section\">\n\t\t\t\t\t\t<div class=\"elementor-container elementor-column-gap-default\">\n\t\t\t\t\t<div class=\"elementor-column elementor-col-50 elementor-top-column elementor-element elementor-element-ee98bed\" data-id=\"ee98bed\" data-element_type=\"column\">\n\t\t\t<div class=\"elementor-widget-wrap elementor-element-populated\">\n\t\t\t\t\t\t<div class=\"elementor-element elementor-element-a035d2d elementor-invisible elementor-widget elementor-widget-heading\" data-id=\"a035d2d\" data-element_type=\"widget\" data-settings=\"{&quot;_animation&quot;:&quot;fadeIn&quot;}\" data-widget_type=\"heading.default\">\n\t\t\t\t<div class=\"elementor-widget-container\">\n\t\t\t<h3 class=\"elementor-heading-title elementor-size-default elementor-heading-title\">Unsere Seilf\u00e4rbemaschine<\/h3>\t\t<\/div>\n\t\t\t\t<\/div>\n\t\t\t\t<div class=\"elementor-element elementor-element-0110890 elementor-invisible elementor-widget elementor-widget-text-editor\" data-id=\"0110890\" data-element_type=\"widget\" data-settings=\"{&quot;_animation&quot;:&quot;fadeIn&quot;}\" data-widget_type=\"text-editor.default\">\n\t\t\t\t<div class=\"elementor-widget-container\">\n\t\t\t\t\t\t\t<ul><li>1 St\u00fcck 1600 Kg Malerei-Maschine<\/li><li>1 St\u00fcck 1000 Kg Lackiermaschine (2015 Modell)<\/li><li>2 800 Kg Lackiermaschine (2015 Modell)<\/li><li>2 600 Kg Lackiermaschine (2015 Modell)<\/li><li>2 St\u00fccke 400 Kg Malerei Maschine (2015 Modell)<\/li><li>1 St\u00fcck 300 Kg Lackiermaschine (2015 Modell)<\/li><li>2 St\u00fccke 200 Kg Malerei Maschine (2015 Modell)<\/li><li>2 110 Kg Lackiermaschine (2015 Modell)<\/li><li>2 St\u00fccke 50 Kg Malerei Maschine (2015 Modell)<\/li><li>2 St\u00fccke 25 Kg Malerei Maschine (2015 Modell)<\/li><li>1 St\u00fcck 10 Kg Malerei-Maschine<\/li><li>1 Einheit Zentrifugal Quetschen Maschine<\/li><li>2 St\u00fccke Ballon Anziehen Maschine<\/li><li>2 St\u00fccke Seil \u00d6ffnung Maschine Mit Schal<\/li><li>\u00a0<\/li><\/ul>\t\t\t\t\t\t<\/div>\n\t\t\t\t<\/div>\n\t\t\t\t\t<\/div>\n\t\t<\/div>\n\t\t\t\t<div class=\"elementor-column elementor-col-50 elementor-top-column elementor-element elementor-element-264141d\" data-id=\"264141d\" data-element_type=\"column\">\n\t\t\t<div class=\"elementor-widget-wrap elementor-element-populated\">\n\t\t\t\t\t\t<div class=\"elementor-element elementor-element-7bb159b elementor-invisible elementor-widget elementor-widget-heading\" data-id=\"7bb159b\" data-element_type=\"widget\" data-settings=\"{&quot;_animation&quot;:&quot;fadeInDown&quot;}\" data-widget_type=\"heading.default\">\n\t\t\t\t<div class=\"elementor-widget-container\">\n\t\t\t<h3 class=\"elementor-heading-title elementor-size-default elementor-heading-title\">Malerei Maschine Track<\/h3>\t\t<\/div>\n\t\t\t\t<\/div>\n\t\t\t\t<div class=\"elementor-element elementor-element-5661f05 elementor-invisible elementor-widget elementor-widget-text-editor\" data-id=\"5661f05\" data-element_type=\"widget\" data-settings=\"{&quot;_animation&quot;:&quot;fadeInUp&quot;}\" data-widget_type=\"text-editor.default\">\n\t\t\t\t<div class=\"elementor-widget-container\">\n\t\t\t\t\t\t\t<ul><li>1 St\u00fcck Brennende K\u00e4lte Kasar (320 cm En)<\/li><li>1 Pad Charge (340 cm bei)<\/li><li>1 Pad-Batch (220 cm Breite)<\/li><li>1 Kontini Kasar (340 cm En)<\/li><li>1 Waschmaschine<\/li><\/ul>\t\t\t\t\t\t<\/div>\n\t\t\t\t<\/div>\n\t\t\t\t\t<\/div>\n\t\t<\/div>\n\t\t\t\t\t<\/div>\n\t\t<\/section>\n\t\t\t\t<section class=\"elementor-section elementor-top-section elementor-element elementor-element-7ebb679 elementor-section-boxed elementor-section-height-default elementor-section-height-default\" data-id=\"7ebb679\" data-element_type=\"section\">\n\t\t\t\t\t\t<div class=\"elementor-container elementor-column-gap-default\">\n\t\t\t\t\t<div class=\"elementor-column elementor-col-50 elementor-top-column elementor-element elementor-element-0d61334\" data-id=\"0d61334\" data-element_type=\"column\">\n\t\t\t<div class=\"elementor-widget-wrap elementor-element-populated\">\n\t\t\t\t\t\t<div class=\"elementor-element elementor-element-7c8e346 elementor-widget elementor-widget-heading\" data-id=\"7c8e346\" data-element_type=\"widget\" data-widget_type=\"heading.default\">\n\t\t\t\t<div class=\"elementor-widget-container\">\n\t\t\t<h3 class=\"elementor-heading-title elementor-size-xxl elementor-heading-title elementor-size-xxl\">Breite \u00f6ffnen Trocknen Maschine Track<\/h3>\t\t<\/div>\n\t\t\t\t<\/div>\n\t\t\t\t<div class=\"elementor-element elementor-element-ec3a1ba elementor-widget elementor-widget-text-editor\" data-id=\"ec3a1ba\" data-element_type=\"widget\" data-widget_type=\"text-editor.default\">\n\t\t\t\t<div class=\"elementor-widget-container\">\n\t\t\t\t\t\t\t<ul><li>2 St\u00fcck Baraban<\/li><li>1 St\u00fcck Airbag Trocknen<\/li><li>1 St\u00fcck Biancalani Airo24 Keye Maschine<\/li><li>1 St\u00fcck Turbang-finish mit Schal<\/li><li>2 St\u00fcck T\u00fcpsanfor<\/li><li>1 St\u00fcck A\u00e7\u0131ken Sanfor<\/li><li>1 St\u00fcck Bruckner Ramous 240 cm<\/li><li>1 St\u00fcck Bruckner Ramous 320 cm<\/li><li>1 Egalize Trockner<\/li><li>1 St\u00fcck Welsoft Wein Maschine<\/li><li>1 Doppelte Trommel Wein Maschine<\/li><li>1 St\u00fcck Liza Maschine<\/li><li>\u00a0<\/li><\/ul>\t\t\t\t\t\t<\/div>\n\t\t\t\t<\/div>\n\t\t\t\t\t<\/div>\n\t\t<\/div>\n\t\t\t\t<div class=\"elementor-column elementor-col-50 elementor-top-column elementor-element elementor-element-43d6d66\" data-id=\"43d6d66\" data-element_type=\"column\">\n\t\t\t<div class=\"elementor-widget-wrap elementor-element-populated\">\n\t\t\t\t\t\t<div class=\"elementor-element elementor-element-84be9c2 elementor-widget elementor-widget-heading\" data-id=\"84be9c2\" data-element_type=\"widget\" data-widget_type=\"heading.default\">\n\t\t\t\t<div class=\"elementor-widget-container\">\n\t\t\t<h3 class=\"elementor-heading-title elementor-size-default elementor-heading-title\">Ham Depo Ve Kalite Kontrol<\/h3>\t\t<\/div>\n\t\t\t\t<\/div>\n\t\t\t\t<div class=\"elementor-element elementor-element-252dc69 elementor-widget elementor-widget-text-editor\" data-id=\"252dc69\" data-element_type=\"widget\" data-widget_type=\"text-editor.default\">\n\t\t\t\t<div class=\"elementor-widget-container\">\n\t\t\t\t\t\t\t<ul><li>3 Adet Mal A\u00e7ma ve Dok Sarma<\/li><li>1 Adet T\u00fcp \u00c7evirme Makinas\u0131<\/li><li>2 Adet Parti Haz\u0131rlama Makinas\u0131<\/li><li>2 Adet 4 ve 2 Kat Yard\u0131lama Makinas\u0131<\/li><li>2 Adet Kalender Makinas\u0131<\/li><li>3 Adet Rolik Sar\u0131m Makinas\u0131<\/li><\/ul>\t\t\t\t\t\t<\/div>\n\t\t\t\t<\/div>\n\t\t\t\t\t<\/div>\n\t\t<\/div>\n\t\t\t\t\t<\/div>\n\t\t<\/section>\n\t\t\t\t<\/div>\n\t\t","protected":false},"excerpt":{"rendered":"<p>Farbstoff Impr\u00e4gnierung de pike, Heimtextilien Tuch Weben (von 100 cm bis 320 cm), Oberbekleidung (von 160 cm bis&#8230;<\/p>\n","protected":false},"author":1,"featured_media":0,"parent":0,"menu_order":0,"comment_status":"closed","ping_status":"closed","template":"elementor_header_footer","meta":{"footnotes":""},"class_list":["post-1417","page","type-page","status-publish","hentry"],"_links":{"self":[{"href":"https:\/\/afztekstil.com.tr\/de\/wp-json\/wp\/v2\/pages\/1417"}],"collection":[{"href":"https:\/\/afztekstil.com.tr\/de\/wp-json\/wp\/v2\/pages"}],"about":[{"href":"https:\/\/afztekstil.com.tr\/de\/wp-json\/wp\/v2\/types\/page"}],"author":[{"embeddable":true,"href":"https:\/\/afztekstil.com.tr\/de\/wp-json\/wp\/v2\/users\/1"}],"replies":[{"embeddable":true,"href":"https:\/\/afztekstil.com.tr\/de\/wp-json\/wp\/v2\/comments?post=1417"}],"version-history":[{"count":10,"href":"https:\/\/afztekstil.com.tr\/de\/wp-json\/wp\/v2\/pages\/1417\/revisions"}],"predecessor-version":[{"id":1789,"href":"https:\/\/afztekstil.com.tr\/de\/wp-json\/wp\/v2\/pages\/1417\/revisions\/1789"}],"wp:attachment":[{"href":"https:\/\/afztekstil.com.tr\/de\/wp-json\/wp\/v2\/media?parent=1417"}],"curies":[{"name":"wp","href":"https:\/\/api.w.org\/{rel}","templated":true}]}}